{"id":1541,"date":"2024-01-19T12:50:18","date_gmt":"2024-01-19T12:50:18","guid":{"rendered":"http:\/\/traffic-angel.local\/product\/pedestrians-do-not-walk-close-sticker-295mm-x-210mm\/"},"modified":"2025-10-20T13:33:39","modified_gmt":"2025-10-20T13:33:39","slug":"gyalogosok-kozelsege-tilos-matrica-295-mm-x-210-mm","status":"publish","type":"product","link":"https:\/\/www.trafficangel.co.uk\/hu\/termek-2\/gyalogosok-kozelsege-tilos-matrica-295-mm-x-210-mm\/","title":{"rendered":"Gyalogosok nem j\u00e1rhatnak k\u00f6zel matrica 295 mm x 210 mm"},"content":{"rendered":"","protected":false},"excerpt":{"rendered":"<p>Gyalogosok nem j\u00e1rhatnak k\u00f6zel matrica 295 mm x 210 mm<\/p>","protected":false},"featured_media":694,"template":"","meta":{"_acf_changed":false},"product_cat":[90],"product_tag":[],"class_list":{"0":"post-1541","1":"product","2":"type-product","3":"status-publish","4":"has-post-thumbnail","6":"product_cat-stickers","8":"first","9":"instock","10":"taxable","11":"shipping-taxable","12":"purchasable","13":"product-type-simple"},"acf":[],"_links":{"self":[{"href":"https:\/\/www.trafficangel.co.uk\/hu\/wp-json\/wp\/v2\/product\/1541","targetHints":{"allow":["GET"]}}],"collection":[{"href":"https:\/\/www.trafficangel.co.uk\/hu\/wp-json\/wp\/v2\/product"}],"about":[{"href":"https:\/\/www.trafficangel.co.uk\/hu\/wp-json\/wp\/v2\/types\/product"}],"wp:featuredmedia":[{"embeddable":true,"href":"https:\/\/www.trafficangel.co.uk\/hu\/wp-json\/wp\/v2\/media\/694"}],"wp:attachment":[{"href":"https:\/\/www.trafficangel.co.uk\/hu\/wp-json\/wp\/v2\/media?parent=1541"}],"wp:term":[{"taxonomy":"product_cat","embeddable":true,"href":"https:\/\/www.trafficangel.co.uk\/hu\/wp-json\/wp\/v2\/product_cat?post=1541"},{"taxonomy":"product_tag","embeddable":true,"href":"https:\/\/www.trafficangel.co.uk\/hu\/wp-json\/wp\/v2\/product_tag?post=1541"}],"curies":[{"name":"wp","href":"https:\/\/api.w.org\/{rel}","templated":true}]}}