{"id":1536,"date":"2024-01-19T12:50:15","date_gmt":"2024-01-19T12:50:15","guid":{"rendered":"http:\/\/traffic-angel.local\/product\/cyclists-beware-of-passing-this-vehicle-sticker-295mm-x-210mm\/"},"modified":"2025-10-20T13:27:26","modified_gmt":"2025-10-20T13:27:26","slug":"kerekparosok-vigyazzanak-ne-elozzon-el-ennel-a-jarmunel-matrica-295-mm-x-210-mm","status":"publish","type":"product","link":"https:\/\/www.trafficangel.co.uk\/hu\/termek-2\/kerekparosok-vigyazzanak-ne-elozzon-el-ennel-a-jarmunel-matrica-295-mm-x-210-mm\/","title":{"rendered":"Ker\u00e9kp\u00e1rosok \u00f3vakodjanak att\u00f3l, hogy elhaladjanak a 295 mm x 210 mm-es j\u00e1rm\u0171matrica mellett"},"content":{"rendered":"","protected":false},"excerpt":{"rendered":"<p>Ker\u00e9kp\u00e1rosok \u00f3vakodjanak att\u00f3l, hogy elhaladjanak a 295 mm x 210 mm-es j\u00e1rm\u0171matrica mellett<\/p>","protected":false},"featured_media":696,"template":"","meta":{"_acf_changed":false},"product_cat":[90],"product_tag":[],"class_list":{"0":"post-1536","1":"product","2":"type-product","3":"status-publish","4":"has-post-thumbnail","6":"product_cat-stickers","8":"first","9":"instock","10":"taxable","11":"shipping-taxable","12":"purchasable","13":"product-type-simple"},"acf":[],"_links":{"self":[{"href":"https:\/\/www.trafficangel.co.uk\/hu\/wp-json\/wp\/v2\/product\/1536","targetHints":{"allow":["GET"]}}],"collection":[{"href":"https:\/\/www.trafficangel.co.uk\/hu\/wp-json\/wp\/v2\/product"}],"about":[{"href":"https:\/\/www.trafficangel.co.uk\/hu\/wp-json\/wp\/v2\/types\/product"}],"wp:featuredmedia":[{"embeddable":true,"href":"https:\/\/www.trafficangel.co.uk\/hu\/wp-json\/wp\/v2\/media\/696"}],"wp:attachment":[{"href":"https:\/\/www.trafficangel.co.uk\/hu\/wp-json\/wp\/v2\/media?parent=1536"}],"wp:term":[{"taxonomy":"product_cat","embeddable":true,"href":"https:\/\/www.trafficangel.co.uk\/hu\/wp-json\/wp\/v2\/product_cat?post=1536"},{"taxonomy":"product_tag","embeddable":true,"href":"https:\/\/www.trafficangel.co.uk\/hu\/wp-json\/wp\/v2\/product_tag?post=1536"}],"curies":[{"name":"wp","href":"https:\/\/api.w.org\/{rel}","templated":true}]}}