{"id":1498,"date":"2024-01-19T12:50:02","date_gmt":"2024-01-19T12:50:02","guid":{"rendered":"http:\/\/traffic-angel.local\/product\/mini-side-camera-offside-black-120\/"},"modified":"2025-12-15T11:08:23","modified_gmt":"2025-12-15T11:08:23","slug":"mini-oldalso-kamera-les-oldalra-fekete-120","status":"publish","type":"product","link":"https:\/\/www.trafficangel.co.uk\/hu\/termek-2\/mini-oldalso-kamera-les-oldalra-fekete-120\/","title":{"rendered":"Mini oldals\u00f3 kamera \u2013 Offside, fekete, 120\u00b0"},"content":{"rendered":"<p>Mini oldals\u00f3 kamera \u2013 Offside, fekete, 120\u00b0<\/p>\n<p>A TrafficAngel biztons\u00e1gi csomagjainak r\u00e9szek\u00e9nt a mi <a href=\"https:\/\/www.trafficangel.co.uk\/hu\/kisteherauto-kamerarendszerek\/\">kisteheraut\u00f3-kamerarendszerek<\/a>\u00a0\u00e1tfog\u00f3 l\u00e1that\u00f3s\u00e1got biztos\u00edtanak a j\u00e1rm\u0171vezet\u0151 tudatoss\u00e1g\u00e1nak \u00e9s a j\u00e1rm\u0171 biztons\u00e1g\u00e1nak t\u00e1mogat\u00e1sa \u00e9rdek\u00e9ben. \u00dagy tervezt\u00e9k \u0151ket, hogy megfeleljenek a\u00a0<a href=\"https:\/\/www.trafficangel.co.uk\/hu\/londoni-dvs\/\">K\u00f6zvetlen l\u00e1t\u00e1s szabv\u00e1ny<\/a>\u00a0(DVS) \u00e9s\u00a0<a href=\"https:\/\/www.trafficangel.co.uk\/hu\/progressziv-biztonsagos-rendszer-2024\/\">Progressz\u00edv biztons\u00e1gos rendszer<\/a>\u00a0(PSS), bele\u00e9rtve a Transport for London \u00e1ltal bevezetett 2024-es PSS-friss\u00edt\u00e9seket, biztos\u00edtva, hogy flott\u00e1ja naprak\u00e9sz legyen a jelenlegi \u00e9s a j\u00f6v\u0151beli ellen\u0151rz\u00e9si szakaszokban.<\/p>","protected":false},"excerpt":{"rendered":"<p>Mini oldals\u00f3 kamera \u2013 Offside, fekete, 120\u00b0<\/p>","protected":false},"featured_media":1194,"template":"","meta":{"_acf_changed":false},"product_cat":[37,42],"product_tag":[],"class_list":{"0":"post-1498","1":"product","2":"type-product","3":"status-publish","4":"has-post-thumbnail","6":"product_cat-cameras","7":"product_cat-side-cameras","9":"first","10":"instock","11":"taxable","12":"shipping-taxable","13":"purchasable","14":"product-type-simple"},"acf":[],"_links":{"self":[{"href":"https:\/\/www.trafficangel.co.uk\/hu\/wp-json\/wp\/v2\/product\/1498","targetHints":{"allow":["GET"]}}],"collection":[{"href":"https:\/\/www.trafficangel.co.uk\/hu\/wp-json\/wp\/v2\/product"}],"about":[{"href":"https:\/\/www.trafficangel.co.uk\/hu\/wp-json\/wp\/v2\/types\/product"}],"wp:featuredmedia":[{"embeddable":true,"href":"https:\/\/www.trafficangel.co.uk\/hu\/wp-json\/wp\/v2\/media\/1194"}],"wp:attachment":[{"href":"https:\/\/www.trafficangel.co.uk\/hu\/wp-json\/wp\/v2\/media?parent=1498"}],"wp:term":[{"taxonomy":"product_cat","embeddable":true,"href":"https:\/\/www.trafficangel.co.uk\/hu\/wp-json\/wp\/v2\/product_cat?post=1498"},{"taxonomy":"product_tag","embeddable":true,"href":"https:\/\/www.trafficangel.co.uk\/hu\/wp-json\/wp\/v2\/product_tag?post=1498"}],"curies":[{"name":"wp","href":"https:\/\/api.w.org\/{rel}","templated":true}]}}