{"id":1477,"date":"2024-01-19T12:49:55","date_gmt":"2024-01-19T12:49:55","guid":{"rendered":"http:\/\/traffic-angel.local\/product\/621mm-amber-led-lightbar-10-30v-fully-illuminated-r65-compliant\/"},"modified":"2025-10-29T10:06:47","modified_gmt":"2025-10-29T10:06:47","slug":"621-mm-es-borostyansarga-led-es-fenysav-teljesen-megvilagitva-r65","status":"publish","type":"product","link":"https:\/\/www.trafficangel.co.uk\/hu\/termek-2\/621-mm-es-borostyansarga-led-es-fenysav-teljesen-megvilagitva-r65\/","title":{"rendered":"621 mm-es borosty\u00e1ns\u00e1rga LED f\u00e9nysor \u2013 teljesen megvil\u00e1g\u00edtott, R65"},"content":{"rendered":"<p>621 mm-es borosty\u00e1ns\u00e1rga LED f\u00e9nysor \u2013 teljesen megvil\u00e1g\u00edtott, R65<\/p>","protected":false},"excerpt":{"rendered":"<p>621 mm-es borosty\u00e1ns\u00e1rga LED f\u00e9nysor \u2013 teljesen megvil\u00e1g\u00edtott, R65<\/p>","protected":false},"featured_media":1986,"template":"","meta":{"_acf_changed":false},"product_cat":[35,44],"product_tag":[],"class_list":{"0":"post-1477","1":"product","2":"type-product","3":"status-publish","4":"has-post-thumbnail","6":"product_cat-vehicle-lighting","7":"product_cat-light-bars","9":"first","10":"instock","11":"taxable","12":"shipping-taxable","13":"purchasable","14":"product-type-simple"},"acf":[],"_links":{"self":[{"href":"https:\/\/www.trafficangel.co.uk\/hu\/wp-json\/wp\/v2\/product\/1477","targetHints":{"allow":["GET"]}}],"collection":[{"href":"https:\/\/www.trafficangel.co.uk\/hu\/wp-json\/wp\/v2\/product"}],"about":[{"href":"https:\/\/www.trafficangel.co.uk\/hu\/wp-json\/wp\/v2\/types\/product"}],"wp:featuredmedia":[{"embeddable":true,"href":"https:\/\/www.trafficangel.co.uk\/hu\/wp-json\/wp\/v2\/media\/1986"}],"wp:attachment":[{"href":"https:\/\/www.trafficangel.co.uk\/hu\/wp-json\/wp\/v2\/media?parent=1477"}],"wp:term":[{"taxonomy":"product_cat","embeddable":true,"href":"https:\/\/www.trafficangel.co.uk\/hu\/wp-json\/wp\/v2\/product_cat?post=1477"},{"taxonomy":"product_tag","embeddable":true,"href":"https:\/\/www.trafficangel.co.uk\/hu\/wp-json\/wp\/v2\/product_tag?post=1477"}],"curies":[{"name":"wp","href":"https:\/\/api.w.org\/{rel}","templated":true}]}}