{"id":1462,"date":"2024-01-19T12:49:52","date_gmt":"2024-01-19T12:49:52","guid":{"rendered":"http:\/\/traffic-angel.local\/product\/hd-white-side-camera-720p-audio-12v-ir-150\/"},"modified":"2025-12-15T09:42:31","modified_gmt":"2025-12-15T09:42:31","slug":"hd-feher-oldalso-kamera-720p-hanggal-ir-150","status":"publish","type":"product","link":"https:\/\/www.trafficangel.co.uk\/hu\/termek-2\/hd-feher-oldalso-kamera-720p-hanggal-ir-150\/","title":{"rendered":"HD feh\u00e9r oldals\u00f3 kamera \u2013 720p, audio, IR, 150\u00b0"},"content":{"rendered":"<p>HD feh\u00e9r oldals\u00f3 kamera \u2013 720p, audio, IR, 150\u00b0<\/p>\n<p>A megb\u00edzhat\u00f3 TrafficAngel biztons\u00e1gi csomagok r\u00e9szek\u00e9nt, a mi <a href=\"https:\/\/www.trafficangel.co.uk\/hu\/kisteherauto-kamerarendszerek\/\">kisteheraut\u00f3-kamerarendszerek<\/a> \u00e1tfog\u00f3 l\u00e1that\u00f3s\u00e1got biztos\u00edtanak a j\u00e1rm\u0171vezet\u0151 tudatoss\u00e1g\u00e1nak \u00e9s a j\u00e1rm\u0171 biztons\u00e1g\u00e1nak t\u00e1mogat\u00e1sa \u00e9rdek\u00e9ben. \u00dagy tervezt\u00e9k \u0151ket, hogy megfeleljenek a <a href=\"https:\/\/www.trafficangel.co.uk\/hu\/londoni-dvs\/\">K\u00f6zvetlen l\u00e1t\u00e1s szabv\u00e1ny<\/a> (DVS) \u00e9s <a href=\"https:\/\/www.trafficangel.co.uk\/hu\/progressziv-biztonsagos-rendszer-2024\/\">Progressz\u00edv biztons\u00e1gos rendszer<\/a> (PSS), bele\u00e9rtve a Transport for London \u00e1ltal bevezetett 2024-es PSS-friss\u00edt\u00e9seket, biztos\u00edtva, hogy flott\u00e1ja naprak\u00e9sz legyen a jelenlegi \u00e9s a j\u00f6v\u0151beli ellen\u0151rz\u00e9si szakaszokban.<\/p>","protected":false},"excerpt":{"rendered":"<p>HD feh\u00e9r oldals\u00f3 kamera \u2013 720p, audio, IR, 150\u00b0<\/p>","protected":false},"featured_media":937,"template":"","meta":{"_acf_changed":false},"product_cat":[37,42],"product_tag":[],"class_list":{"0":"post-1462","1":"product","2":"type-product","3":"status-publish","4":"has-post-thumbnail","6":"product_cat-cameras","7":"product_cat-side-cameras","9":"first","10":"instock","11":"taxable","12":"shipping-taxable","13":"purchasable","14":"product-type-simple"},"acf":[],"_links":{"self":[{"href":"https:\/\/www.trafficangel.co.uk\/hu\/wp-json\/wp\/v2\/product\/1462","targetHints":{"allow":["GET"]}}],"collection":[{"href":"https:\/\/www.trafficangel.co.uk\/hu\/wp-json\/wp\/v2\/product"}],"about":[{"href":"https:\/\/www.trafficangel.co.uk\/hu\/wp-json\/wp\/v2\/types\/product"}],"wp:featuredmedia":[{"embeddable":true,"href":"https:\/\/www.trafficangel.co.uk\/hu\/wp-json\/wp\/v2\/media\/937"}],"wp:attachment":[{"href":"https:\/\/www.trafficangel.co.uk\/hu\/wp-json\/wp\/v2\/media?parent=1462"}],"wp:term":[{"taxonomy":"product_cat","embeddable":true,"href":"https:\/\/www.trafficangel.co.uk\/hu\/wp-json\/wp\/v2\/product_cat?post=1462"},{"taxonomy":"product_tag","embeddable":true,"href":"https:\/\/www.trafficangel.co.uk\/hu\/wp-json\/wp\/v2\/product_tag?post=1462"}],"curies":[{"name":"wp","href":"https:\/\/api.w.org\/{rel}","templated":true}]}}