{"id":1441,"date":"2024-01-19T12:49:45","date_gmt":"2024-01-19T12:49:45","guid":{"rendered":"http:\/\/traffic-angel.local\/product\/forward-facing-recording-camera\/"},"modified":"2025-10-20T09:31:14","modified_gmt":"2025-10-20T09:31:14","slug":"1-csatornas-elore-nezo-autos-kamera-felvevorendszer","status":"publish","type":"product","link":"https:\/\/www.trafficangel.co.uk\/hu\/termek-2\/1-csatornas-elore-nezo-autos-kamera-felvevorendszer\/","title":{"rendered":"1 csatorn\u00e1s el\u0151re n\u00e9z\u0151 Dashcam r\u00f6gz\u00edt\u00e9si rendszer"},"content":{"rendered":"<p>Az 1 csatorn\u00e1s, el\u0151re n\u00e9z\u0151 aut\u00f3s kamera r\u00f6gz\u00edt\u0151rendszer (cikksz\u00e1m: FFDVR1) egy robusztus, k\u00f6nnyen telep\u00edthet\u0151 megold\u00e1s, amelyet a kereskedelmi flott\u00e1k ig\u00e9nyes ig\u00e9nyeinek kiel\u00e9g\u00edt\u00e9s\u00e9re terveztek. Sz\u00e9les, 170\u00b0-os l\u00e1t\u00f3mez\u0151j\u00e9vel \u00e9s az 1080p \u00e9s 720p felv\u00e9tel t\u00e1mogat\u00e1s\u00e1val nagy tisztas\u00e1ggal r\u00f6gz\u00edti a kritikus k\u00f6z\u00fati esem\u00e9nyeket. A be\u00e9p\u00edtett GPS biztos\u00edtja a pontos id\u0151- \u00e9s helymeghat\u00e1roz\u00e1st, m\u00edg a mozg\u00e1s\u00e9rz\u00e9kel\u00e9s \u00e9s a hurokfelv\u00e9tel hat\u00e9konyan seg\u00edti a t\u00e1rol\u00e1s kezel\u00e9s\u00e9t.<\/p>\n<p>The system supports up to 256\u202fGB SD cards (PAL\/NTSC compliant) and includes secure SD-card housing to safeguard against tampering. Ideal for enhancing vehicle accountability and driver safety. Ideal for <a href=\"https:\/\/www.trafficangel.co.uk\/hu\/fleet-dashcams\/\">flott\u00e1k<\/a>, kisv\u00e1llalkoz\u00e1sok vagy egyszeri v\u00e1s\u00e1rl\u00e1sok.<\/p>","protected":false},"excerpt":{"rendered":"<p>1 csatorn\u00e1s el\u0151re n\u00e9z\u0151 Dashcam r\u00f6gz\u00edt\u00e9si rendszer<\/p>","protected":false},"featured_media":621,"template":"","meta":{"_acf_changed":false},"product_cat":[19,39],"product_tag":[],"class_list":{"0":"post-1441","1":"product","2":"type-product","3":"status-publish","4":"has-post-thumbnail","6":"product_cat-video-recording-systems","7":"product_cat-dash-cameras","9":"first","10":"instock","11":"taxable","12":"shipping-taxable","13":"purchasable","14":"product-type-simple"},"acf":[],"_links":{"self":[{"href":"https:\/\/www.trafficangel.co.uk\/hu\/wp-json\/wp\/v2\/product\/1441","targetHints":{"allow":["GET"]}}],"collection":[{"href":"https:\/\/www.trafficangel.co.uk\/hu\/wp-json\/wp\/v2\/product"}],"about":[{"href":"https:\/\/www.trafficangel.co.uk\/hu\/wp-json\/wp\/v2\/types\/product"}],"wp:featuredmedia":[{"embeddable":true,"href":"https:\/\/www.trafficangel.co.uk\/hu\/wp-json\/wp\/v2\/media\/621"}],"wp:attachment":[{"href":"https:\/\/www.trafficangel.co.uk\/hu\/wp-json\/wp\/v2\/media?parent=1441"}],"wp:term":[{"taxonomy":"product_cat","embeddable":true,"href":"https:\/\/www.trafficangel.co.uk\/hu\/wp-json\/wp\/v2\/product_cat?post=1441"},{"taxonomy":"product_tag","embeddable":true,"href":"https:\/\/www.trafficangel.co.uk\/hu\/wp-json\/wp\/v2\/product_tag?post=1441"}],"curies":[{"name":"wp","href":"https:\/\/api.w.org\/{rel}","templated":true}]}}