{"id":1420,"date":"2024-01-19T12:49:35","date_gmt":"2024-01-19T12:49:35","guid":{"rendered":"http:\/\/traffic-angel.local\/product\/5m-superseal-cable-for-citysafe-alarms\/"},"modified":"2025-10-20T09:13:42","modified_gmt":"2025-10-20T09:13:42","slug":"6-m-es-superseal-kabel-citysafe-riasztokhoz","status":"publish","type":"product","link":"https:\/\/www.trafficangel.co.uk\/hu\/termek-2\/6-m-es-superseal-kabel-citysafe-riasztokhoz\/","title":{"rendered":"6 m-es Superseal k\u00e1bel CitySafe riaszt\u00f3khoz"},"content":{"rendered":"<p>A CitySafe riaszt\u00f3khoz val\u00f3 6 m\u00e9teres Superseal k\u00e1bel biztons\u00e1gos, id\u0151j\u00e1r\u00e1s\u00e1ll\u00f3 kapcsolatot biztos\u00edt a riaszt\u00f3egys\u00e9gek \u00e9s a j\u00e1rm\u0171 elektromos rendszere k\u00f6z\u00f6tt. 6 m\u00e9teres hossz\u00e1val rugalmass\u00e1got k\u00edn\u00e1l a j\u00e1rm\u0171t\u00edpusok sz\u00e9les sk\u00e1l\u00e1j\u00e1hoz, biztos\u00edtva a CitySafe riaszt\u00f3rendszerek megb\u00edzhat\u00f3 m\u0171k\u00f6d\u00e9s\u00e9t. A Superseal csatlakoz\u00f3k szil\u00e1rd, v\u00edz\u00e1ll\u00f3 illeszked\u00e9st biztos\u00edtanak a hossz\u00fa t\u00e1v\u00fa, probl\u00e9mamentes teljes\u00edtm\u00e9ny \u00e9rdek\u00e9ben ig\u00e9nyes flottak\u00f6r\u00fclm\u00e9nyek k\u00f6z\u00f6tt.<\/p>","protected":false},"excerpt":{"rendered":"<p>A CitySafe riaszt\u00f3khoz val\u00f3 6 m\u00e9teres Superseal k\u00e1bel biztons\u00e1gos, id\u0151j\u00e1r\u00e1s\u00e1ll\u00f3 kapcsolatot biztos\u00edt a riaszt\u00f3egys\u00e9gek \u00e9s a j\u00e1rm\u0171 elektromos rendszere k\u00f6z\u00f6tt.<\/p>","protected":false},"featured_media":571,"template":"","meta":{"_acf_changed":false},"product_cat":[26,28,33],"product_tag":[],"class_list":{"0":"post-1420","1":"product","2":"type-product","3":"status-publish","4":"has-post-thumbnail","6":"product_cat-cables-accessories","7":"product_cat-miscellaneous","8":"product_cat-alarms","10":"first","11":"instock","12":"taxable","13":"shipping-taxable","14":"purchasable","15":"product-type-simple"},"acf":[],"_links":{"self":[{"href":"https:\/\/www.trafficangel.co.uk\/hu\/wp-json\/wp\/v2\/product\/1420","targetHints":{"allow":["GET"]}}],"collection":[{"href":"https:\/\/www.trafficangel.co.uk\/hu\/wp-json\/wp\/v2\/product"}],"about":[{"href":"https:\/\/www.trafficangel.co.uk\/hu\/wp-json\/wp\/v2\/types\/product"}],"wp:featuredmedia":[{"embeddable":true,"href":"https:\/\/www.trafficangel.co.uk\/hu\/wp-json\/wp\/v2\/media\/571"}],"wp:attachment":[{"href":"https:\/\/www.trafficangel.co.uk\/hu\/wp-json\/wp\/v2\/media?parent=1420"}],"wp:term":[{"taxonomy":"product_cat","embeddable":true,"href":"https:\/\/www.trafficangel.co.uk\/hu\/wp-json\/wp\/v2\/product_cat?post=1420"},{"taxonomy":"product_tag","embeddable":true,"href":"https:\/\/www.trafficangel.co.uk\/hu\/wp-json\/wp\/v2\/product_tag?post=1420"}],"curies":[{"name":"wp","href":"https:\/\/api.w.org\/{rel}","templated":true}]}}