{"id":1406,"date":"2024-01-19T12:49:32","date_gmt":"2024-01-19T12:49:32","guid":{"rendered":"http:\/\/traffic-angel.local\/product\/20m-camera-cable-4-pin-male-rca-male-dc-female\/"},"modified":"2025-10-20T08:56:58","modified_gmt":"2025-10-20T08:56:58","slug":"20-m-es-kamerakabel-4-tus-rca-apa-dc-anya","status":"publish","type":"product","link":"https:\/\/www.trafficangel.co.uk\/hu\/termek-2\/20-m-es-kamerakabel-4-tus-rca-apa-dc-anya\/","title":{"rendered":"20 m-es kamerak\u00e1bel (4 t\u0171s apa \u2013 RCA dug\u00f3 \u00e9s DC anya)"},"content":{"rendered":"<p>A 20 m\u00e9teres kamerak\u00e1bel (4 t\u0171s apa \u2013 RCA apa \u00e9s DC anya) nagy t\u00e1vols\u00e1g\u00fa csatlakoz\u00e1sokhoz k\u00e9sz\u00fclt j\u00e1rm\u0171kamer\u00e1k \u00e9s monitorok vagy DVR-ek k\u00f6z\u00f6tt. Meghosszabb\u00edtott 20 m\u00e9teres hossz\u00e1val ide\u00e1lis nagyobb j\u00e1rm\u0171vekhez, p\u00f3tkocsikhoz vagy \u00f6sszetett telep\u00edt\u00e9sekhez, ahol elengedhetetlen a nagyobb hat\u00f3t\u00e1vols\u00e1g. A kiv\u00e1l\u00f3 min\u0151s\u00e9g\u0171 csatlakoz\u00f3k stabil video- \u00e9s \u00e1ram\u00e1tvitelt biztos\u00edtanak, tiszta k\u00e9peket \u00e9s konzisztens teljes\u00edtm\u00e9nyt ny\u00fajtva. A tart\u00f3ss\u00e1gra tervezett k\u00e1bel t\u00f6k\u00e9letes a flotta\u00fczemeltet\u0151k sz\u00e1m\u00e1ra, akiknek megb\u00edzhat\u00f3 kameracsatlakoz\u00e1sra van sz\u00fcks\u00e9g\u00fck ig\u00e9nyes sz\u00e1ll\u00edt\u00e1si \u00e9s logisztikai k\u00f6rnyezetben.<\/p>","protected":false},"excerpt":{"rendered":"<p>20 m-es kamerak\u00e1bel (4 t\u0171s apa \u2013 RCA dug\u00f3 \u00e9s DC anya)<\/p>","protected":false},"featured_media":2353,"template":"","meta":{"_acf_changed":false},"product_cat":[26,27],"product_tag":[],"class_list":{"0":"post-1406","1":"product","2":"type-product","3":"status-publish","4":"has-post-thumbnail","6":"product_cat-cables-accessories","7":"product_cat-camera-trailer-cables","9":"first","10":"instock","11":"taxable","12":"shipping-taxable","13":"purchasable","14":"product-type-simple"},"acf":[],"_links":{"self":[{"href":"https:\/\/www.trafficangel.co.uk\/hu\/wp-json\/wp\/v2\/product\/1406","targetHints":{"allow":["GET"]}}],"collection":[{"href":"https:\/\/www.trafficangel.co.uk\/hu\/wp-json\/wp\/v2\/product"}],"about":[{"href":"https:\/\/www.trafficangel.co.uk\/hu\/wp-json\/wp\/v2\/types\/product"}],"wp:featuredmedia":[{"embeddable":true,"href":"https:\/\/www.trafficangel.co.uk\/hu\/wp-json\/wp\/v2\/media\/2353"}],"wp:attachment":[{"href":"https:\/\/www.trafficangel.co.uk\/hu\/wp-json\/wp\/v2\/media?parent=1406"}],"wp:term":[{"taxonomy":"product_cat","embeddable":true,"href":"https:\/\/www.trafficangel.co.uk\/hu\/wp-json\/wp\/v2\/product_cat?post=1406"},{"taxonomy":"product_tag","embeddable":true,"href":"https:\/\/www.trafficangel.co.uk\/hu\/wp-json\/wp\/v2\/product_tag?post=1406"}],"curies":[{"name":"wp","href":"https:\/\/api.w.org\/{rel}","templated":true}]}}