{"id":1401,"date":"2024-01-19T12:49:32","date_gmt":"2024-01-19T12:49:32","guid":{"rendered":"http:\/\/traffic-angel.local\/product\/15m-trailer-extension-cable-4-pin-male-4-pin-female\/"},"modified":"2025-10-20T08:52:18","modified_gmt":"2025-10-20T08:52:18","slug":"15-m-es-potkocsi-hosszabbito-kabel-4-tus-apa-4-tus-anya","status":"publish","type":"product","link":"https:\/\/www.trafficangel.co.uk\/hu\/termek-2\/15-m-es-potkocsi-hosszabbito-kabel-4-tus-apa-4-tus-anya\/","title":{"rendered":"15 m\u00e9teres ut\u00e1nfut\u00f3 \/ hosszabb\u00edt\u00f3 k\u00e1bel (4 t\u0171s apa \u2013 4 t\u0171s anya)"},"content":{"rendered":"<p>Az Traffic Angel 15 m\u00e9teres p\u00f3tkocsi hosszabb\u00edt\u00f3 k\u00e1bele n\u00e9lk\u00fcl\u00f6zhetetlen eleme azoknak a flott\u00e1knak, amelyeknek megb\u00edzhat\u00f3, nagy t\u00e1vols\u00e1g\u00fa kapcsolatra van sz\u00fcks\u00e9g\u00fck a p\u00f3tkocsira szerelt... <a href=\"https:\/\/www.trafficangel.co.uk\/hu\/kamerak\/\">kamer\u00e1k<\/a> \u00e9s f\u00fclk\u00e9ben l\u00e9v\u0151 rendszerek. Nagy ig\u00e9nybev\u00e9telre tervezett, teljesen \u00e1rny\u00e9kolt vezet\u00e9kekkel rendelkezik a jelinterferencia cs\u00f6kkent\u00e9se \u00e9s a tiszta video- \u00e9s adat\u00e1tvitel fenntart\u00e1sa \u00e9rdek\u00e9ben. Tart\u00f3s, 4 t\u0171s rep\u00fcl\u0151g\u00e9pipari csatlakoz\u00f3kkal felszerelve, biztons\u00e1gos illeszked\u00e9st \u00e9s stabil teljes\u00edtm\u00e9nyt biztos\u00edt minden kereskedelmi alkalmaz\u00e1sban. T\u00f6k\u00e9letes nagyobb j\u00e1rm\u0171vekhez \u00e9s csukl\u00f3s teheraut\u00f3khoz.<\/p>","protected":false},"excerpt":{"rendered":"<p>15 m\u00e9teres ut\u00e1nfut\u00f3 \/ hosszabb\u00edt\u00f3 k\u00e1bel (4 t\u0171s apa \u2013 4 t\u0171s anya)<\/p>","protected":false},"featured_media":2350,"template":"","meta":{"_acf_changed":false},"product_cat":[26,27],"product_tag":[],"class_list":{"0":"post-1401","1":"product","2":"type-product","3":"status-publish","4":"has-post-thumbnail","6":"product_cat-cables-accessories","7":"product_cat-camera-trailer-cables","9":"first","10":"instock","11":"taxable","12":"shipping-taxable","13":"purchasable","14":"product-type-simple"},"acf":[],"_links":{"self":[{"href":"https:\/\/www.trafficangel.co.uk\/hu\/wp-json\/wp\/v2\/product\/1401","targetHints":{"allow":["GET"]}}],"collection":[{"href":"https:\/\/www.trafficangel.co.uk\/hu\/wp-json\/wp\/v2\/product"}],"about":[{"href":"https:\/\/www.trafficangel.co.uk\/hu\/wp-json\/wp\/v2\/types\/product"}],"wp:featuredmedia":[{"embeddable":true,"href":"https:\/\/www.trafficangel.co.uk\/hu\/wp-json\/wp\/v2\/media\/2350"}],"wp:attachment":[{"href":"https:\/\/www.trafficangel.co.uk\/hu\/wp-json\/wp\/v2\/media?parent=1401"}],"wp:term":[{"taxonomy":"product_cat","embeddable":true,"href":"https:\/\/www.trafficangel.co.uk\/hu\/wp-json\/wp\/v2\/product_cat?post=1401"},{"taxonomy":"product_tag","embeddable":true,"href":"https:\/\/www.trafficangel.co.uk\/hu\/wp-json\/wp\/v2\/product_tag?post=1401"}],"curies":[{"name":"wp","href":"https:\/\/api.w.org\/{rel}","templated":true}]}}