{"id":1399,"date":"2024-01-19T12:49:29","date_gmt":"2024-01-19T12:49:29","guid":{"rendered":"http:\/\/traffic-angel.local\/product\/10m-trailer-extension-cable-4-pin-male-4-pin-female\/"},"modified":"2025-10-20T08:51:08","modified_gmt":"2025-10-20T08:51:08","slug":"10-m-es-potkocsi-hosszabbito-kabel-4-tus-apa-4-tus-anya","status":"publish","type":"product","link":"https:\/\/www.trafficangel.co.uk\/hu\/termek-2\/10-m-es-potkocsi-hosszabbito-kabel-4-tus-apa-4-tus-anya\/","title":{"rendered":"10 m\u00e9teres ut\u00e1nfut\u00f3 \/ hosszabb\u00edt\u00f3 k\u00e1bel (4 t\u0171s apa \u2013 4 t\u0171s anya)"},"content":{"rendered":"","protected":false},"excerpt":{"rendered":"<p>10 m\u00e9teres ut\u00e1nfut\u00f3 \/ hosszabb\u00edt\u00f3 k\u00e1bel (4 t\u0171s apa \u2013 4 t\u0171s anya)<\/p>","protected":false},"featured_media":2348,"template":"","meta":{"_acf_changed":false},"product_cat":[26,27],"product_tag":[],"class_list":{"0":"post-1399","1":"product","2":"type-product","3":"status-publish","4":"has-post-thumbnail","6":"product_cat-cables-accessories","7":"product_cat-camera-trailer-cables","9":"first","10":"instock","11":"taxable","12":"shipping-taxable","13":"purchasable","14":"product-type-simple"},"acf":[],"_links":{"self":[{"href":"https:\/\/www.trafficangel.co.uk\/hu\/wp-json\/wp\/v2\/product\/1399","targetHints":{"allow":["GET"]}}],"collection":[{"href":"https:\/\/www.trafficangel.co.uk\/hu\/wp-json\/wp\/v2\/product"}],"about":[{"href":"https:\/\/www.trafficangel.co.uk\/hu\/wp-json\/wp\/v2\/types\/product"}],"wp:featuredmedia":[{"embeddable":true,"href":"https:\/\/www.trafficangel.co.uk\/hu\/wp-json\/wp\/v2\/media\/2348"}],"wp:attachment":[{"href":"https:\/\/www.trafficangel.co.uk\/hu\/wp-json\/wp\/v2\/media?parent=1399"}],"wp:term":[{"taxonomy":"product_cat","embeddable":true,"href":"https:\/\/www.trafficangel.co.uk\/hu\/wp-json\/wp\/v2\/product_cat?post=1399"},{"taxonomy":"product_tag","embeddable":true,"href":"https:\/\/www.trafficangel.co.uk\/hu\/wp-json\/wp\/v2\/product_tag?post=1399"}],"curies":[{"name":"wp","href":"https:\/\/api.w.org\/{rel}","templated":true}]}}