{"id":1396,"date":"2024-01-19T12:49:29","date_gmt":"2024-01-19T12:49:29","guid":{"rendered":"http:\/\/traffic-angel.local\/product\/can-bus-connection-interface-for-dvs-systems\/"},"modified":"2025-10-20T08:49:30","modified_gmt":"2025-10-20T08:49:30","slug":"can-busz-csatlakozo-interfesz-dvs-pss-rendszerekhez","status":"publish","type":"product","link":"https:\/\/www.trafficangel.co.uk\/hu\/termek-2\/can-busz-csatlakozo-interfesz-dvs-pss-rendszerekhez\/","title":{"rendered":"CAN busz csatlakoz\u00e1si fel\u00fclet DVS \/ PSS rendszerekhez"},"content":{"rendered":"<p>A DVS \/ PSS rendszerekhez k\u00e9sz\u00fclt CAN busz csatlakoz\u00f3fel\u00fclet lehet\u0151v\u00e9 teszi a j\u00e1rm\u0171 biztons\u00e1gi berendez\u00e9seinek z\u00f6kken\u0151mentes integr\u00e1ci\u00f3j\u00e1t a j\u00e1rm\u0171 elektronikus rendszereivel. \u00dagy tervezt\u00e9k, hogy m\u0171k\u00f6dj\u00f6n a k\u00f6vetkez\u0151kkel: <a href=\"https:\/\/www.trafficangel.co.uk\/hu\/progressziv-biztonsagos-rendszer-2024\/\" target=\"_blank\" rel=\"noopener\">Progressz\u00edv biztons\u00e1gos rendszer (PSS) telep\u00edt\u00e9sek<\/a>, biztons\u00e1gos kapcsolatot biztos\u00edt a CAN-buszhoz, lehet\u0151v\u00e9 t\u00e9ve a biztons\u00e1gi funkci\u00f3k, p\u00e9ld\u00e1ul a holtt\u00e9r-\u00e9szlel\u00e9s, a kanyarod\u00e1sriaszt\u00e1sok \u00e9s a kamerarendszerek pontos aktiv\u00e1l\u00e1s\u00e1t. K\u00f6nnyen telep\u00edthet\u0151 \u00e9s a modern haszong\u00e9pj\u00e1rm\u0171vekkel teljes m\u00e9rt\u00e9kben kompatibilis, ez az interf\u00e9sz biztos\u00edtja, hogy a biztons\u00e1gi rendszerek pontosan akkor m\u0171k\u00f6djenek, amikor sz\u00fcks\u00e9g van r\u00e1juk, seg\u00edtve a flott\u00e1kat a szab\u00e1lyok betart\u00e1s\u00e1ban \u00e9s a vesz\u00e9lyeztetett \u00fathaszn\u00e1l\u00f3k v\u00e9delm\u00e9ben.<\/p>","protected":false},"excerpt":{"rendered":"<p>A DVS \/ PSS rendszerekhez k\u00e9sz\u00fclt CAN busz csatlakoz\u00f3fel\u00fclet lehet\u0151v\u00e9 teszi a j\u00e1rm\u0171 biztons\u00e1gi berendez\u00e9seinek z\u00f6kken\u0151mentes integr\u00e1ci\u00f3j\u00e1t a j\u00e1rm\u0171 elektronikus rendszereivel.<\/p>","protected":false},"featured_media":420,"template":"","meta":{"_acf_changed":false},"product_cat":[26,902],"product_tag":[],"class_list":{"0":"post-1396","1":"product","2":"type-product","3":"status-publish","4":"has-post-thumbnail","6":"product_cat-cables-accessories","7":"product_cat-wiring-kits","9":"first","10":"instock","11":"taxable","12":"shipping-taxable","13":"purchasable","14":"product-type-simple"},"acf":[],"_links":{"self":[{"href":"https:\/\/www.trafficangel.co.uk\/hu\/wp-json\/wp\/v2\/product\/1396","targetHints":{"allow":["GET"]}}],"collection":[{"href":"https:\/\/www.trafficangel.co.uk\/hu\/wp-json\/wp\/v2\/product"}],"about":[{"href":"https:\/\/www.trafficangel.co.uk\/hu\/wp-json\/wp\/v2\/types\/product"}],"wp:featuredmedia":[{"embeddable":true,"href":"https:\/\/www.trafficangel.co.uk\/hu\/wp-json\/wp\/v2\/media\/420"}],"wp:attachment":[{"href":"https:\/\/www.trafficangel.co.uk\/hu\/wp-json\/wp\/v2\/media?parent=1396"}],"wp:term":[{"taxonomy":"product_cat","embeddable":true,"href":"https:\/\/www.trafficangel.co.uk\/hu\/wp-json\/wp\/v2\/product_cat?post=1396"},{"taxonomy":"product_tag","embeddable":true,"href":"https:\/\/www.trafficangel.co.uk\/hu\/wp-json\/wp\/v2\/product_tag?post=1396"}],"curies":[{"name":"wp","href":"https:\/\/api.w.org\/{rel}","templated":true}]}}