{"id":1395,"date":"2024-01-19T12:49:29","date_gmt":"2024-01-19T12:49:29","guid":{"rendered":"http:\/\/traffic-angel.local\/product\/double-ball-joint-monitor-bracket\/"},"modified":"2025-10-20T08:48:53","modified_gmt":"2025-10-20T08:48:53","slug":"dupla-gombcsuklos-monitortarto","status":"publish","type":"product","link":"https:\/\/www.trafficangel.co.uk\/hu\/termek-2\/dupla-gombcsuklos-monitortarto\/","title":{"rendered":"Dupla g\u00f6mbcsukl\u00f3s monitortart\u00f3"},"content":{"rendered":"<p>A dupla g\u00f6mbcsukl\u00f3s monitortart\u00f3 rugalmas \u00e9s biztons\u00e1gos r\u00f6gz\u00edt\u00e9st k\u00edn\u00e1l a vezet\u0151f\u00fclk\u00e9ben. <a href=\"https:\/\/www.trafficangel.co.uk\/hu\/monitorok\/\" target=\"_blank\" rel=\"noopener\">monitorok<\/a> J\u00e1rm\u0171biztons\u00e1gi rendszerekben haszn\u00e1lj\u00e1k. Kett\u0151s g\u00f6mbcsukl\u00f3s kialak\u00edt\u00e1sa prec\u00edz be\u00e1ll\u00edt\u00e1st tesz lehet\u0151v\u00e9, seg\u00edtve a vezet\u0151ket a k\u00e9perny\u0151k legjobb l\u00e1t\u00f3sz\u00f6gbe helyez\u00e9s\u00e9ben an\u00e9lk\u00fcl, hogy akad\u00e1lyozn\u00e1k a kil\u00e1t\u00e1st. Er\u0151s, tart\u00f3s anyagokb\u00f3l k\u00e9sz\u00fclt, \u00edgy a monitorok stabilak maradnak a mindennapi flottahaszn\u00e1lat \u00e9s a zord vezet\u00e9si k\u00f6r\u00fclm\u00e9nyek k\u00f6z\u00f6tt is.<\/p>","protected":false},"excerpt":{"rendered":"<p>A dupla g\u00f6mbcsukl\u00f3s monitortart\u00f3 rugalmas \u00e9s biztons\u00e1gos r\u00f6gz\u00edt\u00e9st k\u00edn\u00e1l a vezet\u0151f\u00fclk\u00e9ben. <a href=\"https:\/\/www.trafficangel.co.uk\/hu\/monitorok\/\" target=\"_blank\" rel=\"noopener\">monitorok<\/a> j\u00e1rm\u0171vek biztons\u00e1gi rendszereiben haszn\u00e1lj\u00e1k.<\/p>","protected":false},"featured_media":405,"template":"","meta":{"_acf_changed":false},"product_cat":[73],"product_tag":[],"class_list":{"0":"post-1395","1":"product","2":"type-product","3":"status-publish","4":"has-post-thumbnail","6":"product_cat-brackets-looms","8":"first","9":"instock","10":"taxable","11":"shipping-taxable","12":"purchasable","13":"product-type-simple"},"acf":[],"_links":{"self":[{"href":"https:\/\/www.trafficangel.co.uk\/hu\/wp-json\/wp\/v2\/product\/1395","targetHints":{"allow":["GET"]}}],"collection":[{"href":"https:\/\/www.trafficangel.co.uk\/hu\/wp-json\/wp\/v2\/product"}],"about":[{"href":"https:\/\/www.trafficangel.co.uk\/hu\/wp-json\/wp\/v2\/types\/product"}],"wp:featuredmedia":[{"embeddable":true,"href":"https:\/\/www.trafficangel.co.uk\/hu\/wp-json\/wp\/v2\/media\/405"}],"wp:attachment":[{"href":"https:\/\/www.trafficangel.co.uk\/hu\/wp-json\/wp\/v2\/media?parent=1395"}],"wp:term":[{"taxonomy":"product_cat","embeddable":true,"href":"https:\/\/www.trafficangel.co.uk\/hu\/wp-json\/wp\/v2\/product_cat?post=1395"},{"taxonomy":"product_tag","embeddable":true,"href":"https:\/\/www.trafficangel.co.uk\/hu\/wp-json\/wp\/v2\/product_tag?post=1395"}],"curies":[{"name":"wp","href":"https:\/\/api.w.org\/{rel}","templated":true}]}}