{"id":1386,"date":"2024-01-19T12:49:26","date_gmt":"2024-01-19T12:49:26","guid":{"rendered":"http:\/\/traffic-angel.local\/product\/64gb-microsd-card-with-adapter\/"},"modified":"2025-10-20T08:40:23","modified_gmt":"2025-10-20T08:40:23","slug":"64-gb-os-microsd-kartya-adapterrel","status":"publish","type":"product","link":"https:\/\/www.trafficangel.co.uk\/hu\/termek-2\/64-gb-os-microsd-kartya-adapterrel\/","title":{"rendered":"64 GB-os microSD k\u00e1rtya adapterrel"},"content":{"rendered":"<p>A 64 GB-os microSD-k\u00e1rtya adapterrel megb\u00edzhat\u00f3 t\u00e1rol\u00e1st biztos\u00edt j\u00e1rm\u0171kamera-rendszerek \u00e9s DVR-ek sz\u00e1m\u00e1ra. A kiv\u00e1l\u00f3 min\u0151s\u00e9g\u0171 videofelv\u00e9telek k\u00e9sz\u00edt\u00e9s\u00e9hez elegend\u0151 kapacit\u00e1ssal rendelkezik, \u00edgy a felv\u00e9telek biztons\u00e1gosan t\u00e1rolhat\u00f3k \u00e9s sz\u00fcks\u00e9g eset\u00e9n k\u00f6nnyen hozz\u00e1f\u00e9rhet\u0151k. A mell\u00e9kelt adapter rugalmas haszn\u00e1latot tesz lehet\u0151v\u00e9 k\u00fcl\u00f6nb\u00f6z\u0151 eszk\u00f6z\u00f6k\u00f6n, \u00edgy praktikus t\u00e1rol\u00e1si megold\u00e1st k\u00edn\u00e1l a flotta\u00fczemeltet\u0151k sz\u00e1m\u00e1ra.<\/p>","protected":false},"excerpt":{"rendered":"<p>A 64 GB-os microSD k\u00e1rtya adapterrel megb\u00edzhat\u00f3 t\u00e1rhelyet biztos\u00edt j\u00e1rm\u0171kamera-rendszerek \u00e9s DVR-ek sz\u00e1m\u00e1ra.<\/p>","protected":false},"featured_media":2202,"template":"","meta":{"_acf_changed":false},"product_cat":[19,83],"product_tag":[],"class_list":{"0":"post-1386","1":"product","2":"type-product","3":"status-publish","4":"has-post-thumbnail","6":"product_cat-video-recording-systems","7":"product_cat-accessories-video-recording-systems","9":"first","10":"instock","11":"taxable","12":"shipping-taxable","13":"purchasable","14":"product-type-simple"},"acf":[],"_links":{"self":[{"href":"https:\/\/www.trafficangel.co.uk\/hu\/wp-json\/wp\/v2\/product\/1386","targetHints":{"allow":["GET"]}}],"collection":[{"href":"https:\/\/www.trafficangel.co.uk\/hu\/wp-json\/wp\/v2\/product"}],"about":[{"href":"https:\/\/www.trafficangel.co.uk\/hu\/wp-json\/wp\/v2\/types\/product"}],"wp:featuredmedia":[{"embeddable":true,"href":"https:\/\/www.trafficangel.co.uk\/hu\/wp-json\/wp\/v2\/media\/2202"}],"wp:attachment":[{"href":"https:\/\/www.trafficangel.co.uk\/hu\/wp-json\/wp\/v2\/media?parent=1386"}],"wp:term":[{"taxonomy":"product_cat","embeddable":true,"href":"https:\/\/www.trafficangel.co.uk\/hu\/wp-json\/wp\/v2\/product_cat?post=1386"},{"taxonomy":"product_tag","embeddable":true,"href":"https:\/\/www.trafficangel.co.uk\/hu\/wp-json\/wp\/v2\/product_tag?post=1386"}],"curies":[{"name":"wp","href":"https:\/\/api.w.org\/{rel}","templated":true}]}}