{"id":1382,"date":"2024-01-19T12:49:26","date_gmt":"2024-01-19T12:49:26","guid":{"rendered":"http:\/\/traffic-angel.local\/product\/1m-single-rca-cable\/"},"modified":"2025-10-20T08:32:17","modified_gmt":"2025-10-20T08:32:17","slug":"1m-rca-cable","status":"publish","type":"product","link":"https:\/\/www.trafficangel.co.uk\/hu\/termek-2\/1m-rca-cable\/","title":{"rendered":"1 m RCA k\u00e1bel"},"content":{"rendered":"<p>Az 1 m\u00e9teres RCA k\u00e1bel egyszer\u0171 \u00e9s megb\u00edzhat\u00f3 csatlakoz\u00e1st biztos\u00edt a video- vagy audiojelekhez a j\u00e1rm\u0171biztons\u00e1gi rendszerekben. Ide\u00e1lis r\u00f6vid t\u00e1v\u00fa kapcsolatokhoz kamer\u00e1k, monitorok vagy r\u00f6gz\u00edt\u0151berendez\u00e9sek k\u00f6z\u00f6tt, kompakt m\u00e9rete seg\u00edt a telep\u00edt\u00e9sek tisztas\u00e1g\u00e1nak \u00e9s hat\u00e9konys\u00e1g\u00e1nak meg\u0151rz\u00e9s\u00e9ben. A kiv\u00e1l\u00f3 min\u0151s\u00e9g\u0171 csatlakoz\u00f3k stabil \u00e9s tiszta jelet biztos\u00edtanak m\u00e9g ig\u00e9nyes flottak\u00f6rnyezetekben is.<\/p>","protected":false},"excerpt":{"rendered":"<p>1 m RCA k\u00e1bel<\/p>","protected":false},"featured_media":414,"template":"","meta":{"_acf_changed":false},"product_cat":[26,27],"product_tag":[],"class_list":{"0":"post-1382","1":"product","2":"type-product","3":"status-publish","4":"has-post-thumbnail","6":"product_cat-cables-accessories","7":"product_cat-camera-trailer-cables","9":"first","10":"instock","11":"taxable","12":"shipping-taxable","13":"purchasable","14":"product-type-simple"},"acf":[],"_links":{"self":[{"href":"https:\/\/www.trafficangel.co.uk\/hu\/wp-json\/wp\/v2\/product\/1382","targetHints":{"allow":["GET"]}}],"collection":[{"href":"https:\/\/www.trafficangel.co.uk\/hu\/wp-json\/wp\/v2\/product"}],"about":[{"href":"https:\/\/www.trafficangel.co.uk\/hu\/wp-json\/wp\/v2\/types\/product"}],"wp:featuredmedia":[{"embeddable":true,"href":"https:\/\/www.trafficangel.co.uk\/hu\/wp-json\/wp\/v2\/media\/414"}],"wp:attachment":[{"href":"https:\/\/www.trafficangel.co.uk\/hu\/wp-json\/wp\/v2\/media?parent=1382"}],"wp:term":[{"taxonomy":"product_cat","embeddable":true,"href":"https:\/\/www.trafficangel.co.uk\/hu\/wp-json\/wp\/v2\/product_cat?post=1382"},{"taxonomy":"product_tag","embeddable":true,"href":"https:\/\/www.trafficangel.co.uk\/hu\/wp-json\/wp\/v2\/product_tag?post=1382"}],"curies":[{"name":"wp","href":"https:\/\/api.w.org\/{rel}","templated":true}]}}