{"id":5279,"date":"2026-02-09T15:52:16","date_gmt":"2026-02-09T15:52:16","guid":{"rendered":"https:\/\/www.trafficangel.co.uk\/?post_type=product&#038;p=5279"},"modified":"2026-02-09T16:28:08","modified_gmt":"2026-02-09T16:28:08","slug":"citysafe-plus-alarme-sonore-et-visuelle-polyvalente","status":"publish","type":"product","link":"https:\/\/www.trafficangel.co.uk\/fr\/produit-2\/citysafe-plus-alarme-sonore-et-visuelle-polyvalente\/","title":{"rendered":"Alarme audible et visuelle polyvalente CitySafe Plus"},"content":{"rendered":"<p>L'alarme polyvalente CitySafe Plus avec message vocal audible \u00e9met des avertissements clairs et parl\u00e9s pour alerter les pi\u00e9tons et les cyclistes lorsqu'un v\u00e9hicule tourne \u00e0 gauche. Con\u00e7u pour r\u00e9duire les risques li\u00e9s aux angles morts et r\u00e9pondre aux r\u00e9glementations de s\u00e9curit\u00e9 urbaine, le syst\u00e8me \u00e9met un message vocal clair au lieu d'une tonalit\u00e9 d'alarme standard, aidant ainsi les usagers vuln\u00e9rables de la route \u00e0 mieux comprendre les intentions du v\u00e9hicule. Con\u00e7ue pour \u00eatre fiable dans les environnements urbains anim\u00e9s, cette alarme de virage \u00e0 gauche prend en charge la conformit\u00e9 DVS, FORS et CLOCS, offrant aux gestionnaires de flotte la confiance n\u00e9cessaire dans leurs syst\u00e8mes de s\u00e9curit\u00e9 de v\u00e9hicules.<\/p>","protected":false},"excerpt":{"rendered":"<p>The CitySafe Plus Multipurpose Alarm with audible spoken message provides clear, spoken warnings to alert pedestrians and cyclists when a vehicle is turning left. Designed to reduce blind spot risks<\/p>","protected":false},"featured_media":5280,"template":"","meta":{"_acf_changed":false},"product_cat":[33,34],"product_tag":[],"class_list":{"0":"post-5279","1":"product","2":"type-product","3":"status-publish","4":"has-post-thumbnail","6":"product_cat-alarms","7":"product_cat-turn-alarms","9":"first","10":"instock","11":"taxable","12":"shipping-taxable","13":"purchasable","14":"product-type-simple"},"acf":[],"_links":{"self":[{"href":"https:\/\/www.trafficangel.co.uk\/fr\/wp-json\/wp\/v2\/product\/5279","targetHints":{"allow":["GET"]}}],"collection":[{"href":"https:\/\/www.trafficangel.co.uk\/fr\/wp-json\/wp\/v2\/product"}],"about":[{"href":"https:\/\/www.trafficangel.co.uk\/fr\/wp-json\/wp\/v2\/types\/product"}],"wp:featuredmedia":[{"embeddable":true,"href":"https:\/\/www.trafficangel.co.uk\/fr\/wp-json\/wp\/v2\/media\/5280"}],"wp:attachment":[{"href":"https:\/\/www.trafficangel.co.uk\/fr\/wp-json\/wp\/v2\/media?parent=5279"}],"wp:term":[{"taxonomy":"product_cat","embeddable":true,"href":"https:\/\/www.trafficangel.co.uk\/fr\/wp-json\/wp\/v2\/product_cat?post=5279"},{"taxonomy":"product_tag","embeddable":true,"href":"https:\/\/www.trafficangel.co.uk\/fr\/wp-json\/wp\/v2\/product_tag?post=5279"}],"curies":[{"name":"wp","href":"https:\/\/api.w.org\/{rel}","templated":true}]}}