{"id":2712,"date":"2024-05-26T20:11:09","date_gmt":"2024-05-26T20:11:09","guid":{"rendered":"https:\/\/trafficangel-qqzv.temp-dns.com\/?post_type=product&#038;p=2712"},"modified":"2024-10-23T10:52:53","modified_gmt":"2024-10-23T10:52:53","slug":"kit-dinstallation-premium-pour-systeme-de-securite-progressive-trafficangel","status":"publish","type":"product","link":"https:\/\/www.trafficangel.co.uk\/fr\/produit-2\/kit-dinstallation-premium-pour-systeme-de-securite-progressive-trafficangel\/","title":{"rendered":"Kit d&#039;installation Premium+ pour syst\u00e8me TrafficAngel Progressive Safe"},"content":{"rendered":"<p>Ce kit d&#039;installation pour TrafficAngel <a href=\"https:\/\/www.trafficangel.co.uk\/fr\/systeme-de-securite-progressif\/\" target=\"_blank\" rel=\"noopener\">Syst\u00e8me de s\u00e9curit\u00e9 progressif<\/a> est n\u00e9cessaire pour la configuration et l&#039;\u00e9talonnage du syst\u00e8me.<\/p>\n<p>Le kit comprend les \u00e9l\u00e9ments suivants :<\/p>\n<p>1x Tablette 8\u2033, pr\u00e9-configur\u00e9e avec application d&#039;\u00e9talonnage<\/p>\n<p>1x Batterie rechargeable + c\u00e2ble USB et adaptateur 4 broches<\/p>\n<p>1x Stylet et \u00e9tui pour tablette<\/p>\n<p>1x Outil d&#039;\u00e9talonnage Wi-Fi<\/p>\n<p>6x c\u00f4nes marqueurs<\/p>\n<p>1x Adaptateur secteur pour prise allume-cigare<\/p>","protected":false},"excerpt":{"rendered":"<p>Un kit d&#039;installation Premium+ pour le syst\u00e8me TrafficAngel Progressive Safe<\/p>","protected":false},"featured_media":2922,"template":"","meta":{"_acf_changed":false},"product_cat":[85,53],"product_tag":[],"class_list":{"0":"post-2712","1":"product","2":"type-product","3":"status-publish","4":"has-post-thumbnail","6":"product_cat-components","7":"product_cat-progressive-safe-system","9":"first","10":"instock","11":"taxable","12":"shipping-taxable","13":"purchasable","14":"product-type-simple"},"acf":[],"_links":{"self":[{"href":"https:\/\/www.trafficangel.co.uk\/fr\/wp-json\/wp\/v2\/product\/2712","targetHints":{"allow":["GET"]}}],"collection":[{"href":"https:\/\/www.trafficangel.co.uk\/fr\/wp-json\/wp\/v2\/product"}],"about":[{"href":"https:\/\/www.trafficangel.co.uk\/fr\/wp-json\/wp\/v2\/types\/product"}],"wp:featuredmedia":[{"embeddable":true,"href":"https:\/\/www.trafficangel.co.uk\/fr\/wp-json\/wp\/v2\/media\/2922"}],"wp:attachment":[{"href":"https:\/\/www.trafficangel.co.uk\/fr\/wp-json\/wp\/v2\/media?parent=2712"}],"wp:term":[{"taxonomy":"product_cat","embeddable":true,"href":"https:\/\/www.trafficangel.co.uk\/fr\/wp-json\/wp\/v2\/product_cat?post=2712"},{"taxonomy":"product_tag","embeddable":true,"href":"https:\/\/www.trafficangel.co.uk\/fr\/wp-json\/wp\/v2\/product_tag?post=2712"}],"curies":[{"name":"wp","href":"https:\/\/api.w.org\/{rel}","templated":true}]}}