{"id":2711,"date":"2024-05-26T20:09:56","date_gmt":"2024-05-26T20:09:56","guid":{"rendered":"https:\/\/trafficangel-qqzv.temp-dns.com\/?post_type=product&#038;p=2711"},"modified":"2024-10-23T10:53:54","modified_gmt":"2024-10-23T10:53:54","slug":"kit-dinstallation-indispensable-pour-le-systeme-trafficangel-progressive-safe-2","status":"publish","type":"product","link":"https:\/\/www.trafficangel.co.uk\/fr\/produit-2\/kit-dinstallation-indispensable-pour-le-systeme-trafficangel-progressive-safe-2\/","title":{"rendered":"Kit d&#039;installation Essential+ pour syst\u00e8me de s\u00e9curit\u00e9 progressive TrafficAngel"},"content":{"rendered":"<p>Ce kit d&#039;installation pour TrafficAngel <a href=\"https:\/\/www.trafficangel.co.uk\/fr\/systeme-de-securite-progressif\/\" target=\"_blank\" rel=\"noopener\">Syst\u00e8me de s\u00e9curit\u00e9 progressif<\/a> est n\u00e9cessaire pour la configuration et l&#039;\u00e9talonnage du syst\u00e8me.<\/p>\n<p>Le kit comprend les \u00e9l\u00e9ments suivants :<\/p>\n<p>1x Batterie rechargeable + c\u00e2ble USB et adaptateur 4 broches<\/p>\n<p>1x Outil d&#039;\u00e9talonnage Wi-Fi<\/p>\n<p>6x c\u00f4nes marqueurs<\/p>\n<p>1x Adaptateur secteur pour prise allume-cigare<\/p>","protected":false},"excerpt":{"rendered":"<p>Un kit d&#039;installation Essential+ pour le syst\u00e8me de s\u00e9curit\u00e9 progressive TrafficAngel<\/p>","protected":false},"featured_media":2923,"template":"","meta":{"_acf_changed":false},"product_cat":[85,53],"product_tag":[],"class_list":{"0":"post-2711","1":"product","2":"type-product","3":"status-publish","4":"has-post-thumbnail","6":"product_cat-components","7":"product_cat-progressive-safe-system","9":"first","10":"instock","11":"taxable","12":"shipping-taxable","13":"purchasable","14":"product-type-simple"},"acf":[],"_links":{"self":[{"href":"https:\/\/www.trafficangel.co.uk\/fr\/wp-json\/wp\/v2\/product\/2711","targetHints":{"allow":["GET"]}}],"collection":[{"href":"https:\/\/www.trafficangel.co.uk\/fr\/wp-json\/wp\/v2\/product"}],"about":[{"href":"https:\/\/www.trafficangel.co.uk\/fr\/wp-json\/wp\/v2\/types\/product"}],"wp:featuredmedia":[{"embeddable":true,"href":"https:\/\/www.trafficangel.co.uk\/fr\/wp-json\/wp\/v2\/media\/2923"}],"wp:attachment":[{"href":"https:\/\/www.trafficangel.co.uk\/fr\/wp-json\/wp\/v2\/media?parent=2711"}],"wp:term":[{"taxonomy":"product_cat","embeddable":true,"href":"https:\/\/www.trafficangel.co.uk\/fr\/wp-json\/wp\/v2\/product_cat?post=2711"},{"taxonomy":"product_tag","embeddable":true,"href":"https:\/\/www.trafficangel.co.uk\/fr\/wp-json\/wp\/v2\/product_tag?post=2711"}],"curies":[{"name":"wp","href":"https:\/\/api.w.org\/{rel}","templated":true}]}}