{"id":2702,"date":"2024-05-26T19:43:31","date_gmt":"2024-05-26T19:43:31","guid":{"rendered":"https:\/\/trafficangel-qqzv.temp-dns.com\/?post_type=product&#038;p=2702"},"modified":"2025-10-20T10:23:33","modified_gmt":"2025-10-20T10:23:33","slug":"trafficangel-systeme-de-securite-progressif-mois-bsis-3-x-systeme-de-camera-ai-pour-conduite-a-gauche","status":"publish","type":"product","link":"https:\/\/www.trafficangel.co.uk\/fr\/produit-2\/trafficangel-systeme-de-securite-progressif-mois-bsis-3-x-systeme-de-camera-ai-pour-conduite-a-gauche\/","title":{"rendered":"Syst\u00e8me de s\u00e9curit\u00e9 progressif TrafficAngel MOIS + BSIS 3 x syst\u00e8me de cam\u00e9ra AI \u2013 Conduite \u00e0 gauche"},"content":{"rendered":"<p style=\"font-weight: 400;\">Le <strong>Ange de la circulation <a href=\"https:\/\/www.trafficangel.co.uk\/fr\/systeme-de-securite-progressif-2024\/\" target=\"_blank\" rel=\"noopener\">Syst\u00e8me de s\u00e9curit\u00e9 progressif<\/a><\/strong> comprend 3 cam\u00e9ras AI (1 x avant, 1 x coin et 1 x c\u00f4t\u00e9), 1 x affichage c\u00f4t\u00e9 hors-jeu, 1 x affichage c\u00f4t\u00e9 proche, 1 x unit\u00e9 de contr\u00f4le, 1 x module gyroscope\/GPS, qui une fois install\u00e9 r\u00e9pond \u00e0 toutes les exigences stipul\u00e9es par TfL dans sa derni\u00e8re documentation sur PSS\/BSIS\/MOIS, y compris la diff\u00e9renciation entre les pi\u00e9tons et le mobilier urbain et l&#039;avertissement sonore restant silencieux lorsqu&#039;il n&#039;y a aucun danger per\u00e7u pour l&#039;usager vuln\u00e9rable de la route (VRU) lorsqu&#039;il se trouve dans la zone de d\u00e9tection.<\/p>\n<p>Pour une description simple du fonctionnement du syst\u00e8me, cliquez ici. Ou pour lire un guide complet sur PSS, cliquez ici <a href=\"https:\/\/trafficangel.co.uk\/wp-content\/uploads\/2024\/04\/TAPPS-Summary.pdf\" target=\"_blank\" rel=\"noopener\">ici<\/a>.<\/p>","protected":false},"excerpt":{"rendered":"<p>Le <strong>Syst\u00e8me de s\u00e9curit\u00e9 progressive TrafficAngel<\/strong> comprend 3 cam\u00e9ras AI (1 x avant, 1 x coin et 1 x c\u00f4t\u00e9), 1 x affichage c\u00f4t\u00e9 hors-jeu, 1 x affichage c\u00f4t\u00e9 proche, 1 x unit\u00e9 de contr\u00f4le, 1 x module gyroscope\/GPS, qui une fois install\u00e9 r\u00e9pond \u00e0 toutes les exigences stipul\u00e9es par TfL dans sa derni\u00e8re documentation sur PSS\/BSIS\/MOIS, y compris la diff\u00e9renciation entre les pi\u00e9tons et le mobilier urbain et l&#039;avertissement sonore restant silencieux lorsqu&#039;il n&#039;y a aucun danger per\u00e7u pour l&#039;usager vuln\u00e9rable de la route (VRU) lorsqu&#039;il se trouve dans la zone de d\u00e9tection.<\/p>","protected":false},"featured_media":2933,"template":"","meta":{"_acf_changed":false},"product_cat":[53,84],"product_tag":[],"class_list":{"0":"post-2702","1":"product","2":"type-product","3":"status-publish","4":"has-post-thumbnail","6":"product_cat-progressive-safe-system","7":"product_cat-pss-solutions","9":"first","10":"instock","11":"taxable","12":"shipping-taxable","13":"purchasable","14":"product-type-simple"},"acf":[],"_links":{"self":[{"href":"https:\/\/www.trafficangel.co.uk\/fr\/wp-json\/wp\/v2\/product\/2702","targetHints":{"allow":["GET"]}}],"collection":[{"href":"https:\/\/www.trafficangel.co.uk\/fr\/wp-json\/wp\/v2\/product"}],"about":[{"href":"https:\/\/www.trafficangel.co.uk\/fr\/wp-json\/wp\/v2\/types\/product"}],"wp:featuredmedia":[{"embeddable":true,"href":"https:\/\/www.trafficangel.co.uk\/fr\/wp-json\/wp\/v2\/media\/2933"}],"wp:attachment":[{"href":"https:\/\/www.trafficangel.co.uk\/fr\/wp-json\/wp\/v2\/media?parent=2702"}],"wp:term":[{"taxonomy":"product_cat","embeddable":true,"href":"https:\/\/www.trafficangel.co.uk\/fr\/wp-json\/wp\/v2\/product_cat?post=2702"},{"taxonomy":"product_tag","embeddable":true,"href":"https:\/\/www.trafficangel.co.uk\/fr\/wp-json\/wp\/v2\/product_tag?post=2702"}],"curies":[{"name":"wp","href":"https:\/\/api.w.org\/{rel}","templated":true}]}}