{"id":2347,"date":"2024-04-16T12:58:04","date_gmt":"2024-04-16T12:58:04","guid":{"rendered":"https:\/\/trafficangel-qqzv.temp-dns.com\/?post_type=product&#038;p=2347"},"modified":"2025-10-20T14:17:52","modified_gmt":"2025-10-20T14:17:52","slug":"base-de-camera-dangle-laterale-pour-systeme-de-securite-progressive-trafficangel","status":"publish","type":"product","link":"https:\/\/www.trafficangel.co.uk\/fr\/produit-2\/base-de-camera-dangle-laterale-pour-systeme-de-securite-progressive-trafficangel\/","title":{"rendered":"Base de cam\u00e9ra lat\u00e9rale\/d&#039;angle pour syst\u00e8me de s\u00e9curit\u00e9 progressive TrafficAngel"},"content":{"rendered":"<p>Plaque de montage de cam\u00e9ra en silicone, adapt\u00e9e au TrafficAngel <a href=\"https:\/\/www.trafficangel.co.uk\/fr\/systeme-de-securite-progressif\/\" target=\"_blank\" rel=\"noopener\">Syst\u00e8me de s\u00e9curit\u00e9 progressif<\/a>Cam\u00e9ras lat\u00e9rales et d&#039;angle (PSS-SC et PSS-CC).<\/p>","protected":false},"excerpt":{"rendered":"<p>Base de cam\u00e9ra lat\u00e9rale\/d&#039;angle pour syst\u00e8me de s\u00e9curit\u00e9 progressive TrafficAngel<\/p>","protected":false},"featured_media":2277,"template":"","meta":{"_acf_changed":false},"product_cat":[85,53],"product_tag":[],"class_list":{"0":"post-2347","1":"product","2":"type-product","3":"status-publish","4":"has-post-thumbnail","6":"product_cat-components","7":"product_cat-progressive-safe-system","9":"first","10":"instock","11":"taxable","12":"shipping-taxable","13":"purchasable","14":"product-type-simple"},"acf":[],"_links":{"self":[{"href":"https:\/\/www.trafficangel.co.uk\/fr\/wp-json\/wp\/v2\/product\/2347","targetHints":{"allow":["GET"]}}],"collection":[{"href":"https:\/\/www.trafficangel.co.uk\/fr\/wp-json\/wp\/v2\/product"}],"about":[{"href":"https:\/\/www.trafficangel.co.uk\/fr\/wp-json\/wp\/v2\/types\/product"}],"wp:featuredmedia":[{"embeddable":true,"href":"https:\/\/www.trafficangel.co.uk\/fr\/wp-json\/wp\/v2\/media\/2277"}],"wp:attachment":[{"href":"https:\/\/www.trafficangel.co.uk\/fr\/wp-json\/wp\/v2\/media?parent=2347"}],"wp:term":[{"taxonomy":"product_cat","embeddable":true,"href":"https:\/\/www.trafficangel.co.uk\/fr\/wp-json\/wp\/v2\/product_cat?post=2347"},{"taxonomy":"product_tag","embeddable":true,"href":"https:\/\/www.trafficangel.co.uk\/fr\/wp-json\/wp\/v2\/product_tag?post=2347"}],"curies":[{"name":"wp","href":"https:\/\/api.w.org\/{rel}","templated":true}]}}