{"id":1708,"date":"2024-01-19T12:50:46","date_gmt":"2024-01-19T12:50:46","guid":{"rendered":"https:\/\/trafficangel-qqzv.temp-dns.com\/product\/trafficangel-safe-system-front-camera-1080p-12v\/"},"modified":"2025-10-20T10:52:58","modified_gmt":"2025-10-20T10:52:58","slug":"camera-frontale-pour-le-systeme-de-securite-progressive-trafficangel","status":"publish","type":"product","link":"https:\/\/www.trafficangel.co.uk\/fr\/produit-2\/camera-frontale-pour-le-systeme-de-securite-progressive-trafficangel\/","title":{"rendered":"Cam\u00e9ra frontale pour syst\u00e8me TrafficAngel Progressive Safe"},"content":{"rendered":"<p>Cam\u00e9ra frontale interne \u00e0 utiliser avec TrafficAngel <a href=\"https:\/\/www.trafficangel.co.uk\/fr\/systeme-de-securite-progressif\/\">Syst\u00e8me de s\u00e9curit\u00e9 progressif<\/a>, mont\u00e9e \u00e0 l&#039;int\u00e9rieur du pare-brise, cette cam\u00e9ra AI est utilis\u00e9e dans le cadre de notre MOIS (Moving Off Information System). La cam\u00e9ra est livr\u00e9e avec le tampon auto-adh\u00e9sif 3M r\u00e9sistant. Veuillez noter que pour installer cette cam\u00e9ra, notre kit d&#039;installation est requis pour l&#039;\u00e9talonnage.<\/p>","protected":false},"excerpt":{"rendered":"<p>Une cam\u00e9ra frontale pour le syst\u00e8me TrafficAngel Progressive Safe<\/p>","protected":false},"featured_media":1961,"template":"","meta":{"_acf_changed":false},"product_cat":[85,53],"product_tag":[],"class_list":{"0":"post-1708","1":"product","2":"type-product","3":"status-publish","4":"has-post-thumbnail","6":"product_cat-components","7":"product_cat-progressive-safe-system","9":"first","10":"instock","11":"taxable","12":"shipping-taxable","13":"purchasable","14":"product-type-simple"},"acf":[],"_links":{"self":[{"href":"https:\/\/www.trafficangel.co.uk\/fr\/wp-json\/wp\/v2\/product\/1708","targetHints":{"allow":["GET"]}}],"collection":[{"href":"https:\/\/www.trafficangel.co.uk\/fr\/wp-json\/wp\/v2\/product"}],"about":[{"href":"https:\/\/www.trafficangel.co.uk\/fr\/wp-json\/wp\/v2\/types\/product"}],"wp:featuredmedia":[{"embeddable":true,"href":"https:\/\/www.trafficangel.co.uk\/fr\/wp-json\/wp\/v2\/media\/1961"}],"wp:attachment":[{"href":"https:\/\/www.trafficangel.co.uk\/fr\/wp-json\/wp\/v2\/media?parent=1708"}],"wp:term":[{"taxonomy":"product_cat","embeddable":true,"href":"https:\/\/www.trafficangel.co.uk\/fr\/wp-json\/wp\/v2\/product_cat?post=1708"},{"taxonomy":"product_tag","embeddable":true,"href":"https:\/\/www.trafficangel.co.uk\/fr\/wp-json\/wp\/v2\/product_tag?post=1708"}],"curies":[{"name":"wp","href":"https:\/\/api.w.org\/{rel}","templated":true}]}}