{"id":1700,"date":"2024-01-19T12:50:46","date_gmt":"2024-01-19T12:50:46","guid":{"rendered":"https:\/\/trafficangel-qqzv.temp-dns.com\/product\/trafficangel-safe-system-main-display\/"},"modified":"2025-10-20T10:28:06","modified_gmt":"2025-10-20T10:28:06","slug":"ecran-principal-du-systeme-de-securite-progressive-trafficangel","status":"publish","type":"product","link":"https:\/\/www.trafficangel.co.uk\/fr\/produit-2\/ecran-principal-du-systeme-de-securite-progressive-trafficangel\/","title":{"rendered":"Affichage principal du syst\u00e8me de s\u00e9curit\u00e9 progressive TrafficAngel"},"content":{"rendered":"<p>Affichage principal pour TrafficAngel <a href=\"https:\/\/www.trafficangel.co.uk\/fr\/systeme-de-securite-progressif\/\" target=\"_blank\" rel=\"noopener\">Syst\u00e8me de s\u00e9curit\u00e9 progressif<\/a>, cet \u00e9cran se monte sur le montant A c\u00f4t\u00e9 conducteur et fournit des alertes sonores et visuelles au conducteur conform\u00e9ment aux sp\u00e9cifications TfL. L&#039;\u00e9cran peut \u00eatre mont\u00e9 sur notre support de montant A sp\u00e9cialis\u00e9, offrant une solution inviolable (vendue s\u00e9par\u00e9ment).<\/p>","protected":false},"excerpt":{"rendered":"<p>Un \u00e9cran principal pour le syst\u00e8me de s\u00e9curit\u00e9 progressive TrafficAngel<\/p>","protected":false},"featured_media":1930,"template":"","meta":{"_acf_changed":false},"product_cat":[85,53],"product_tag":[],"class_list":{"0":"post-1700","1":"product","2":"type-product","3":"status-publish","4":"has-post-thumbnail","6":"product_cat-components","7":"product_cat-progressive-safe-system","9":"first","10":"instock","11":"taxable","12":"shipping-taxable","13":"purchasable","14":"product-type-simple"},"acf":[],"_links":{"self":[{"href":"https:\/\/www.trafficangel.co.uk\/fr\/wp-json\/wp\/v2\/product\/1700","targetHints":{"allow":["GET"]}}],"collection":[{"href":"https:\/\/www.trafficangel.co.uk\/fr\/wp-json\/wp\/v2\/product"}],"about":[{"href":"https:\/\/www.trafficangel.co.uk\/fr\/wp-json\/wp\/v2\/types\/product"}],"wp:featuredmedia":[{"embeddable":true,"href":"https:\/\/www.trafficangel.co.uk\/fr\/wp-json\/wp\/v2\/media\/1930"}],"wp:attachment":[{"href":"https:\/\/www.trafficangel.co.uk\/fr\/wp-json\/wp\/v2\/media?parent=1700"}],"wp:term":[{"taxonomy":"product_cat","embeddable":true,"href":"https:\/\/www.trafficangel.co.uk\/fr\/wp-json\/wp\/v2\/product_cat?post=1700"},{"taxonomy":"product_tag","embeddable":true,"href":"https:\/\/www.trafficangel.co.uk\/fr\/wp-json\/wp\/v2\/product_tag?post=1700"}],"curies":[{"name":"wp","href":"https:\/\/api.w.org\/{rel}","templated":true}]}}