{"id":1619,"date":"2024-01-19T12:50:40","date_gmt":"2024-01-19T12:50:40","guid":{"rendered":"http:\/\/traffic-angel.local\/product\/wiring-kit-for-man-tg-series-dvs-spec\/"},"modified":"2025-09-26T08:54:24","modified_gmt":"2025-09-26T08:54:24","slug":"kit-de-cablage-pour-man-serie-tg-dvs-spec","status":"publish","type":"product","link":"https:\/\/www.trafficangel.co.uk\/fr\/produit-2\/kit-de-cablage-pour-man-serie-tg-dvs-spec\/","title":{"rendered":"Kit de c\u00e2blage pour la s\u00e9rie MAN TG \u2013 sp\u00e9cification DVS"},"content":{"rendered":"<p>Kit de c\u00e2blage pour la s\u00e9rie MAN TG \u2013 sp\u00e9cification DVS<\/p>","protected":false},"excerpt":{"rendered":"<p>Kit de c\u00e2blage pour la s\u00e9rie MAN TG \u2013 sp\u00e9cification DVS<\/p>","protected":false},"featured_media":2042,"template":"","meta":{"_acf_changed":false},"product_cat":[902],"product_tag":[],"class_list":{"0":"post-1619","1":"product","2":"type-product","3":"status-publish","4":"has-post-thumbnail","6":"product_cat-wiring-kits","8":"first","9":"instock","10":"taxable","11":"shipping-taxable","12":"purchasable","13":"product-type-simple"},"acf":[],"_links":{"self":[{"href":"https:\/\/www.trafficangel.co.uk\/fr\/wp-json\/wp\/v2\/product\/1619","targetHints":{"allow":["GET"]}}],"collection":[{"href":"https:\/\/www.trafficangel.co.uk\/fr\/wp-json\/wp\/v2\/product"}],"about":[{"href":"https:\/\/www.trafficangel.co.uk\/fr\/wp-json\/wp\/v2\/types\/product"}],"wp:featuredmedia":[{"embeddable":true,"href":"https:\/\/www.trafficangel.co.uk\/fr\/wp-json\/wp\/v2\/media\/2042"}],"wp:attachment":[{"href":"https:\/\/www.trafficangel.co.uk\/fr\/wp-json\/wp\/v2\/media?parent=1619"}],"wp:term":[{"taxonomy":"product_cat","embeddable":true,"href":"https:\/\/www.trafficangel.co.uk\/fr\/wp-json\/wp\/v2\/product_cat?post=1619"},{"taxonomy":"product_tag","embeddable":true,"href":"https:\/\/www.trafficangel.co.uk\/fr\/wp-json\/wp\/v2\/product_tag?post=1619"}],"curies":[{"name":"wp","href":"https:\/\/api.w.org\/{rel}","templated":true}]}}