{"id":1618,"date":"2024-01-19T12:50:40","date_gmt":"2024-01-19T12:50:40","guid":{"rendered":"http:\/\/traffic-angel.local\/product\/wiring-kit-for-man-tg-series\/"},"modified":"2024-10-31T09:34:40","modified_gmt":"2024-10-31T09:34:40","slug":"kit-de-cablage-pour-man-serie-tg","status":"publish","type":"product","link":"https:\/\/www.trafficangel.co.uk\/fr\/produit-2\/kit-de-cablage-pour-man-serie-tg\/","title":{"rendered":"Kit de c\u00e2blage pour la s\u00e9rie MAN TG"},"content":{"rendered":"","protected":false},"excerpt":{"rendered":"<p>Kit de c\u00e2blage pour la s\u00e9rie MAN TG<\/p>","protected":false},"featured_media":2054,"template":"","meta":{"_acf_changed":false},"product_cat":[902],"product_tag":[],"class_list":{"0":"post-1618","1":"product","2":"type-product","3":"status-publish","4":"has-post-thumbnail","6":"product_cat-wiring-kits","8":"first","9":"instock","10":"taxable","11":"shipping-taxable","12":"purchasable","13":"product-type-simple"},"acf":[],"_links":{"self":[{"href":"https:\/\/www.trafficangel.co.uk\/fr\/wp-json\/wp\/v2\/product\/1618","targetHints":{"allow":["GET"]}}],"collection":[{"href":"https:\/\/www.trafficangel.co.uk\/fr\/wp-json\/wp\/v2\/product"}],"about":[{"href":"https:\/\/www.trafficangel.co.uk\/fr\/wp-json\/wp\/v2\/types\/product"}],"wp:featuredmedia":[{"embeddable":true,"href":"https:\/\/www.trafficangel.co.uk\/fr\/wp-json\/wp\/v2\/media\/2054"}],"wp:attachment":[{"href":"https:\/\/www.trafficangel.co.uk\/fr\/wp-json\/wp\/v2\/media?parent=1618"}],"wp:term":[{"taxonomy":"product_cat","embeddable":true,"href":"https:\/\/www.trafficangel.co.uk\/fr\/wp-json\/wp\/v2\/product_cat?post=1618"},{"taxonomy":"product_tag","embeddable":true,"href":"https:\/\/www.trafficangel.co.uk\/fr\/wp-json\/wp\/v2\/product_tag?post=1618"}],"curies":[{"name":"wp","href":"https:\/\/api.w.org\/{rel}","templated":true}]}}