{"id":1549,"date":"2024-01-19T12:50:18","date_gmt":"2024-01-19T12:50:18","guid":{"rendered":"http:\/\/traffic-angel.local\/product\/8-channel-hard-drive-dvr-with-wi-fi-jh8-inc-lrb-cdt2-gps\/"},"modified":"2025-11-12T13:55:47","modified_gmt":"2025-11-12T13:55:47","slug":"dvr-a-disque-dur-8-canaux-avec-gps-et-wi-fi","status":"publish","type":"product","link":"https:\/\/www.trafficangel.co.uk\/fr\/produit-2\/dvr-a-disque-dur-8-canaux-avec-gps-et-wi-fi\/","title":{"rendered":"DVR \u00e0 disque dur 8 canaux avec GPS et Wi-Fi"},"content":{"rendered":"<p>Ange de la circulation <a href=\"https:\/\/www.trafficangel.co.uk\/fr\/digital-video-recorders\/\">Enregistreurs vid\u00e9o num\u00e9riques<\/a> Les enregistreurs num\u00e9riques (DVR) offrent un moyen fiable et s\u00fbr d'enregistrer plusieurs cam\u00e9ras autour de vos v\u00e9hicules. Gr\u00e2ce \u00e0 un large \u00e9ventail de fonctionnalit\u00e9s, notre gamme offre la flexibilit\u00e9 n\u00e9cessaire pour adapter les solutions d'enregistrement \u00e0 vos besoins. Nos DVR offrent de grands avantages \u00e0 tous les secteurs, qu'il s'agisse d'op\u00e9rateurs de flottes ou de projets uniques sur mesure. La s\u00e9curit\u00e9 autour des v\u00e9hicules est primordiale, et tous nos enregistreurs, y compris cet enregistreur \u00e0 disque dur 8 canaux avec GPS et Wi-Fi, contribuent \u00e0 promouvoir des pratiques de conduite plus s\u00fbres et plus responsables. Les syst\u00e8mes d'enregistrement permettent \u00e9galement d'\u00e9conomiser de l'argent, en capturant des preuves claires en cas d'incidents, en \u00e9liminant les fausses d\u00e9clarations d'assurance et en r\u00e9alisant ainsi des \u00e9conomies significatives sur les primes d'assurance. La s\u00e9curit\u00e9 offerte par un syst\u00e8me d'enregistrement prot\u00e8ge \u00e9galement les conducteurs, les v\u00e9hicules et les biens, agissant comme une mesure pr\u00e9ventive dissuadant les activit\u00e9s criminelles.<\/p>","protected":false},"excerpt":{"rendered":"<p>Un DVR \u00e0 disque dur \u00e0 8 canaux avec GPS et Wi-Fi<\/p>","protected":false},"featured_media":1038,"template":"","meta":{"_acf_changed":false},"product_cat":[19,48],"product_tag":[],"class_list":{"0":"post-1549","1":"product","2":"type-product","3":"status-publish","4":"has-post-thumbnail","6":"product_cat-video-recording-systems","7":"product_cat-dvrs","9":"first","10":"instock","11":"taxable","12":"shipping-taxable","13":"purchasable","14":"product-type-simple"},"acf":[],"_links":{"self":[{"href":"https:\/\/www.trafficangel.co.uk\/fr\/wp-json\/wp\/v2\/product\/1549","targetHints":{"allow":["GET"]}}],"collection":[{"href":"https:\/\/www.trafficangel.co.uk\/fr\/wp-json\/wp\/v2\/product"}],"about":[{"href":"https:\/\/www.trafficangel.co.uk\/fr\/wp-json\/wp\/v2\/types\/product"}],"wp:featuredmedia":[{"embeddable":true,"href":"https:\/\/www.trafficangel.co.uk\/fr\/wp-json\/wp\/v2\/media\/1038"}],"wp:attachment":[{"href":"https:\/\/www.trafficangel.co.uk\/fr\/wp-json\/wp\/v2\/media?parent=1549"}],"wp:term":[{"taxonomy":"product_cat","embeddable":true,"href":"https:\/\/www.trafficangel.co.uk\/fr\/wp-json\/wp\/v2\/product_cat?post=1549"},{"taxonomy":"product_tag","embeddable":true,"href":"https:\/\/www.trafficangel.co.uk\/fr\/wp-json\/wp\/v2\/product_tag?post=1549"}],"curies":[{"name":"wp","href":"https:\/\/api.w.org\/{rel}","templated":true}]}}