{"id":1472,"date":"2024-01-19T12:49:55","date_gmt":"2024-01-19T12:49:55","guid":{"rendered":"http:\/\/traffic-angel.local\/product\/fhd-internal-ip-camera-1080p-12v-ir-poe-rj45\/"},"modified":"2025-12-15T11:25:59","modified_gmt":"2025-12-15T11:25:59","slug":"camera-ip-interne-full-hd-1080p-ir-poe","status":"publish","type":"product","link":"https:\/\/www.trafficangel.co.uk\/fr\/produit-2\/camera-ip-interne-full-hd-1080p-ir-poe\/","title":{"rendered":"Cam\u00e9ra IP interne Full HD \u2013 1080p, IR, PoE"},"content":{"rendered":"<p>Cam\u00e9ra IP interne Full HD \u2013 1080p, IR, PoE<\/p>\n<p>This Full HD Internal IP Camera is part of the TrafficAngel security packages, our <a href=\"https:\/\/www.trafficangel.co.uk\/fr\/systemes-de-cameras-pour-fourgons\/\">syst\u00e8mes de cam\u00e9ras pour fourgons<\/a>\u00a0offrent une visibilit\u00e9 compl\u00e8te pour soutenir la conscience du conducteur et la s\u00e9curit\u00e9 du v\u00e9hicule. Ils sont con\u00e7us pour r\u00e9pondre aux exigences de\u00a0<a href=\"https:\/\/www.trafficangel.co.uk\/fr\/londres-dvs\/\">Norme de vision directe<\/a>\u00a0(DVS) et\u00a0<a href=\"https:\/\/www.trafficangel.co.uk\/fr\/systeme-de-securite-progressif-2024\/\">Syst\u00e8me de s\u00e9curit\u00e9 progressif<\/a>\u00a0(PSS), y compris les mises \u00e0 jour du PSS 2024 introduites par Transport for London, garantissant que votre flotte reste conforme pour les phases d'application actuelles et futures.<\/p>","protected":false},"excerpt":{"rendered":"<p>Une cam\u00e9ra IP interne Full HD \u2013 1080p, IR, PoE<\/p>","protected":false},"featured_media":2090,"template":"","meta":{"_acf_changed":false},"product_cat":[37,40],"product_tag":[],"class_list":{"0":"post-1472","1":"product","2":"type-product","3":"status-publish","4":"has-post-thumbnail","6":"product_cat-cameras","7":"product_cat-internal-and-ip-cameras","9":"first","10":"instock","11":"taxable","12":"shipping-taxable","13":"purchasable","14":"product-type-simple"},"acf":[],"_links":{"self":[{"href":"https:\/\/www.trafficangel.co.uk\/fr\/wp-json\/wp\/v2\/product\/1472","targetHints":{"allow":["GET"]}}],"collection":[{"href":"https:\/\/www.trafficangel.co.uk\/fr\/wp-json\/wp\/v2\/product"}],"about":[{"href":"https:\/\/www.trafficangel.co.uk\/fr\/wp-json\/wp\/v2\/types\/product"}],"wp:featuredmedia":[{"embeddable":true,"href":"https:\/\/www.trafficangel.co.uk\/fr\/wp-json\/wp\/v2\/media\/2090"}],"wp:attachment":[{"href":"https:\/\/www.trafficangel.co.uk\/fr\/wp-json\/wp\/v2\/media?parent=1472"}],"wp:term":[{"taxonomy":"product_cat","embeddable":true,"href":"https:\/\/www.trafficangel.co.uk\/fr\/wp-json\/wp\/v2\/product_cat?post=1472"},{"taxonomy":"product_tag","embeddable":true,"href":"https:\/\/www.trafficangel.co.uk\/fr\/wp-json\/wp\/v2\/product_tag?post=1472"}],"curies":[{"name":"wp","href":"https:\/\/api.w.org\/{rel}","templated":true}]}}