{"id":1442,"date":"2024-01-19T12:49:45","date_gmt":"2024-01-19T12:49:45","guid":{"rendered":"http:\/\/traffic-angel.local\/product\/forward-facing-dvr-camera-w-nearside-camera-or-rear-camera\/"},"modified":"2025-10-20T09:31:50","modified_gmt":"2025-10-20T09:31:50","slug":"systeme-denregistrement-de-camera-de-tableau-de-bord-oriente-vers-lavant-a-2-canaux","status":"publish","type":"product","link":"https:\/\/www.trafficangel.co.uk\/fr\/produit-2\/systeme-denregistrement-de-camera-de-tableau-de-bord-oriente-vers-lavant-a-2-canaux\/","title":{"rendered":"Syst\u00e8me d&#039;enregistrement Dashcam 2 canaux orient\u00e9 vers l&#039;avant"},"content":{"rendered":"<p>Le syst\u00e8me d&#039;enregistrement par cam\u00e9ra embarqu\u00e9e 2 canaux orient\u00e9 vers l&#039;avant (r\u00e9f\u00e9rence FFDVR2) est con\u00e7u pour une surveillance de flotte haute performance et une s\u00e9curit\u00e9 accrue des conducteurs. Dot\u00e9 de deux cam\u00e9ras \u00e0 170\u00b0, l&#039;une orient\u00e9e vers l&#039;avant en 1080p et l&#039;autre en D1\/720p, ce syst\u00e8me capture une couverture routi\u00e8re compl\u00e8te avec pr\u00e9cision. Le GPS int\u00e9gr\u00e9 horodate chaque \u00e9v\u00e9nement, tandis que la compression vid\u00e9o H.264 assure un stockage efficace sur des cartes SD jusqu&#039;\u00e0 256 Go. Gr\u00e2ce \u00e0 la d\u00e9tection de mouvement, \u00e0 un bo\u00eetier de carte SD s\u00e9curis\u00e9 et verrouillable \u00e0 cl\u00e9 et \u00e0 sa compatibilit\u00e9 avec les normes vid\u00e9o AHD et CVBS, il offre une fiabilit\u00e9 de niveau professionnel. Suffisamment robuste pour les v\u00e9hicules utilitaires, le FFDVR2 b\u00e9n\u00e9ficie \u00e9galement d&#039;une connectivit\u00e9 GPS et d&#039;une interface mini-USB.<\/p>\n<p>Les commandes pass\u00e9es avant 13 heures sont exp\u00e9di\u00e9es le jour m\u00eame, et le syst\u00e8me est enti\u00e8rement compatible avec le service de pr\u00e9paration de Traffic Angel pour une installation sans probl\u00e8me. Id\u00e9al pour <a href=\"https:\/\/www.trafficangel.co.uk\/fr\/fleet-dashcams\/\">flottes<\/a>Les entreprises, les petites entreprises ou les achats ponctuels.<\/p>","protected":false},"excerpt":{"rendered":"<p>Syst\u00e8me d&#039;enregistrement Dashcam 2 canaux orient\u00e9 vers l&#039;avant<\/p>","protected":false},"featured_media":628,"template":"","meta":{"_acf_changed":false},"product_cat":[19,39],"product_tag":[],"class_list":{"0":"post-1442","1":"product","2":"type-product","3":"status-publish","4":"has-post-thumbnail","6":"product_cat-video-recording-systems","7":"product_cat-dash-cameras","9":"first","10":"instock","11":"taxable","12":"shipping-taxable","13":"purchasable","14":"product-type-simple"},"acf":[],"_links":{"self":[{"href":"https:\/\/www.trafficangel.co.uk\/fr\/wp-json\/wp\/v2\/product\/1442","targetHints":{"allow":["GET"]}}],"collection":[{"href":"https:\/\/www.trafficangel.co.uk\/fr\/wp-json\/wp\/v2\/product"}],"about":[{"href":"https:\/\/www.trafficangel.co.uk\/fr\/wp-json\/wp\/v2\/types\/product"}],"wp:featuredmedia":[{"embeddable":true,"href":"https:\/\/www.trafficangel.co.uk\/fr\/wp-json\/wp\/v2\/media\/628"}],"wp:attachment":[{"href":"https:\/\/www.trafficangel.co.uk\/fr\/wp-json\/wp\/v2\/media?parent=1442"}],"wp:term":[{"taxonomy":"product_cat","embeddable":true,"href":"https:\/\/www.trafficangel.co.uk\/fr\/wp-json\/wp\/v2\/product_cat?post=1442"},{"taxonomy":"product_tag","embeddable":true,"href":"https:\/\/www.trafficangel.co.uk\/fr\/wp-json\/wp\/v2\/product_tag?post=1442"}],"curies":[{"name":"wp","href":"https:\/\/api.w.org\/{rel}","templated":true}]}}