{"id":1427,"date":"2024-01-19T12:49:39","date_gmt":"2024-01-19T12:49:39","guid":{"rendered":"http:\/\/traffic-angel.local\/product\/24-12v-voltage-dropper-red-black-ip-op-wires\/"},"modified":"2025-10-20T09:20:04","modified_gmt":"2025-10-20T09:20:04","slug":"24v-to-12v-voltage-dropper-red-black-ip-op-wires","status":"publish","type":"product","link":"https:\/\/www.trafficangel.co.uk\/fr\/produit-2\/24v-to-12v-voltage-dropper-red-black-ip-op-wires\/","title":{"rendered":"Compte-gouttes de tension 24 V \u00e0 12 V, fils IP\/OP rouges + noirs"},"content":{"rendered":"<p>Le r\u00e9ducteur de tension 24 V \u00e0 12 V r\u00e9duit en toute s\u00e9curit\u00e9 l&#039;alimentation 24 V du v\u00e9hicule \u00e0 12 V, permettant ainsi le fonctionnement d&#039;\u00e9quipements 12 V dans les v\u00e9hicules utilitaires. Gr\u00e2ce \u00e0 son c\u00e2blage d&#039;entr\u00e9e\/sortie rouge et noir simple, il est facile \u00e0 installer et id\u00e9al pour l&#039;alimentation. <a href=\"https:\/\/www.trafficangel.co.uk\/fr\/cameras\/\" target=\"_blank\" rel=\"noopener\">cam\u00e9ras<\/a>, <a href=\"https:\/\/www.trafficangel.co.uk\/fr\/moniteurs\/\" target=\"_blank\" rel=\"noopener\">moniteurs<\/a>, et <a href=\"https:\/\/www.trafficangel.co.uk\/fr\/systeme-de-securite-progressif\/\" target=\"_blank\" rel=\"noopener\">syst\u00e8mes de s\u00e9curit\u00e9<\/a>.<\/p>","protected":false},"excerpt":{"rendered":"<p>Le r\u00e9ducteur de tension de 24 V \u00e0 12 V r\u00e9duit en toute s\u00e9curit\u00e9 l&#039;alimentation du v\u00e9hicule de 24 V \u00e0 12 V, permettant ainsi aux \u00e9quipements de 12 V de fonctionner dans les v\u00e9hicules commerciaux.<\/p>","protected":false},"featured_media":498,"template":"","meta":{"_acf_changed":false},"product_cat":[26,28],"product_tag":[],"class_list":{"0":"post-1427","1":"product","2":"type-product","3":"status-publish","4":"has-post-thumbnail","6":"product_cat-cables-accessories","7":"product_cat-miscellaneous","9":"first","10":"instock","11":"taxable","12":"shipping-taxable","13":"purchasable","14":"product-type-simple"},"acf":[],"_links":{"self":[{"href":"https:\/\/www.trafficangel.co.uk\/fr\/wp-json\/wp\/v2\/product\/1427","targetHints":{"allow":["GET"]}}],"collection":[{"href":"https:\/\/www.trafficangel.co.uk\/fr\/wp-json\/wp\/v2\/product"}],"about":[{"href":"https:\/\/www.trafficangel.co.uk\/fr\/wp-json\/wp\/v2\/types\/product"}],"wp:featuredmedia":[{"embeddable":true,"href":"https:\/\/www.trafficangel.co.uk\/fr\/wp-json\/wp\/v2\/media\/498"}],"wp:attachment":[{"href":"https:\/\/www.trafficangel.co.uk\/fr\/wp-json\/wp\/v2\/media?parent=1427"}],"wp:term":[{"taxonomy":"product_cat","embeddable":true,"href":"https:\/\/www.trafficangel.co.uk\/fr\/wp-json\/wp\/v2\/product_cat?post=1427"},{"taxonomy":"product_tag","embeddable":true,"href":"https:\/\/www.trafficangel.co.uk\/fr\/wp-json\/wp\/v2\/product_tag?post=1427"}],"curies":[{"name":"wp","href":"https:\/\/api.w.org\/{rel}","templated":true}]}}