{"id":1382,"date":"2024-01-19T12:49:26","date_gmt":"2024-01-19T12:49:26","guid":{"rendered":"http:\/\/traffic-angel.local\/product\/1m-single-rca-cable\/"},"modified":"2025-10-20T08:32:17","modified_gmt":"2025-10-20T08:32:17","slug":"cable-rca-1-m","status":"publish","type":"product","link":"https:\/\/www.trafficangel.co.uk\/fr\/produit-2\/cable-rca-1-m\/","title":{"rendered":"C\u00e2ble RCA de 1 m"},"content":{"rendered":"<p>Le c\u00e2ble RCA de 1 m offre une connexion simple et fiable pour les signaux vid\u00e9o ou audio des syst\u00e8mes de s\u00e9curit\u00e9 des v\u00e9hicules. Id\u00e9al pour les liaisons courtes distances entre cam\u00e9ras, moniteurs ou \u00e9quipements d&#039;enregistrement, sa longueur compacte garantit des installations nettes et efficaces. Ses connecteurs de haute qualit\u00e9 garantissent un signal stable et clair, m\u00eame dans les environnements de flotte exigeants.<\/p>","protected":false},"excerpt":{"rendered":"<p>C\u00e2ble RCA de 1 m<\/p>","protected":false},"featured_media":414,"template":"","meta":{"_acf_changed":false},"product_cat":[26,27],"product_tag":[],"class_list":{"0":"post-1382","1":"product","2":"type-product","3":"status-publish","4":"has-post-thumbnail","6":"product_cat-cables-accessories","7":"product_cat-camera-trailer-cables","9":"first","10":"instock","11":"taxable","12":"shipping-taxable","13":"purchasable","14":"product-type-simple"},"acf":[],"_links":{"self":[{"href":"https:\/\/www.trafficangel.co.uk\/fr\/wp-json\/wp\/v2\/product\/1382","targetHints":{"allow":["GET"]}}],"collection":[{"href":"https:\/\/www.trafficangel.co.uk\/fr\/wp-json\/wp\/v2\/product"}],"about":[{"href":"https:\/\/www.trafficangel.co.uk\/fr\/wp-json\/wp\/v2\/types\/product"}],"wp:featuredmedia":[{"embeddable":true,"href":"https:\/\/www.trafficangel.co.uk\/fr\/wp-json\/wp\/v2\/media\/414"}],"wp:attachment":[{"href":"https:\/\/www.trafficangel.co.uk\/fr\/wp-json\/wp\/v2\/media?parent=1382"}],"wp:term":[{"taxonomy":"product_cat","embeddable":true,"href":"https:\/\/www.trafficangel.co.uk\/fr\/wp-json\/wp\/v2\/product_cat?post=1382"},{"taxonomy":"product_tag","embeddable":true,"href":"https:\/\/www.trafficangel.co.uk\/fr\/wp-json\/wp\/v2\/product_tag?post=1382"}],"curies":[{"name":"wp","href":"https:\/\/api.w.org\/{rel}","templated":true}]}}