{"id":3981,"date":"2025-08-11T12:07:41","date_gmt":"2025-08-11T12:07:41","guid":{"rendered":"https:\/\/www.trafficangel.co.uk\/?page_id=3981"},"modified":"2026-04-24T14:58:08","modified_gmt":"2026-04-24T14:58:08","slug":"digital-video-recorders","status":"publish","type":"page","link":"https:\/\/www.trafficangel.co.uk\/fr\/digital-video-recorders\/","title":{"rendered":"Enregistreurs vid\u00e9o num\u00e9riques"},"content":{"rendered":"<section class=\"featured-case-study-block__section relative w-full bg-right bg-no-repeat bg-cover bg-secondary section-padding\" style=\"background-image: url('https:\/\/www.trafficangel.co.uk\/wp-content\/uploads\/2026\/04\/Website-Illustrations-7.png');\">\n\t<div class=\"container relative z-20\">\n\t\t<div class=\"z-20 flex flex-wrap w-full justify-start\">\n\t\t\t<div class=\"w-full lg:max-w-3xl\">\n\t\t\t\t\t\t\t\t\t<h3 class=\"w-full mb-4 text-xl font-semibold text-white text-center lg:text-left lg:text-2xl xl:text-3xl\" style=\"color:#ffffff;\">\n\t\t\t\t\t\tDigital Video Recorders for Commercial Vehicle Camera Systems\t\t\t\t\t<\/h3>\n\t\t\t\t\n\t\t\t\t\t\t\t\t\t<p class=\"text-lg font-[400] text-center text-white lg:text-left\" style=\"color:#ffffff;\">\n\t\t\t\t\t\tDigital Video Recorders\u00a0(DVRs) are the central hub of any professional vehicle camera system, capturing and storing footage from multiple cameras around a vehicle. Designed with fleet operators, transport managers, and site vehicles in mind, DVRs provide reliable, date-stamped video evidence of events on the road and on site.\n\t\t\t\t\t<\/p>\n\t\t\t\t\n\t\t\t\t\t\t\t\t\t<div class=\"mt-4 text-center lg:text-left\">\n\t\t\t\t\t<a class=\"case-study-read-more button button-full button-cta no-underline\" style=\"text-decoration:none;color:#043254;\"\n\t\t\t\t\t\thref=\"https:\/\/www.trafficangel.co.uk\/fr\/systemes-denregistrement-video\/dvr\/\"\n\t\t\t\t\t\t target=\"_blank\">\n\t\t\t\t\t\tView TrafficAngel DVRs\t\t\t\t\t<\/a>\n\t\t\t\t\t<\/div>\n\t\t\t\t\t\t\t<\/div>\n\t\t<\/div>\n\t<\/div>\n\t<div class=\"absolute inset-0 z-10 w-full bg-gradient-to-r from-secondary to-transparent\"><\/div>\n<\/section><div style=\"height:46px\" aria-hidden=\"true\" class=\"wp-block-spacer\"><\/div><section class=\"w-full py-8 bg-white\">\n\t\t\t<div class=\"w-full\">\n\t\t\t<h2 data-section-id=\"r1qoze\" data-start=\"1511\" data-end=\"1551\">What Is a Digital Video Recorder?<\/h2>\n<p data-start=\"1553\" data-end=\"1844\">A <a href=\"https:\/\/www.trafficangel.co.uk\/fr\/systemes-denregistrement-video\/dvr\/\"><strong data-start=\"1555\" data-end=\"1581\">Enregistreur vid\u00e9o num\u00e9rique<\/strong><\/a>, commonly known as a <strong data-start=\"1603\" data-end=\"1610\">DVR<\/strong>, records and stores footage from cameras fitted around a vehicle. This can include <a href=\"https:\/\/www.trafficangel.co.uk\/fr\/cameras\/cameras-frontales\/\">forward-facing cameras<\/a>, <a href=\"https:\/\/www.trafficangel.co.uk\/fr\/cameras\/cameras-arriere\/\">cam\u00e9ras arri\u00e8re<\/a>, <a href=\"https:\/\/www.trafficangel.co.uk\/fr\/cameras\/cameras-laterales\/\">cam\u00e9ras de vision lat\u00e9rale<\/a>, <a href=\"https:\/\/www.trafficangel.co.uk\/fr\/cameras\/cameras-internes-et-ip\/\">internal cameras<\/a> or load-area cameras, depending on the vehicle and operational requirements.<\/p>\n<p data-start=\"1846\" data-end=\"2123\">For commercial fleets, a DVR is more than a simple recording device. It provides a secure record of activity on the road, on site and around the vehicle, helping operators review incidents, protect drivers, support insurance claims and maintain a stronger commitment to safety.<\/p>\n<p data-section-id=\"r1qoze\" data-start=\"1511\" data-end=\"1551\">Ils constituent un outil essentiel pour prot\u00e9ger les conducteurs, pr\u00e9server les primes d'assurance, am\u00e9liorer l'efficacit\u00e9 et renforcer l'engagement d'une flotte en faveur de la s\u00e9curit\u00e9 et de la conformit\u00e9 en travaillant en parall\u00e8le avec les programmes de s\u00e9curit\u00e9 du secteur tels que FORS, CLOCS et l'initiative de l'Union europ\u00e9enne pour la s\u00e9curit\u00e9 routi\u00e8re. <a href=\"https:\/\/tfl.gov.uk\/info-for\/deliveries-in-london\/delivering-safely\/direct-vision-in-heavy-goods-vehicles\/dvs-star-ratings-and-safe-system\" target=\"_blank\" rel=\"noreferrer noopener\">Syst\u00e8me de s\u00e9curit\u00e9 progressif TfL.<\/a><\/p>\n<p data-start=\"2125\" data-end=\"2359\">TrafficAngel Digital Video Recorders can be fitted as part of a complete vehicle safety system, working alongside cameras, monitors, sensors and audible warning systems for wider vehicle coverage<\/p>\n\t\t\t\t\t<\/div>\n\t<\/section><section class=\"w-full py-8 bg-white\">\n\t\t\t<div class=\"w-full\">\n\t\t\t<p><!-- wp:heading --><\/p>\n<h2 class=\"wp-block-heading\">Construire un syst\u00e8me complet<\/h2>\n<p><!-- \/wp:heading --> <!-- wp:paragraph --><\/p>\n<p>Pour un fonctionnement efficace, il est pr\u00e9f\u00e9rable d&#039;installer un DVR dans le cadre d&#039;un syst\u00e8me de s\u00e9curit\u00e9 TrafficAngel complet. Cela peut inclure <a href=\"https:\/\/www.trafficangel.co.uk\/fr\/moniteurs\/\">moniteurs en cabine<\/a> pour donner aux conducteurs une vue en direct des angles morts, des cam\u00e9ras externes pour une couverture compl\u00e8te du v\u00e9hicule, <a href=\"https:\/\/www.trafficangel.co.uk\/fr\/systemes-de-capteurs\/\">syst\u00e8mes de capteurs<\/a> pour d\u00e9tecter les cyclistes ou les pi\u00e9tons \u00e0 proximit\u00e9, et <a href=\"https:\/\/www.trafficangel.co.uk\/fr\/alarmes\/\">avertissements sonores<\/a> pour alerter les usagers vuln\u00e9rables de la route lorsqu&#039;un v\u00e9hicule man\u0153uvre.<\/p>\n<p><!-- \/wp:paragraph --> <!-- wp:paragraph --><\/p>\n<p>Des options de visualisation en direct et de localisation \u00e0 distance sont \u00e9galement disponibles, et un choix de supports de stockage s\u00e9curis\u00e9s \u00e0 haute endurance permet de conserver les images aussi longtemps que le requiert votre activit\u00e9. Des solutions suppl\u00e9mentaires de montage et de c\u00e2blage sur mesure garantissent que chaque composant est install\u00e9 en toute s\u00e9curit\u00e9 et fonctionne de mani\u00e8re fiable dans des conditions exigeantes, avec une durabilit\u00e9 et une fiabilit\u00e9 int\u00e9gr\u00e9es.<\/p>\n\t\t\t\t\t<\/div>\n\t<\/section><h2 class=\"wp-block-heading\">Principaux avantages pour les op\u00e9rateurs<\/h2><p>Les avantages de l\u2019utilisation d\u2019enregistreurs vid\u00e9o num\u00e9riques au sein de votre flotte incluent\u00a0:<\/p><ul class=\"wp-block-list\"><li>Des preuves vid\u00e9o claires pour l&#039;enqu\u00eate sur l&#039;incident et la d\u00e9fense des assurances<\/li>\n\n<li>Enregistrement multicanal pour une couverture compl\u00e8te du v\u00e9hicule<\/li>\n\n<li>Fonctionnement autonome, sans intervention du conducteur du v\u00e9hicule<\/li>\n\n<li>L'enregistrement continue, m\u00eame apr\u00e8s le stationnement du v\u00e9hicule.<\/li>\n\n<li>Stockage s\u00e9curis\u00e9 qui emp\u00eache toute falsification<\/li>\n\n<li>R\u00e9cup\u00e9ration simple des s\u00e9quences par date et heure, sur l'appareil ou sur l'ordinateur<\/li>\n\n<li>Potential for reduced insurance premiums, some insurers provide a discount for having cameras fitted<\/li>\n\n<li>Confiance accrue des conducteurs et protection contre les fausses d\u00e9clarations<\/li><\/ul><div class=\"mb-4 space-y-2 lg:flex lg:space-x-2 lg:space-y-0\"><a href=\"https:\/\/www.trafficangel.co.uk\/fr\/contact\/\" class=\"px-4 py-2 text-center text-white no-underline transition-all ease-linear rounded-sm cursor-pointer button-block visited:text-white focus:text-white lg:py-3 md:px-5 button-primary flex justify-center items-center\">Contactez-nous<\/a><\/div><div class=\"wp-block-media-text is-stacked-on-mobile\" style=\"grid-template-columns:43% auto\"><figure class=\"wp-block-media-text__media\"><img loading=\"lazy\" decoding=\"async\" width=\"1583\" height=\"1745\" src=\"https:\/\/www.trafficangel.co.uk\/wp-content\/uploads\/2025\/08\/PXL_20250714_132720955-scaled-e1755702941978.jpg\" alt=\"\" class=\"wp-image-4085 size-full\" srcset=\"https:\/\/www.trafficangel.co.uk\/wp-content\/uploads\/2025\/08\/PXL_20250714_132720955-scaled-e1755702941978.jpg 1583w, https:\/\/www.trafficangel.co.uk\/wp-content\/uploads\/2025\/08\/PXL_20250714_132720955-scaled-e1755702941978-272x300.jpg 272w, https:\/\/www.trafficangel.co.uk\/wp-content\/uploads\/2025\/08\/PXL_20250714_132720955-scaled-e1755702941978-768x847.jpg 768w, https:\/\/www.trafficangel.co.uk\/wp-content\/uploads\/2025\/08\/PXL_20250714_132720955-scaled-e1755702941978-1393x1536.jpg 1393w, https:\/\/www.trafficangel.co.uk\/wp-content\/uploads\/2025\/08\/PXL_20250714_132720955-scaled-e1755702941978-11x12.jpg 11w, https:\/\/www.trafficangel.co.uk\/wp-content\/uploads\/2025\/08\/PXL_20250714_132720955-scaled-e1755702941978-260x287.jpg 260w, https:\/\/www.trafficangel.co.uk\/wp-content\/uploads\/2025\/08\/PXL_20250714_132720955-scaled-e1755702941978-544x600.jpg 544w, https:\/\/www.trafficangel.co.uk\/wp-content\/uploads\/2025\/08\/PXL_20250714_132720955-scaled-e1755702941978-600x661.jpg 600w, https:\/\/www.trafficangel.co.uk\/wp-content\/uploads\/2025\/08\/PXL_20250714_132720955-scaled-e1755702941978-64x71.jpg 64w\" sizes=\"auto, (max-width: 1583px) 100vw, 1583px\" \/><\/figure><div class=\"wp-block-media-text__content\"><h2 class=\"wp-block-heading\">Comment fonctionnent les DVR dans votre flotte<\/h2>\n\n<div class=\"wp-block-columns are-vertically-aligned-center is-layout-flex wp-container-core-columns-is-layout-9d6595d7 wp-block-columns-is-layout-flex\"><div class=\"wp-block-column is-vertically-aligned-center is-layout-flow wp-block-column-is-layout-flow\" style=\"flex-basis:100%\"><p>Install\u00e9 discr\u00e8tement \u00e0 l&#039;int\u00e9rieur de la cabine, un DVR fonctionne en enregistrant en continu la vid\u00e9o des v\u00e9hicules connect\u00e9s. <a href=\"https:\/\/www.trafficangel.co.uk\/fr\/cameras\/\">cam\u00e9ras<\/a>, qui peut inclure <a href=\"https:\/\/www.trafficangel.co.uk\/fr\/cameras\/cameras-frontales\/\">unit\u00e9s orient\u00e9es vers l&#039;avant<\/a>, <a href=\"https:\/\/www.trafficangel.co.uk\/fr\/cameras\/cameras-arriere\/\">cam\u00e9ras arri\u00e8re<\/a>, et <a href=\"https:\/\/www.trafficangel.co.uk\/fr\/cameras\/cameras-laterales\/\">cam\u00e9ras de vision lat\u00e9rale<\/a> pour couvrir les angles morts. Les syst\u00e8mes peuvent \u00e9galement \u00eatre configur\u00e9s pour inclure des cam\u00e9ras suppl\u00e9mentaires, telles que <a href=\"https:\/\/www.trafficangel.co.uk\/fr\/cameras\/cameras-internes-et-ip\/\">cam\u00e9ras int\u00e9rieures de la cabine<\/a> ou des cam\u00e9ras de chargement, pour surveiller la cargaison. Ces cam\u00e9ras peuvent \u00eatre personnalis\u00e9es pour s'adapter \u00e0 un v\u00e9hicule ou \u00e0 une application sp\u00e9cifique.<\/p><\/div><\/div>\n\n<p>Les images sont stock\u00e9es en toute s\u00e9curit\u00e9 dans un bo\u00eetier verrouill\u00e9 et inviolable, garantissant ainsi leur recevabilit\u00e9 en cas d&#039;enqu\u00eate ou de r\u00e9clamation d&#039;assurance. Cet enregistrement clair peut contribuer \u00e0 r\u00e9soudre rapidement les litiges, \u00e0 se pr\u00e9munir contre les r\u00e9clamations frauduleuses et m\u00eame \u00e0 mettre en avant les pratiques de conduite s\u00e9curitaire lors des formations.<\/p><\/div><\/div><h2 class=\"wp-block-heading\">Enregistreurs vid\u00e9o num\u00e9riques TrafficAngel<\/h2><p>Les enregistreurs vid\u00e9o num\u00e9riques TrafficAngel sont con\u00e7us pour les environnements exigeants des v\u00e9hicules commerciaux. Ils offrent un enregistrement de haute qualit\u00e9, des fonctions et des technologies avanc\u00e9es, une construction robuste de qualit\u00e9 commerciale et des accessoires d\u00e9velopp\u00e9s sur mesure pour une installation professionnelle.<\/p><p>Qu'il soit install\u00e9 sur un poids lourd, une camionnette, une benne ou un engin de chantier, un syst\u00e8me DVR vous aide \u00e0 prot\u00e9ger vos conducteurs, \u00e0 sauvegarder votre entreprise et \u00e0 r\u00e9pondre aux attentes des clients et des autorit\u00e9s de r\u00e9glementation en mati\u00e8re de s\u00e9curit\u00e9. Pour obtenir des conseils sur le syst\u00e8me DVR le mieux adapt\u00e9 \u00e0 votre flotte, contactez-nous d\u00e8s aujourd'hui.<\/p><h2 class=\"wp-block-heading\">LiveDrive suppl\u00e9mentaire<\/h2><p>Notre fonction suppl\u00e9mentaire LiveDrive, avec une connexion 4G ou Wi-fi, permet aux utilisateurs de visualiser \u00e0 distance et de t\u00e9l\u00e9charger les s\u00e9quences en direct ou enregistr\u00e9es de n'importe o\u00f9, \u00e0 l'aide de n'importe quel appareil. Le syst\u00e8me conserve \u00e9galement un enregistrement de l'itin\u00e9raire parcouru, en plus de la visualisation de l'emplacement en direct ; il g\u00e9n\u00e8re des rapports pour une meilleure compr\u00e9hension, avec des informations telles que le comportement du conducteur, les statistiques du v\u00e9hicule et l'\u00e9tat de sant\u00e9 du syst\u00e8me. Les s\u00e9quences enregistr\u00e9es et les donn\u00e9es de suivi GPS peuvent \u00eatre t\u00e9l\u00e9charg\u00e9es \u00e0 distance \u00e0 l'aide du logiciel PC. Notre logiciel LiveDrive est disponible sur Android, iOS, Windows et les navigateurs Web, ce qui signifie que vous pouvez y acc\u00e9der facilement o\u00f9 que vous soyez.<\/p><p>Notre \u00e9quipe est toujours heureuse de discuter de la mani\u00e8re dont nous pouvons aider votre flotte. S'il vous pla\u00eet <a href=\"\/fr\/contact\/\">Contactez-nous<\/a> pour savoir comment nous pouvons vous aider aujourd'hui !<\/p><figure class=\"wp-block-embed is-type-video is-provider-youtube wp-block-embed-youtube wp-embed-aspect-16-9 wp-has-aspect-ratio\"><div class=\"wp-block-embed__wrapper\">\n<iframe loading=\"lazy\" title=\"Fonctionnement du syst\u00e8me d&#039;enregistrement vid\u00e9o num\u00e9rique TrafficAngel | S\u00e9curit\u00e9 des flottes commerciales | DVR\" width=\"1778\" height=\"1000\" src=\"https:\/\/www.youtube.com\/embed\/SLgmqrvRJj4?feature=oembed\" frameborder=\"0\" allow=\"accelerometer; autoplay; clipboard-write; encrypted-media; gyroscope; picture-in-picture; web-share\" referrerpolicy=\"strict-origin-when-cross-origin\" allowfullscreen><\/iframe>\n<\/div><\/figure>","protected":false},"excerpt":{"rendered":"<p>Top Benefits for Operators The benefits of using digital video recorders within your fleet include: TrafficAngel Digital Video Recorders TrafficAngel digital video recorders are designed for the demanding environments faced<\/p>","protected":false},"author":7,"featured_media":3982,"parent":0,"menu_order":0,"comment_status":"closed","ping_status":"closed","template":"","meta":{"_acf_changed":false,"footnotes":""},"class_list":["post-3981","page","type-page","status-publish","has-post-thumbnail","hentry"],"acf":[],"_links":{"self":[{"href":"https:\/\/www.trafficangel.co.uk\/fr\/wp-json\/wp\/v2\/pages\/3981","targetHints":{"allow":["GET"]}}],"collection":[{"href":"https:\/\/www.trafficangel.co.uk\/fr\/wp-json\/wp\/v2\/pages"}],"about":[{"href":"https:\/\/www.trafficangel.co.uk\/fr\/wp-json\/wp\/v2\/types\/page"}],"author":[{"embeddable":true,"href":"https:\/\/www.trafficangel.co.uk\/fr\/wp-json\/wp\/v2\/users\/7"}],"replies":[{"embeddable":true,"href":"https:\/\/www.trafficangel.co.uk\/fr\/wp-json\/wp\/v2\/comments?post=3981"}],"version-history":[{"count":26,"href":"https:\/\/www.trafficangel.co.uk\/fr\/wp-json\/wp\/v2\/pages\/3981\/revisions"}],"predecessor-version":[{"id":6131,"href":"https:\/\/www.trafficangel.co.uk\/fr\/wp-json\/wp\/v2\/pages\/3981\/revisions\/6131"}],"wp:featuredmedia":[{"embeddable":true,"href":"https:\/\/www.trafficangel.co.uk\/fr\/wp-json\/wp\/v2\/media\/3982"}],"wp:attachment":[{"href":"https:\/\/www.trafficangel.co.uk\/fr\/wp-json\/wp\/v2\/media?parent=3981"}],"curies":[{"name":"wp","href":"https:\/\/api.w.org\/{rel}","templated":true}]}}