{"id":1730,"date":"2024-01-17T17:28:43","date_gmt":"2024-01-17T17:28:43","guid":{"rendered":"https:\/\/trafficangel-qqzv.temp-dns.com\/?page_id=1730"},"modified":"2025-06-12T15:56:50","modified_gmt":"2025-06-12T15:56:50","slug":"garantie","status":"publish","type":"page","link":"https:\/\/www.trafficangel.co.uk\/fr\/garantie\/","title":{"rendered":"garantie"},"content":{"rendered":"<p><strong>TrafficAngel est fier d&#039;offrir une garantie sans tracas et une politique de retour sur tous les produits.<\/strong><\/p><p>Nos p\u00e9riodes de garantie sont valables \u00e0 compter de la date d&#039;achat ou d&#039;installation par nos ing\u00e9nieurs ou un tiers mandat\u00e9 par TrafficAngel, et couvrent nos produits contre les pannes ou les d\u00e9fauts \u00e0 condition que toutes les proc\u00e9dures d&#039;installation et les conditions de garantie soient respect\u00e9es. Veuillez noter que le non-respect de toutes les conditions de garantie annulera toute garantie accord\u00e9e.<\/p><p>Si vous souhaitez retourner un produit, veuillez t\u00e9l\u00e9charger une copie de notre formulaire de retour\u00a0<a href=\"https:\/\/www.trafficangel.co.uk\/wp-content\/uploads\/2024\/04\/TrafficAngel-Customer-Returns-Form.docx\">ICI<\/a>, une fois termin\u00e9, veuillez l&#039;imprimer et le placer dans le colis, ou bien l&#039;envoyer par e-mail \u00e0\u00a0<a href=\"mailto:help@trafficangel.co.uk\">help@trafficangel.co.uk<\/a>\u00a0avec le num\u00e9ro de suivi du colis.<br>Dans le cas peu probable o\u00f9 vous deviez retourner un produit parce qu&#039;il est d\u00e9fectueux ou si vous souhaitez faire une r\u00e9clamation au titre de la garantie, veuillez remplir une copie de notre formulaire de retour et l&#039;imprimer et la placer dans le colis, ou envoyer un e-mail \u00e0\u00a0<a href=\"mailto:help@trafficangel.co.uk\">help@trafficangel.co.uk<\/a>\u00a0avec le formulaire de retour ci-joint et les d\u00e9tails de suivi du colis.<\/p><div class=\"mb-4 space-y-2 lg:flex lg:space-x-2 lg:space-y-0\"><a href=\"https:\/\/www.trafficangel.co.uk\/wp-content\/uploads\/2024\/04\/TrafficAngel-Customer-Returns-Form.docx\" class=\"px-4 py-2 text-center text-white no-underline transition-all ease-linear rounded-sm cursor-pointer button-block visited:text-white focus:text-white lg:py-3 md:px-5 button-primary flex justify-center items-center\"><svg xmlns=\"http:\/\/www.w3.org\/2000\/svg\" width=\"20\" height=\"20\" viewbox=\"0 0 24 24\" fill=\"none\" stroke=\"currentColor\" stroke-width=\"2\" stroke-linecap=\"round\" stroke-linejoin=\"round\" class=\"mr-2 lucide lucide-download\"><path d=\"M21 15v4a2 2 0 0 1-2 2H5a2 2 0 0 1-2-2v-4\"\/><polyline points=\"7 10 12 15 17 10\"\/><line x1=\"12\" x2=\"12\" y1=\"15\" y2=\"3\"\/><\/svg>Formulaire de retour client<\/a><\/div><p><strong>Produits TrafficAngel sur les v\u00e9hicules commerciaux (la plupart des v\u00e9hicules commerciaux)<\/strong><\/p><p>Produits mont\u00e9s \u00e0 l&#039;ext\u00e9rieur \u2013 1 an<\/p><p>Produits mont\u00e9s en interne - 2 ans<\/p><p>Composants externes PSS - 2 ans<\/p><p>Composants internes PSS - 2 ans<\/p><p>Stockage \u2013 3 ans<\/p><p><strong>Produits TrafficAngel sur v\u00e9hicules commerciaux lourds (v\u00e9hicules lav\u00e9s \u00e0 l&#039;acide tels que les v\u00e9hicules \u00e0 b\u00e9ton)<\/strong><\/p><p>Produits ext\u00e9rieurs mont\u00e9s - 1 an<\/p><p>Produits mont\u00e9s \u00e0 l&#039;int\u00e9rieur - 2 ans<\/p><p>Composants externes PSS \u2013 1 an<\/p><p>Composants internes PSS - 2 ans<\/p><p>Stockage \u2013 3 ans<\/p><p><strong>Produits TrafficAngel sur les v\u00e9hicules non commerciaux (Camping-cars \/ Camping-cars)<\/strong><\/p><p>Produits mont\u00e9s \u00e0 l&#039;ext\u00e9rieur - 2 ans<\/p><p>Produits mont\u00e9s en interne - 2 ans<\/p><p>Stockage \u2013 3 ans<\/p>","protected":false},"excerpt":{"rendered":"<p>TrafficAngel est fier d&#039;offrir une garantie et une politique de retour sans tracas sur tous ses produits. Nos p\u00e9riodes de garantie sont valables \u00e0 compter de la date d&#039;achat ou d&#039;installation par nos ing\u00e9nieurs.<\/p>","protected":false},"author":2,"featured_media":0,"parent":0,"menu_order":0,"comment_status":"closed","ping_status":"closed","template":"","meta":{"_acf_changed":false,"footnotes":""},"class_list":["post-1730","page","type-page","status-publish","hentry"],"acf":[],"_links":{"self":[{"href":"https:\/\/www.trafficangel.co.uk\/fr\/wp-json\/wp\/v2\/pages\/1730","targetHints":{"allow":["GET"]}}],"collection":[{"href":"https:\/\/www.trafficangel.co.uk\/fr\/wp-json\/wp\/v2\/pages"}],"about":[{"href":"https:\/\/www.trafficangel.co.uk\/fr\/wp-json\/wp\/v2\/types\/page"}],"author":[{"embeddable":true,"href":"https:\/\/www.trafficangel.co.uk\/fr\/wp-json\/wp\/v2\/users\/2"}],"replies":[{"embeddable":true,"href":"https:\/\/www.trafficangel.co.uk\/fr\/wp-json\/wp\/v2\/comments?post=1730"}],"version-history":[{"count":14,"href":"https:\/\/www.trafficangel.co.uk\/fr\/wp-json\/wp\/v2\/pages\/1730\/revisions"}],"predecessor-version":[{"id":2736,"href":"https:\/\/www.trafficangel.co.uk\/fr\/wp-json\/wp\/v2\/pages\/1730\/revisions\/2736"}],"wp:attachment":[{"href":"https:\/\/www.trafficangel.co.uk\/fr\/wp-json\/wp\/v2\/media?parent=1730"}],"curies":[{"name":"wp","href":"https:\/\/api.w.org\/{rel}","templated":true}]}}