{"id":2702,"date":"2024-05-26T19:43:31","date_gmt":"2024-05-26T19:43:31","guid":{"rendered":"https:\/\/trafficangel-qqzv.temp-dns.com\/?post_type=product&#038;p=2702"},"modified":"2025-10-20T10:23:33","modified_gmt":"2025-10-20T10:23:33","slug":"sistema-de-seguridad-progresivo-traffic-angel-sistema-de-seguridad-mois-bsis-con-3-camaras-ia-volante-a-la-izquierda","status":"publish","type":"product","link":"https:\/\/www.trafficangel.co.uk\/es\/producto-2\/sistema-de-seguridad-progresivo-traffic-angel-sistema-de-seguridad-mois-bsis-con-3-camaras-ia-volante-a-la-izquierda\/","title":{"rendered":"Sistema de seguridad progresivo TrafficAngel MOIS + BSIS Sistema de 3 c\u00e1maras con inteligencia artificial (volante a la izquierda)"},"content":{"rendered":"<p style=\"font-weight: 400;\">El <strong>\u00c1ngel del tr\u00e1fico <a href=\"https:\/\/www.trafficangel.co.uk\/es\/sistema-de-seguridad-progresivo-2024\/\" target=\"_blank\" rel=\"noopener\">Sistema Seguro Progresivo<\/a><\/strong> incluye 3 c\u00e1maras de IA (1 delantera, 1 en las esquinas y 1 lateral), 1 pantalla del lado del conductor, 1 pantalla del lado del pasajero, 1 unidad de control, 1 m\u00f3dulo de giroscopio\/GPS, que cuando se instala cumple con todos los requisitos estipulados por TfL en su \u00faltima documentaci\u00f3n sobre PSS\/BSIS\/MOIS, incluida la diferenciaci\u00f3n entre peatones y mobiliario urbano y la advertencia de audio que permanece en silencio cuando no se percibe ning\u00fan peligro para el usuario vulnerable de la carretera (VRU) mientras se encuentra dentro del rango de detecci\u00f3n.<\/p>\n<p>Para obtener una descripci\u00f3n sencilla sobre c\u00f3mo funciona el sistema, haga clic aqu\u00ed. O para leer una gu\u00eda completa sobre PSS, haga clic aqu\u00ed. <a href=\"https:\/\/trafficangel.co.uk\/wp-content\/uploads\/2024\/04\/TAPPS-Summary.pdf\" target=\"_blank\" rel=\"noopener\">aqu\u00ed<\/a>.<\/p>","protected":false},"excerpt":{"rendered":"<p>El <strong>Sistema Progresivo Seguro TrafficAngel<\/strong> incluye 3 c\u00e1maras de IA (1 delantera, 1 en las esquinas y 1 lateral), 1 pantalla del lado del conductor, 1 pantalla del lado del pasajero, 1 unidad de control, 1 m\u00f3dulo de giroscopio\/GPS, que cuando se instala cumple con todos los requisitos estipulados por TfL en su \u00faltima documentaci\u00f3n sobre PSS\/BSIS\/MOIS, incluida la diferenciaci\u00f3n entre peatones y mobiliario urbano y la advertencia de audio que permanece en silencio cuando no se percibe ning\u00fan peligro para el usuario vulnerable de la carretera (VRU) mientras se encuentra dentro del rango de detecci\u00f3n.<\/p>","protected":false},"featured_media":2933,"template":"","meta":{"_acf_changed":false},"product_cat":[53,84],"product_tag":[],"class_list":{"0":"post-2702","1":"product","2":"type-product","3":"status-publish","4":"has-post-thumbnail","6":"product_cat-progressive-safe-system","7":"product_cat-pss-solutions","9":"first","10":"instock","11":"taxable","12":"shipping-taxable","13":"purchasable","14":"product-type-simple"},"acf":[],"_links":{"self":[{"href":"https:\/\/www.trafficangel.co.uk\/es\/wp-json\/wp\/v2\/product\/2702","targetHints":{"allow":["GET"]}}],"collection":[{"href":"https:\/\/www.trafficangel.co.uk\/es\/wp-json\/wp\/v2\/product"}],"about":[{"href":"https:\/\/www.trafficangel.co.uk\/es\/wp-json\/wp\/v2\/types\/product"}],"wp:featuredmedia":[{"embeddable":true,"href":"https:\/\/www.trafficangel.co.uk\/es\/wp-json\/wp\/v2\/media\/2933"}],"wp:attachment":[{"href":"https:\/\/www.trafficangel.co.uk\/es\/wp-json\/wp\/v2\/media?parent=2702"}],"wp:term":[{"taxonomy":"product_cat","embeddable":true,"href":"https:\/\/www.trafficangel.co.uk\/es\/wp-json\/wp\/v2\/product_cat?post=2702"},{"taxonomy":"product_tag","embeddable":true,"href":"https:\/\/www.trafficangel.co.uk\/es\/wp-json\/wp\/v2\/product_tag?post=2702"}],"curies":[{"name":"wp","href":"https:\/\/api.w.org\/{rel}","templated":true}]}}