{"id":2346,"date":"2024-04-16T12:54:26","date_gmt":"2024-04-16T12:54:26","guid":{"rendered":"https:\/\/trafficangel-qqzv.temp-dns.com\/?post_type=product&#038;p=2346"},"modified":"2025-10-20T10:24:27","modified_gmt":"2025-10-20T10:24:27","slug":"camara-de-esquina-para-el-sistema-de-seguridad-progresivo-trafficangel","status":"publish","type":"product","link":"https:\/\/www.trafficangel.co.uk\/es\/producto-2\/camara-de-esquina-para-el-sistema-de-seguridad-progresivo-trafficangel\/","title":{"rendered":"C\u00e1mara de esquina para sistema de seguridad progresiva TrafficAngel"},"content":{"rendered":"<p>C\u00e1mara de esquina para usar con TrafficAngel <a href=\"https:\/\/www.trafficangel.co.uk\/es\/sistema-de-seguridad-progresivo\/\" target=\"_blank\" rel=\"noopener\">Sistema Seguro Progresivo<\/a>Esta c\u00e1mara con inteligencia artificial se monta en la esquina del lado derecho del veh\u00edculo y se utiliza como parte de nuestro sistema de informaci\u00f3n de puntos ciegos (BSIS). La c\u00e1mara incluye fijaciones y una cu\u00f1a y una almohadilla de silicona. Tenga en cuenta que para instalar esta c\u00e1mara se requiere nuestro kit de instalaci\u00f3n para la calibraci\u00f3n.<\/p>","protected":false},"excerpt":{"rendered":"<p>La c\u00e1mara de esquina para el sistema de seguridad progresivo TrafficAngel<\/p>","protected":false},"featured_media":1918,"template":"","meta":{"_acf_changed":false},"product_cat":[85,53],"product_tag":[],"class_list":{"0":"post-2346","1":"product","2":"type-product","3":"status-publish","4":"has-post-thumbnail","6":"product_cat-components","7":"product_cat-progressive-safe-system","9":"first","10":"instock","11":"taxable","12":"shipping-taxable","13":"purchasable","14":"product-type-simple"},"acf":[],"_links":{"self":[{"href":"https:\/\/www.trafficangel.co.uk\/es\/wp-json\/wp\/v2\/product\/2346","targetHints":{"allow":["GET"]}}],"collection":[{"href":"https:\/\/www.trafficangel.co.uk\/es\/wp-json\/wp\/v2\/product"}],"about":[{"href":"https:\/\/www.trafficangel.co.uk\/es\/wp-json\/wp\/v2\/types\/product"}],"wp:featuredmedia":[{"embeddable":true,"href":"https:\/\/www.trafficangel.co.uk\/es\/wp-json\/wp\/v2\/media\/1918"}],"wp:attachment":[{"href":"https:\/\/www.trafficangel.co.uk\/es\/wp-json\/wp\/v2\/media?parent=2346"}],"wp:term":[{"taxonomy":"product_cat","embeddable":true,"href":"https:\/\/www.trafficangel.co.uk\/es\/wp-json\/wp\/v2\/product_cat?post=2346"},{"taxonomy":"product_tag","embeddable":true,"href":"https:\/\/www.trafficangel.co.uk\/es\/wp-json\/wp\/v2\/product_tag?post=2346"}],"curies":[{"name":"wp","href":"https:\/\/api.w.org\/{rel}","templated":true}]}}