{"id":1582,"date":"2024-01-19T12:50:31","date_gmt":"2024-01-19T12:50:31","guid":{"rendered":"http:\/\/traffic-angel.local\/product\/volvo-monitor-interface-single-lead-with-4-pin-video-only\/"},"modified":"2025-10-20T14:09:38","modified_gmt":"2025-10-20T14:09:38","slug":"interfaz-de-monitor-volvo-con-cable-unico-y-solo-video-de-4-pines","status":"publish","type":"product","link":"https:\/\/www.trafficangel.co.uk\/es\/producto-2\/interfaz-de-monitor-volvo-con-cable-unico-y-solo-video-de-4-pines\/","title":{"rendered":"Interfaz de monitor Volvo: cable \u00fanico con video de 4 pines \u00fanicamente"},"content":{"rendered":"<p>Interfaz de monitor Volvo: cable \u00fanico con video de 4 pines \u00fanicamente<\/p>","protected":false},"excerpt":{"rendered":"<p>Interfaz de monitor Volvo: cable \u00fanico con video de 4 pines \u00fanicamente<\/p>","protected":false},"featured_media":2061,"template":"","meta":{"_acf_changed":false},"product_cat":[904],"product_tag":[],"class_list":{"0":"post-1582","1":"product","2":"type-product","3":"status-publish","4":"has-post-thumbnail","6":"product_cat-screen-interfaces","8":"first","9":"instock","10":"taxable","11":"shipping-taxable","12":"purchasable","13":"product-type-simple"},"acf":[],"_links":{"self":[{"href":"https:\/\/www.trafficangel.co.uk\/es\/wp-json\/wp\/v2\/product\/1582","targetHints":{"allow":["GET"]}}],"collection":[{"href":"https:\/\/www.trafficangel.co.uk\/es\/wp-json\/wp\/v2\/product"}],"about":[{"href":"https:\/\/www.trafficangel.co.uk\/es\/wp-json\/wp\/v2\/types\/product"}],"wp:featuredmedia":[{"embeddable":true,"href":"https:\/\/www.trafficangel.co.uk\/es\/wp-json\/wp\/v2\/media\/2061"}],"wp:attachment":[{"href":"https:\/\/www.trafficangel.co.uk\/es\/wp-json\/wp\/v2\/media?parent=1582"}],"wp:term":[{"taxonomy":"product_cat","embeddable":true,"href":"https:\/\/www.trafficangel.co.uk\/es\/wp-json\/wp\/v2\/product_cat?post=1582"},{"taxonomy":"product_tag","embeddable":true,"href":"https:\/\/www.trafficangel.co.uk\/es\/wp-json\/wp\/v2\/product_tag?post=1582"}],"curies":[{"name":"wp","href":"https:\/\/api.w.org\/{rel}","templated":true}]}}