{"id":1554,"date":"2024-01-19T12:50:21","date_gmt":"2024-01-19T12:50:21","guid":{"rendered":"http:\/\/traffic-angel.local\/product\/4-channel-sd-card-dvr-with-wi-fi-js2-inc-lrb-cdt2-gps\/"},"modified":"2025-11-12T13:53:11","modified_gmt":"2025-11-12T13:53:11","slug":"dvr-de-4-canales-con-doble-tarjeta-sd-gps-y-wifi","status":"publish","type":"product","link":"https:\/\/www.trafficangel.co.uk\/es\/producto-2\/dvr-de-4-canales-con-doble-tarjeta-sd-gps-y-wifi\/","title":{"rendered":"DVR con tarjeta SD doble de 4 canales, GPS y Wi-Fi"},"content":{"rendered":"<p>\u00c1ngel del tr\u00e1fico <a href=\"https:\/\/www.trafficangel.co.uk\/es\/digital-video-recorders\/\">Grabadoras de v\u00eddeo digitales<\/a> (DVR) ofrecen una forma fiable y segura de grabar m\u00faltiples c\u00e1maras alrededor de sus veh\u00edculos, con una amplia gama de funciones, nuestra gama ofrece flexibilidad para adaptar las soluciones de grabaci\u00f3n a sus necesidades. Nuestros DVR aportan grandes ventajas a todos los sectores, desde operadores de flotas hasta proyectos \u00fanicos a medida. La seguridad en torno a los veh\u00edculos es primordial, y todos nuestros DVR, incluido este DVR de doble tarjeta SD de 4 canales con GPS y Wi-Fi, ayudan a promover pr\u00e1cticas de conducci\u00f3n m\u00e1s seguras con mayor responsabilidad. Los sistemas de grabaci\u00f3n tambi\u00e9n ahorran dinero, capturando pruebas claras en caso de incidentes, eliminando falsas reclamaciones al seguro y, por lo tanto, proporcionando ahorros significativos en las primas de seguros. La seguridad que proporciona tener un sistema de grabaci\u00f3n tambi\u00e9n protege a los conductores, veh\u00edculos y activos, funcionando como una medida preventiva que disuade de la actividad delictiva.<\/p>","protected":false},"excerpt":{"rendered":"<p>DVR de 4 canales con doble tarjeta SD, GPS y Wi-Fi. Descubra m\u00e1s sobre nuestro... <a href=\"https:\/\/www.trafficangel.co.uk\/es\/digital-video-recorders\/\" target=\"_blank\" rel=\"noopener\">Grabadoras de v\u00eddeo digitales<\/a>.<\/p>","protected":false},"featured_media":1040,"template":"","meta":{"_acf_changed":false},"product_cat":[19,48],"product_tag":[],"class_list":{"0":"post-1554","1":"product","2":"type-product","3":"status-publish","4":"has-post-thumbnail","6":"product_cat-video-recording-systems","7":"product_cat-dvrs","9":"first","10":"instock","11":"taxable","12":"shipping-taxable","13":"purchasable","14":"product-type-simple"},"acf":[],"_links":{"self":[{"href":"https:\/\/www.trafficangel.co.uk\/es\/wp-json\/wp\/v2\/product\/1554","targetHints":{"allow":["GET"]}}],"collection":[{"href":"https:\/\/www.trafficangel.co.uk\/es\/wp-json\/wp\/v2\/product"}],"about":[{"href":"https:\/\/www.trafficangel.co.uk\/es\/wp-json\/wp\/v2\/types\/product"}],"wp:featuredmedia":[{"embeddable":true,"href":"https:\/\/www.trafficangel.co.uk\/es\/wp-json\/wp\/v2\/media\/1040"}],"wp:attachment":[{"href":"https:\/\/www.trafficangel.co.uk\/es\/wp-json\/wp\/v2\/media?parent=1554"}],"wp:term":[{"taxonomy":"product_cat","embeddable":true,"href":"https:\/\/www.trafficangel.co.uk\/es\/wp-json\/wp\/v2\/product_cat?post=1554"},{"taxonomy":"product_tag","embeddable":true,"href":"https:\/\/www.trafficangel.co.uk\/es\/wp-json\/wp\/v2\/product_tag?post=1554"}],"curies":[{"name":"wp","href":"https:\/\/api.w.org\/{rel}","templated":true}]}}