{"id":1442,"date":"2024-01-19T12:49:45","date_gmt":"2024-01-19T12:49:45","guid":{"rendered":"http:\/\/traffic-angel.local\/product\/forward-facing-dvr-camera-w-nearside-camera-or-rear-camera\/"},"modified":"2025-10-20T09:31:50","modified_gmt":"2025-10-20T09:31:50","slug":"sistema-de-grabacion-de-camara-de-salpicadero-de-2-canales-orientado-hacia-adelante","status":"publish","type":"product","link":"https:\/\/www.trafficangel.co.uk\/es\/producto-2\/sistema-de-grabacion-de-camara-de-salpicadero-de-2-canales-orientado-hacia-adelante\/","title":{"rendered":"Sistema de grabaci\u00f3n de c\u00e1mara para salpicadero de 2 canales orientado hacia delante"},"content":{"rendered":"<p>El sistema de grabaci\u00f3n de c\u00e1mara frontal para salpicadero de 2 canales (n.\u00b0 de pieza FFDVR2) est\u00e1 dise\u00f1ado para la monitorizaci\u00f3n de flotas de alto rendimiento y la seguridad avanzada del conductor. Con dos c\u00e1maras de 170\u00b0: una frontal en 1080p y otra en D1\/720p, este sistema captura una amplia cobertura de la carretera con precisi\u00f3n. El GPS integrado registra la hora de cada evento, mientras que la compresi\u00f3n de v\u00eddeo H.264 garantiza un almacenamiento eficiente en tarjetas SD de hasta 256 GB. Con detecci\u00f3n de movimiento, compartimento seguro para tarjetas SD con cerradura y compatibilidad con los est\u00e1ndares de v\u00eddeo AHD y CVBS, ofrece una fiabilidad de nivel profesional. Resistente para veh\u00edculos comerciales, el FFDVR2 tambi\u00e9n cuenta con conectividad GPS e incluye una interfaz mini USB.<\/p>\n<p>Orders placed before 1\u202fpm are dispatched same day, and the system is fully compatible with Traffic Angel\u2019s Prepping Service for hassle-free installation. Ideal for <a href=\"https:\/\/www.trafficangel.co.uk\/es\/fleet-dashcams\/\">fleets<\/a>, small businesses or one off purchases.<\/p>","protected":false},"excerpt":{"rendered":"<p>Sistema de grabaci\u00f3n de c\u00e1mara para salpicadero de 2 canales orientado hacia delante<\/p>","protected":false},"featured_media":628,"template":"","meta":{"_acf_changed":false},"product_cat":[19,39],"product_tag":[],"class_list":{"0":"post-1442","1":"product","2":"type-product","3":"status-publish","4":"has-post-thumbnail","6":"product_cat-video-recording-systems","7":"product_cat-dash-cameras","9":"first","10":"instock","11":"taxable","12":"shipping-taxable","13":"purchasable","14":"product-type-simple"},"acf":[],"_links":{"self":[{"href":"https:\/\/www.trafficangel.co.uk\/es\/wp-json\/wp\/v2\/product\/1442","targetHints":{"allow":["GET"]}}],"collection":[{"href":"https:\/\/www.trafficangel.co.uk\/es\/wp-json\/wp\/v2\/product"}],"about":[{"href":"https:\/\/www.trafficangel.co.uk\/es\/wp-json\/wp\/v2\/types\/product"}],"wp:featuredmedia":[{"embeddable":true,"href":"https:\/\/www.trafficangel.co.uk\/es\/wp-json\/wp\/v2\/media\/628"}],"wp:attachment":[{"href":"https:\/\/www.trafficangel.co.uk\/es\/wp-json\/wp\/v2\/media?parent=1442"}],"wp:term":[{"taxonomy":"product_cat","embeddable":true,"href":"https:\/\/www.trafficangel.co.uk\/es\/wp-json\/wp\/v2\/product_cat?post=1442"},{"taxonomy":"product_tag","embeddable":true,"href":"https:\/\/www.trafficangel.co.uk\/es\/wp-json\/wp\/v2\/product_tag?post=1442"}],"curies":[{"name":"wp","href":"https:\/\/api.w.org\/{rel}","templated":true}]}}