{"id":1430,"date":"2024-01-19T12:49:39","date_gmt":"2024-01-19T12:49:39","guid":{"rendered":"http:\/\/traffic-angel.local\/product\/short-dvr-flylead-4-pin-rca-female-dc-male-2\/"},"modified":"2025-10-20T09:21:45","modified_gmt":"2025-10-20T09:21:45","slug":"short-dvr-flylead-4-pin-rca-female-dc-male-2","status":"publish","type":"product","link":"https:\/\/www.trafficangel.co.uk\/es\/producto-2\/short-dvr-flylead-4-pin-rca-female-dc-male-2\/","title":{"rendered":"Cable DVR corto (4 pines: RCA hembra y CC macho)"},"content":{"rendered":"<p>El cable DVR corto (4 pines: RCA hembra y CC macho) facilita la conexi\u00f3n <a href=\"https:\/\/www.trafficangel.co.uk\/es\/camaras\/\" target=\"_blank\" rel=\"noopener\">c\u00e1maras<\/a> Conexi\u00f3n r\u00e1pida y sencilla a sistemas DVR. Dise\u00f1ado para enlaces de corta distancia, convierte una conexi\u00f3n est\u00e1ndar de c\u00e1mara de 4 pines a salidas RCA y CC, lo que permite una integraci\u00f3n flexible con diversos equipos de grabaci\u00f3n. Su longitud compacta minimiza el exceso de cableado, manteniendo las instalaciones ordenadas y eficientes. Fabricado con conectores duraderos, este cable garantiza una transmisi\u00f3n fiable de v\u00eddeo y alimentaci\u00f3n para un rendimiento estable y duradero en flotas de veh\u00edculos.<\/p>","protected":false},"excerpt":{"rendered":"<p>Cable DVR corto (4 pines: RCA hembra y CC macho)<\/p>","protected":false},"featured_media":495,"template":"","meta":{"_acf_changed":false},"product_cat":[83],"product_tag":[],"class_list":{"0":"post-1430","1":"product","2":"type-product","3":"status-publish","4":"has-post-thumbnail","6":"product_cat-accessories-video-recording-systems","8":"first","9":"instock","10":"taxable","11":"shipping-taxable","12":"purchasable","13":"product-type-simple"},"acf":[],"_links":{"self":[{"href":"https:\/\/www.trafficangel.co.uk\/es\/wp-json\/wp\/v2\/product\/1430","targetHints":{"allow":["GET"]}}],"collection":[{"href":"https:\/\/www.trafficangel.co.uk\/es\/wp-json\/wp\/v2\/product"}],"about":[{"href":"https:\/\/www.trafficangel.co.uk\/es\/wp-json\/wp\/v2\/types\/product"}],"wp:featuredmedia":[{"embeddable":true,"href":"https:\/\/www.trafficangel.co.uk\/es\/wp-json\/wp\/v2\/media\/495"}],"wp:attachment":[{"href":"https:\/\/www.trafficangel.co.uk\/es\/wp-json\/wp\/v2\/media?parent=1430"}],"wp:term":[{"taxonomy":"product_cat","embeddable":true,"href":"https:\/\/www.trafficangel.co.uk\/es\/wp-json\/wp\/v2\/product_cat?post=1430"},{"taxonomy":"product_tag","embeddable":true,"href":"https:\/\/www.trafficangel.co.uk\/es\/wp-json\/wp\/v2\/product_tag?post=1430"}],"curies":[{"name":"wp","href":"https:\/\/api.w.org\/{rel}","templated":true}]}}