{"id":1413,"date":"2024-01-19T12:49:35","date_gmt":"2024-01-19T12:49:35","guid":{"rendered":"http:\/\/traffic-angel.local\/product\/1m-camera-cable-with-audio-4-pin-male-rca-male-video-audio\/"},"modified":"2025-10-20T09:09:17","modified_gmt":"2025-10-20T09:09:17","slug":"cable-de-camara-de-1-m-con-audio-y-video","status":"publish","type":"product","link":"https:\/\/www.trafficangel.co.uk\/es\/producto-2\/cable-de-camara-de-1-m-con-audio-y-video\/","title":{"rendered":"Cable de c\u00e1mara de 1 m con v\u00eddeo y audio"},"content":{"rendered":"<p>El cable de c\u00e1mara de 1 m con v\u00eddeo y audio ofrece una conexi\u00f3n sencilla y segura para instalaciones de c\u00e1maras a corta distancia. Dise\u00f1ado para transmitir se\u00f1ales de v\u00eddeo y audio, es perfecto para conectar c\u00e1maras a monitores o DVR donde se requiere una longitud de cable m\u00ednima. Su robusta construcci\u00f3n garantiza un rendimiento fiable con una calidad de se\u00f1al n\u00edtida en entornos vehiculares exigentes.<\/p>","protected":false},"excerpt":{"rendered":"<p>El cable de c\u00e1mara de 1 m con video y audio ofrece una conexi\u00f3n simple y segura para instalaciones de c\u00e1maras de corta distancia.<\/p>","protected":false},"featured_media":506,"template":"","meta":{"_acf_changed":false},"product_cat":[26,27],"product_tag":[],"class_list":{"0":"post-1413","1":"product","2":"type-product","3":"status-publish","4":"has-post-thumbnail","6":"product_cat-cables-accessories","7":"product_cat-camera-trailer-cables","9":"first","10":"instock","11":"taxable","12":"shipping-taxable","13":"purchasable","14":"product-type-simple"},"acf":[],"_links":{"self":[{"href":"https:\/\/www.trafficangel.co.uk\/es\/wp-json\/wp\/v2\/product\/1413","targetHints":{"allow":["GET"]}}],"collection":[{"href":"https:\/\/www.trafficangel.co.uk\/es\/wp-json\/wp\/v2\/product"}],"about":[{"href":"https:\/\/www.trafficangel.co.uk\/es\/wp-json\/wp\/v2\/types\/product"}],"wp:featuredmedia":[{"embeddable":true,"href":"https:\/\/www.trafficangel.co.uk\/es\/wp-json\/wp\/v2\/media\/506"}],"wp:attachment":[{"href":"https:\/\/www.trafficangel.co.uk\/es\/wp-json\/wp\/v2\/media?parent=1413"}],"wp:term":[{"taxonomy":"product_cat","embeddable":true,"href":"https:\/\/www.trafficangel.co.uk\/es\/wp-json\/wp\/v2\/product_cat?post=1413"},{"taxonomy":"product_tag","embeddable":true,"href":"https:\/\/www.trafficangel.co.uk\/es\/wp-json\/wp\/v2\/product_tag?post=1413"}],"curies":[{"name":"wp","href":"https:\/\/api.w.org\/{rel}","templated":true}]}}