{"id":1396,"date":"2024-01-19T12:49:29","date_gmt":"2024-01-19T12:49:29","guid":{"rendered":"http:\/\/traffic-angel.local\/product\/can-bus-connection-interface-for-dvs-systems\/"},"modified":"2025-10-20T08:49:30","modified_gmt":"2025-10-20T08:49:30","slug":"interfaz-de-conexion-de-bus-can-para-sistemas-dvs-pss","status":"publish","type":"product","link":"https:\/\/www.trafficangel.co.uk\/es\/producto-2\/interfaz-de-conexion-de-bus-can-para-sistemas-dvs-pss\/","title":{"rendered":"Interfaz de conexi\u00f3n de bus CAN para sistemas DVS\/PSS"},"content":{"rendered":"<p>La interfaz de conexi\u00f3n de bus CAN para sistemas DVS\/PSS permite una integraci\u00f3n fluida del equipo de seguridad del veh\u00edculo con los sistemas electr\u00f3nicos. Dise\u00f1ado para funcionar con <a href=\"https:\/\/www.trafficangel.co.uk\/es\/sistema-de-seguridad-progresivo-2024\/\" target=\"_blank\" rel=\"noopener\">Instalaciones del Sistema Progresivo de Seguridad (PSS)<\/a>Proporciona una conexi\u00f3n segura al bus CAN, lo que permite la activaci\u00f3n precisa de funciones de seguridad como la detecci\u00f3n de \u00e1ngulo muerto, las alertas de giro y los sistemas de c\u00e1maras. F\u00e1cil de instalar y totalmente compatible con los veh\u00edculos comerciales modernos, esta interfaz garantiza que los sistemas de seguridad funcionen con precisi\u00f3n cuando se necesitan, ayudando a las flotas a cumplir con las normativas y a proteger a los usuarios vulnerables de la v\u00eda.<\/p>","protected":false},"excerpt":{"rendered":"<p>La interfaz de conexi\u00f3n de bus CAN para sistemas DVS \/ PSS permite una integraci\u00f3n perfecta del equipo de seguridad del veh\u00edculo con los sistemas electr\u00f3nicos del veh\u00edculo.<\/p>","protected":false},"featured_media":420,"template":"","meta":{"_acf_changed":false},"product_cat":[26,902],"product_tag":[],"class_list":{"0":"post-1396","1":"product","2":"type-product","3":"status-publish","4":"has-post-thumbnail","6":"product_cat-cables-accessories","7":"product_cat-wiring-kits","9":"first","10":"instock","11":"taxable","12":"shipping-taxable","13":"purchasable","14":"product-type-simple"},"acf":[],"_links":{"self":[{"href":"https:\/\/www.trafficangel.co.uk\/es\/wp-json\/wp\/v2\/product\/1396","targetHints":{"allow":["GET"]}}],"collection":[{"href":"https:\/\/www.trafficangel.co.uk\/es\/wp-json\/wp\/v2\/product"}],"about":[{"href":"https:\/\/www.trafficangel.co.uk\/es\/wp-json\/wp\/v2\/types\/product"}],"wp:featuredmedia":[{"embeddable":true,"href":"https:\/\/www.trafficangel.co.uk\/es\/wp-json\/wp\/v2\/media\/420"}],"wp:attachment":[{"href":"https:\/\/www.trafficangel.co.uk\/es\/wp-json\/wp\/v2\/media?parent=1396"}],"wp:term":[{"taxonomy":"product_cat","embeddable":true,"href":"https:\/\/www.trafficangel.co.uk\/es\/wp-json\/wp\/v2\/product_cat?post=1396"},{"taxonomy":"product_tag","embeddable":true,"href":"https:\/\/www.trafficangel.co.uk\/es\/wp-json\/wp\/v2\/product_tag?post=1396"}],"curies":[{"name":"wp","href":"https:\/\/api.w.org\/{rel}","templated":true}]}}