{"id":1386,"date":"2024-01-19T12:49:26","date_gmt":"2024-01-19T12:49:26","guid":{"rendered":"http:\/\/traffic-angel.local\/product\/64gb-microsd-card-with-adapter\/"},"modified":"2025-10-20T08:40:23","modified_gmt":"2025-10-20T08:40:23","slug":"tarjeta-microsd-de-64-gb-con-adaptador","status":"publish","type":"product","link":"https:\/\/www.trafficangel.co.uk\/es\/producto-2\/tarjeta-microsd-de-64-gb-con-adaptador\/","title":{"rendered":"Tarjeta micro SD de 64 GB con adaptador"},"content":{"rendered":"<p>La tarjeta microSD de 64 GB con adaptador proporciona almacenamiento confiable para sistemas de c\u00e1maras de veh\u00edculos y DVR. Con amplia capacidad para grabaciones de video de alta calidad, garantiza un almacenamiento seguro y f\u00e1cil acceso a las grabaciones cuando se necesiten. El adaptador incluido permite un uso flexible en diferentes dispositivos, lo que la convierte en una soluci\u00f3n de almacenamiento pr\u00e1ctica para operadores de flotas.<\/p>","protected":false},"excerpt":{"rendered":"<p>La tarjeta microSD de 64 GB con adaptador proporciona almacenamiento confiable para sistemas de c\u00e1maras de veh\u00edculos y DVR.<\/p>","protected":false},"featured_media":2202,"template":"","meta":{"_acf_changed":false},"product_cat":[19,83],"product_tag":[],"class_list":{"0":"post-1386","1":"product","2":"type-product","3":"status-publish","4":"has-post-thumbnail","6":"product_cat-video-recording-systems","7":"product_cat-accessories-video-recording-systems","9":"first","10":"instock","11":"taxable","12":"shipping-taxable","13":"purchasable","14":"product-type-simple"},"acf":[],"_links":{"self":[{"href":"https:\/\/www.trafficangel.co.uk\/es\/wp-json\/wp\/v2\/product\/1386","targetHints":{"allow":["GET"]}}],"collection":[{"href":"https:\/\/www.trafficangel.co.uk\/es\/wp-json\/wp\/v2\/product"}],"about":[{"href":"https:\/\/www.trafficangel.co.uk\/es\/wp-json\/wp\/v2\/types\/product"}],"wp:featuredmedia":[{"embeddable":true,"href":"https:\/\/www.trafficangel.co.uk\/es\/wp-json\/wp\/v2\/media\/2202"}],"wp:attachment":[{"href":"https:\/\/www.trafficangel.co.uk\/es\/wp-json\/wp\/v2\/media?parent=1386"}],"wp:term":[{"taxonomy":"product_cat","embeddable":true,"href":"https:\/\/www.trafficangel.co.uk\/es\/wp-json\/wp\/v2\/product_cat?post=1386"},{"taxonomy":"product_tag","embeddable":true,"href":"https:\/\/www.trafficangel.co.uk\/es\/wp-json\/wp\/v2\/product_tag?post=1386"}],"curies":[{"name":"wp","href":"https:\/\/api.w.org\/{rel}","templated":true}]}}