{"id":1382,"date":"2024-01-19T12:49:26","date_gmt":"2024-01-19T12:49:26","guid":{"rendered":"http:\/\/traffic-angel.local\/product\/1m-single-rca-cable\/"},"modified":"2025-10-20T08:32:17","modified_gmt":"2025-10-20T08:32:17","slug":"1m-rca-cable","status":"publish","type":"product","link":"https:\/\/www.trafficangel.co.uk\/es\/producto-2\/1m-rca-cable\/","title":{"rendered":"Cable RCA de 1 m"},"content":{"rendered":"<p>El cable RCA de 1 m proporciona una conexi\u00f3n sencilla y fiable para se\u00f1ales de v\u00eddeo o audio en sistemas de seguridad vehicular. Ideal para conexiones de corta distancia entre c\u00e1maras, monitores o equipos de grabaci\u00f3n, su longitud compacta facilita la instalaci\u00f3n de forma ordenada y eficiente. Los conectores de alta calidad garantizan una se\u00f1al estable y n\u00edtida incluso en entornos de flotas exigentes.<\/p>","protected":false},"excerpt":{"rendered":"<p>Cable RCA de 1 m<\/p>","protected":false},"featured_media":414,"template":"","meta":{"_acf_changed":false},"product_cat":[26,27],"product_tag":[],"class_list":{"0":"post-1382","1":"product","2":"type-product","3":"status-publish","4":"has-post-thumbnail","6":"product_cat-cables-accessories","7":"product_cat-camera-trailer-cables","9":"first","10":"instock","11":"taxable","12":"shipping-taxable","13":"purchasable","14":"product-type-simple"},"acf":[],"_links":{"self":[{"href":"https:\/\/www.trafficangel.co.uk\/es\/wp-json\/wp\/v2\/product\/1382","targetHints":{"allow":["GET"]}}],"collection":[{"href":"https:\/\/www.trafficangel.co.uk\/es\/wp-json\/wp\/v2\/product"}],"about":[{"href":"https:\/\/www.trafficangel.co.uk\/es\/wp-json\/wp\/v2\/types\/product"}],"wp:featuredmedia":[{"embeddable":true,"href":"https:\/\/www.trafficangel.co.uk\/es\/wp-json\/wp\/v2\/media\/414"}],"wp:attachment":[{"href":"https:\/\/www.trafficangel.co.uk\/es\/wp-json\/wp\/v2\/media?parent=1382"}],"wp:term":[{"taxonomy":"product_cat","embeddable":true,"href":"https:\/\/www.trafficangel.co.uk\/es\/wp-json\/wp\/v2\/product_cat?post=1382"},{"taxonomy":"product_tag","embeddable":true,"href":"https:\/\/www.trafficangel.co.uk\/es\/wp-json\/wp\/v2\/product_tag?post=1382"}],"curies":[{"name":"wp","href":"https:\/\/api.w.org\/{rel}","templated":true}]}}