{"id":3704,"date":"2025-05-02T08:00:26","date_gmt":"2025-05-02T08:00:26","guid":{"rendered":"https:\/\/www.trafficangel.co.uk\/?page_id=3704"},"modified":"2025-06-12T15:54:12","modified_gmt":"2025-06-12T15:54:12","slug":"equipo","status":"publish","type":"page","link":"https:\/\/www.trafficangel.co.uk\/es\/equipo\/","title":{"rendered":"Nuestro equipo"},"content":{"rendered":"<div id=\"\"\n    class=\"flex flex-wrap my-12 lg:flex-nowrap text-image-split-block\">\n    <div class=\"w-full h-[350px] lg:h-auto lg:w-1\/2 md:order-1 bg-cover bg-center bg-no-repeat text-image-image\"\n        style=\"background-image: url('https:\/\/www.trafficangel.co.uk\/wp-content\/uploads\/2025\/06\/IMG_8148.jpg');\">\n\n    <\/div>\n    <div class=\"w-full lg:w-1\/2 md:order-2 flex items-center bg-offWhite px-4 md:px-8 lg:px-14 md:py-12 py-5\">\n        <div class=\"split-block-content\">\n                        <h2 class=\"split-block-title mb-3 text-2xl lg:mb-4 text-secondary md:text-3xl font-roboto lg:text-3xl\">\n                El equipo de TrafficAngel            <\/h2>\n                                    <div class=\"p-0 mb-0 text-base\">\n                <p>El negocio comenz\u00f3 en 2004 despu\u00e9s de que Steve se viera atrapado en una larga fila de tr\u00e1fico detr\u00e1s de un veh\u00edculo articulado al intentar entrar marcha atr\u00e1s en una estrecha entrada de pol\u00edgono industrial. Empezando con c\u00e1maras de marcha atr\u00e1s, la gama de productos ahora incluye todo tipo de soluciones de c\u00e1maras y sensores, dispositivos de grabaci\u00f3n, suministro e instalaci\u00f3n de sistemas de seguridad para veh\u00edculos (PSS), soluciones de seguridad para aplicaciones m\u00f3viles, as\u00ed como todo tipo de balizas y luces estrobosc\u00f3picas. Aunque a\u00fan es relativamente peque\u00f1a, TrafficAngel ahora ocupa una posici\u00f3n l\u00edder en el mercado en t\u00e9rminos de profesionalismo, fiabilidad del producto y servicio al cliente.<\/p>\n            <\/div>\n                    <\/div>\n    <\/div>\n<\/div><div class = \"team-member-block\">\n\t<div class = \"wrapper\">\n\t\t<div class = \"team-members-heading\">\n\t\t\t<h2>Fundadores<\/h2>\n<h3>Los grandes cerebros detr\u00e1s de TrafficAngel<\/h3>\n\t\t<\/div>\n\t\t<ul class = \"team-member-grid\">\n\t\t\t\t\t\t\t<li class = \"single-team-member\">\n\t\t\t\t\t<div class = \"image\" style = \"background-image:url('https:\/\/www.trafficangel.co.uk\/wp-content\/uploads\/2025\/05\/Steve-Portrait-scaled.jpg');\"><\/div>\n\t\t\t\t\t<div class = \"team-member-content\">\n\t\t\t\t\t\t<h2>Steven Ransom<\/h2>\n<h3>Director de Ventas y Relaciones con el Cliente<\/h3>\n<p>Que me pidieran escribir este resumen me oblig\u00f3 a reflexionar sobre mi trabajo actual. Supongo que soy un hombre de ideas, que analiza los problemas de la industria y busca soluciones electr\u00f3nicas. Mi lema es tratar a las personas como nos gustar\u00eda ser tratados. Si lo hacemos bien, los buenos negocios siempre vendr\u00e1n despu\u00e9s.<\/p>\n\t\t\t\t\t<\/div>\n\t\t\t\t<\/li>\n\t\t\t\t\t\t\t<li class = \"single-team-member\">\n\t\t\t\t\t<div class = \"image\" style = \"background-image:url('https:\/\/www.trafficangel.co.uk\/wp-content\/uploads\/2025\/05\/John-Portrait-scaled.jpg');\"><\/div>\n\t\t\t\t\t<div class = \"team-member-content\">\n\t\t\t\t\t\t<h2>Juan Ransom<\/h2>\n<h3>Director de Finanzas<\/h3>\n<p>Me un\u00ed a mi hermano Steve como Director Financiero en 2009, tras la venta de mi empresa, una publicaci\u00f3n publicitaria semanal local. Desde entonces, he gestionado las finanzas y la n\u00f3mina de TrafficAngel, desde nuestra oficina de Uckfield.<\/p>\n\t\t\t\t\t<\/div>\n\t\t\t\t<\/li>\n\t\t\t\t\t\t\t<li class = \"single-team-member\">\n\t\t\t\t\t<div class = \"image\" style = \"background-image:url('https:\/\/www.trafficangel.co.uk\/wp-content\/uploads\/2025\/05\/Matt-Portrait-scaled.jpg');\"><\/div>\n\t\t\t\t\t<div class = \"team-member-content\">\n\t\t\t\t\t\t<h2>Matt Hickson<\/h2>\n<h3>Ingeniero s\u00e9nior y desarrollador de productos<\/h3>\n<p>Llevo trabajando en TrafficAngel desde 2009, cuando \u00e9ramos solo tres, y estoy orgulloso de haber formado parte de la empresa a medida que ha crecido hasta convertirse en lo que es hoy. Participo en varios aspectos del negocio, como I+D, compras, soporte t\u00e9cnico, instalaciones y ventas, \u00a1as\u00ed que nunca hay un d\u00eda aburrido!<\/p>\n\t\t\t\t\t<\/div>\n\t\t\t\t<\/li>\n\t\t\t\t\t<\/ul>\n\t<\/div>\n<\/div><div id=\"\"\n    class=\"flex flex-wrap my-12 lg:flex-nowrap text-image-split-block\">\n    <div class=\"w-full h-[350px] lg:h-auto lg:w-1\/2 md:order-2 bg-cover bg-center bg-no-repeat text-image-image\"\n        style=\"background-image: url('https:\/\/www.trafficangel.co.uk\/wp-content\/uploads\/2025\/05\/The-Engineers.jpg');\">\n\n    <\/div>\n    <div class=\"w-full lg:w-1\/2 md:order-1 flex items-center bg-offWhite px-4 md:px-8 lg:px-14 md:py-12 py-5\">\n        <div class=\"split-block-content\">\n                        <h2 class=\"split-block-title mb-3 text-2xl lg:mb-4 text-secondary md:text-3xl font-roboto lg:text-3xl\">\n                Los ingenieros            <\/h2>\n                                    <div class=\"p-0 mb-0 text-base\">\n                <h3>H\u00e9roes en el campo<\/h3>\n<p>Nuestro equipo de ingenier\u00eda cuenta con a\u00f1os de experiencia en la instalaci\u00f3n de sistemas avanzados de seguridad vehicular. Nuestro compromiso es garantizar que nuestros clientes reciban un servicio r\u00e1pido y que cualquier problema que surja se resuelva con prontitud y eficiencia. Su experiencia t\u00e9cnica respalda nuestra reputaci\u00f3n como proveedor l\u00edder de soluciones de seguridad para el transporte.<\/p>\n            <\/div>\n                    <\/div>\n    <\/div>\n<\/div><div id=\"\"\n    class=\"flex flex-wrap my-12 lg:flex-nowrap text-image-split-block\">\n    <div class=\"w-full h-[350px] lg:h-auto lg:w-1\/2 md:order-1 bg-cover bg-center bg-no-repeat text-image-image\"\n        style=\"background-image: url('https:\/\/www.trafficangel.co.uk\/wp-content\/uploads\/2025\/05\/The-Office-team.jpg');\">\n\n    <\/div>\n    <div class=\"w-full lg:w-1\/2 md:order-2 flex items-center bg-offWhite px-4 md:px-8 lg:px-14 md:py-12 py-5\">\n        <div class=\"split-block-content\">\n                        <h2 class=\"split-block-title mb-3 text-2xl lg:mb-4 text-secondary md:text-3xl font-roboto lg:text-3xl\">\n                El equipo de la oficina            <\/h2>\n                                    <div class=\"p-0 mb-0 text-base\">\n                <h3>La clave para un buen funcionamiento<\/h3>\n<p>El equipo de la oficina es fundamental para nuestro \u00e9xito. Desde la gesti\u00f3n de todo tipo de llamadas hasta los controles de calidad y la gesti\u00f3n de documentos de cumplimiento, el equipo ofrece un servicio al cliente excepcional. Nuestra actitud accesible y profesional tambi\u00e9n es fundamental para ayudar a nuestros clientes a cumplir con los est\u00e1ndares del sector y garantizar que nuestra marca mantenga una alta visibilidad.<\/p>\n            <\/div>\n                    <\/div>\n    <\/div>\n<\/div>","protected":false},"excerpt":{"rendered":"","protected":false},"author":7,"featured_media":0,"parent":0,"menu_order":0,"comment_status":"closed","ping_status":"closed","template":"","meta":{"_acf_changed":false,"footnotes":""},"class_list":["post-3704","page","type-page","status-publish","hentry"],"acf":[],"_links":{"self":[{"href":"https:\/\/www.trafficangel.co.uk\/es\/wp-json\/wp\/v2\/pages\/3704","targetHints":{"allow":["GET"]}}],"collection":[{"href":"https:\/\/www.trafficangel.co.uk\/es\/wp-json\/wp\/v2\/pages"}],"about":[{"href":"https:\/\/www.trafficangel.co.uk\/es\/wp-json\/wp\/v2\/types\/page"}],"author":[{"embeddable":true,"href":"https:\/\/www.trafficangel.co.uk\/es\/wp-json\/wp\/v2\/users\/7"}],"replies":[{"embeddable":true,"href":"https:\/\/www.trafficangel.co.uk\/es\/wp-json\/wp\/v2\/comments?post=3704"}],"version-history":[{"count":15,"href":"https:\/\/www.trafficangel.co.uk\/es\/wp-json\/wp\/v2\/pages\/3704\/revisions"}],"predecessor-version":[{"id":3824,"href":"https:\/\/www.trafficangel.co.uk\/es\/wp-json\/wp\/v2\/pages\/3704\/revisions\/3824"}],"wp:attachment":[{"href":"https:\/\/www.trafficangel.co.uk\/es\/wp-json\/wp\/v2\/media?parent=3704"}],"curies":[{"name":"wp","href":"https:\/\/api.w.org\/{rel}","templated":true}]}}