{"id":1806,"date":"2024-02-18T23:26:20","date_gmt":"2024-02-18T23:26:20","guid":{"rendered":"https:\/\/trafficangel-qqzv.temp-dns.com\/?page_id=1806"},"modified":"2025-12-12T17:20:51","modified_gmt":"2025-12-12T17:20:51","slug":"para","status":"publish","type":"page","link":"https:\/\/www.trafficangel.co.uk\/es\/para\/","title":{"rendered":"FORS"},"content":{"rendered":"<h2 class=\"wp-block-heading\">Helping You Meet FORS Standards with Confidence<\/h2><p>El Programa de Reconocimiento de Operadores de Flotas (FORS, por sus siglas en ingl\u00e9s) es un programa de acreditaci\u00f3n nacional que mide el rendimiento de las flotas y tiene como objetivo mejorar los est\u00e1ndares en \u00e1reas como la eficiencia del combustible, las emisiones de carbono y la seguridad vial. FORS es completamente voluntario y est\u00e1 abierto tanto a las empresas que operan flotas de veh\u00edculos comerciales como a las empresas que les otorgan contratos. Su objetivo es establecer est\u00e1ndares de mejores pr\u00e1cticas dentro del sector del transporte y se espera que las empresas acreditadas por FORS realicen mejoras continuas en las \u00e1reas mencionadas anteriormente. Para lograr la acreditaci\u00f3n FORS Silver, las empresas deben cumplir con el est\u00e1ndar CLOCS para log\u00edstica de construcci\u00f3n y tambi\u00e9n cumplir con el est\u00e1ndar WRRR (riesgo vial relacionado con el trabajo) de Transport for London. En lo que respecta a la protecci\u00f3n y detecci\u00f3n de seguridad vial\/VRU (usuario vulnerable de la carretera), la siguiente tecnolog\u00eda de seguridad le proporcionar\u00e1 la acreditaci\u00f3n FORS Silver y Gold necesaria, todo lo cual es proporcionado por TrafficAngel.<\/p><p>TrafficAngel has been proud FORS Associates since its early days (Associate No: A00024). We have provided many of our customers with the necessary cameras, sensors, alarms and more recently the new <a href=\"https:\/\/www.trafficangel.co.uk\/es\/enlaces-rapidos-del-sistema-seguro-progresivo-de-trafficangel\/\" data-type=\"page\" data-id=\"2713\">Sistema Seguro Progresivo<\/a> to fulfil the FORS Gold, Silver and Bronze safety requirements. We are also proud to offer FORS members a 15% discount<strong>*<\/strong> En gran parte de nuestra gama de productos. Mencione FORS y proporcione su n\u00famero de miembro al realizar el pedido.<\/p><p>Los \u00faltimos requisitos de veh\u00edculos FORS se pueden consultar <a href=\"https:\/\/www.trafficangel.co.uk\/wp-content\/uploads\/2024\/03\/FORS-Specification-PDF.pdf\" target=\"_blank\" rel=\"noreferrer noopener\">encontrado aqu\u00ed<\/a><em>.<\/em><\/p><p>Para obtener m\u00e1s informaci\u00f3n sobre FORS o si desea convertirse en miembro, visite <a href=\"https:\/\/www.fors-online.org.uk\/cms\/\" target=\"_blank\" rel=\"noreferrer noopener\">www.fors-online.org.uk<\/a><\/p><p><strong><em>*No disponible en combinaci\u00f3n con otras ofertas.<\/em><\/strong><\/p><figure class=\"wp-block-image size-large is-resized\"><img loading=\"lazy\" decoding=\"async\" width=\"725\" height=\"1024\" src=\"https:\/\/www.trafficangel.co.uk\/wp-content\/uploads\/2024\/04\/Picture-1-725x1024.png\" alt=\"FORS Logo\" class=\"wp-image-2337\" style=\"width:253px;height:auto\" srcset=\"https:\/\/www.trafficangel.co.uk\/wp-content\/uploads\/2024\/04\/Picture-1-725x1024.png 725w, https:\/\/www.trafficangel.co.uk\/wp-content\/uploads\/2024\/04\/Picture-1-212x300.png 212w, https:\/\/www.trafficangel.co.uk\/wp-content\/uploads\/2024\/04\/Picture-1-768x1085.png 768w, https:\/\/www.trafficangel.co.uk\/wp-content\/uploads\/2024\/04\/Picture-1-1087x1536.png 1087w, https:\/\/www.trafficangel.co.uk\/wp-content\/uploads\/2024\/04\/Picture-1-8x12.png 8w, https:\/\/www.trafficangel.co.uk\/wp-content\/uploads\/2024\/04\/Picture-1-260x367.png 260w, https:\/\/www.trafficangel.co.uk\/wp-content\/uploads\/2024\/04\/Picture-1-600x848.png 600w, https:\/\/www.trafficangel.co.uk\/wp-content\/uploads\/2024\/04\/Picture-1-64x90.png 64w, https:\/\/www.trafficangel.co.uk\/wp-content\/uploads\/2024\/04\/Picture-1.png 1384w\" sizes=\"auto, (max-width: 725px) 100vw, 725px\" \/><\/figure><div class=\"wp-block-columns is-layout-flex wp-container-core-columns-is-layout-9d6595d7 wp-block-columns-is-layout-flex\"><div class=\"wp-block-column is-layout-flow wp-block-column-is-layout-flow\" style=\"flex-basis:100%\"><figure class=\"wp-block-embed is-type-video is-provider-youtube wp-block-embed-youtube wp-embed-aspect-16-9 wp-has-aspect-ratio\"><div class=\"wp-block-embed__wrapper\">\n<iframe loading=\"lazy\" title=\"Introducci\u00f3n a FORS\" width=\"1778\" height=\"1000\" src=\"https:\/\/www.youtube.com\/embed\/M5mdvF3vgDg?feature=oembed\" frameborder=\"0\" allow=\"accelerometer; autoplay; clipboard-write; encrypted-media; gyroscope; picture-in-picture; web-share\" referrerpolicy=\"strict-origin-when-cross-origin\" allowfullscreen><\/iframe>\n<\/div><\/figure><\/div><\/div>","protected":false},"excerpt":{"rendered":"<p>Helping You Meet FORS Standards with Confidence The Fleet Operator Recognition Scheme (FORS) is a national accreditation scheme which measures fleet performance and aims to drive up standards across areas<\/p>","protected":false},"author":1,"featured_media":3237,"parent":0,"menu_order":0,"comment_status":"closed","ping_status":"closed","template":"","meta":{"_acf_changed":false,"footnotes":""},"class_list":["post-1806","page","type-page","status-publish","has-post-thumbnail","hentry"],"acf":[],"_links":{"self":[{"href":"https:\/\/www.trafficangel.co.uk\/es\/wp-json\/wp\/v2\/pages\/1806","targetHints":{"allow":["GET"]}}],"collection":[{"href":"https:\/\/www.trafficangel.co.uk\/es\/wp-json\/wp\/v2\/pages"}],"about":[{"href":"https:\/\/www.trafficangel.co.uk\/es\/wp-json\/wp\/v2\/types\/page"}],"author":[{"embeddable":true,"href":"https:\/\/www.trafficangel.co.uk\/es\/wp-json\/wp\/v2\/users\/1"}],"replies":[{"embeddable":true,"href":"https:\/\/www.trafficangel.co.uk\/es\/wp-json\/wp\/v2\/comments?post=1806"}],"version-history":[{"count":11,"href":"https:\/\/www.trafficangel.co.uk\/es\/wp-json\/wp\/v2\/pages\/1806\/revisions"}],"predecessor-version":[{"id":5021,"href":"https:\/\/www.trafficangel.co.uk\/es\/wp-json\/wp\/v2\/pages\/1806\/revisions\/5021"}],"wp:featuredmedia":[{"embeddable":true,"href":"https:\/\/www.trafficangel.co.uk\/es\/wp-json\/wp\/v2\/media\/3237"}],"wp:attachment":[{"href":"https:\/\/www.trafficangel.co.uk\/es\/wp-json\/wp\/v2\/media?parent=1806"}],"curies":[{"name":"wp","href":"https:\/\/api.w.org\/{rel}","templated":true}]}}