{"id":3049,"date":"2024-08-05T11:08:23","date_gmt":"2024-08-05T11:08:23","guid":{"rendered":"https:\/\/trafficangel-qqzv.temp-dns.com\/?post_type=product&#038;p=3049"},"modified":"2025-10-20T10:59:29","modified_gmt":"2025-10-20T10:59:29","slug":"nachtuberbruckungsschalter-blinker-integration-mit-dem-progressiven-sicherheitssystem-von-trafficangel","status":"publish","type":"product","link":"https:\/\/www.trafficangel.co.uk\/de\/produkt-2\/nachtuberbruckungsschalter-blinker-integration-mit-dem-progressiven-sicherheitssystem-von-trafficangel\/","title":{"rendered":"Integration des Nacht-\u00dcberbr\u00fcckungsschalters und des Blinkeralarms in das TrafficAngel Progressive Safe System"},"content":{"rendered":"<p>Nacht\u00fcberbr\u00fcckungsschalter f\u00fcr Links- oder Rechtsabbiegealarme, integriert in TrafficAngel <a href=\"https:\/\/www.trafficangel.co.uk\/de\/progressives-sicherheitssystem\/\" target=\"_blank\" rel=\"noopener\">Progressives sicheres System<\/a>. Der Schalter wird mit einem Plug-and-Play-Anschluss geliefert, sodass er an das PSS angeschlossen werden kann. Das Kit enth\u00e4lt auch den Stecker und die Pins f\u00fcr das Blinkerkabel.<\/p>","protected":false},"excerpt":{"rendered":"<p>Ein Nacht-Override-Schalter zur Integration des Blinkeralarms in das TrafficAngel Progressive Safe System<\/p>","protected":false},"featured_media":3055,"template":"","meta":{"_acf_changed":false},"product_cat":[85,53],"product_tag":[],"class_list":{"0":"post-3049","1":"product","2":"type-product","3":"status-publish","4":"has-post-thumbnail","6":"product_cat-components","7":"product_cat-progressive-safe-system","9":"first","10":"instock","11":"taxable","12":"shipping-taxable","13":"purchasable","14":"product-type-simple"},"acf":[],"_links":{"self":[{"href":"https:\/\/www.trafficangel.co.uk\/de\/wp-json\/wp\/v2\/product\/3049","targetHints":{"allow":["GET"]}}],"collection":[{"href":"https:\/\/www.trafficangel.co.uk\/de\/wp-json\/wp\/v2\/product"}],"about":[{"href":"https:\/\/www.trafficangel.co.uk\/de\/wp-json\/wp\/v2\/types\/product"}],"wp:featuredmedia":[{"embeddable":true,"href":"https:\/\/www.trafficangel.co.uk\/de\/wp-json\/wp\/v2\/media\/3055"}],"wp:attachment":[{"href":"https:\/\/www.trafficangel.co.uk\/de\/wp-json\/wp\/v2\/media?parent=3049"}],"wp:term":[{"taxonomy":"product_cat","embeddable":true,"href":"https:\/\/www.trafficangel.co.uk\/de\/wp-json\/wp\/v2\/product_cat?post=3049"},{"taxonomy":"product_tag","embeddable":true,"href":"https:\/\/www.trafficangel.co.uk\/de\/wp-json\/wp\/v2\/product_tag?post=3049"}],"curies":[{"name":"wp","href":"https:\/\/api.w.org\/{rel}","templated":true}]}}