{"id":2997,"date":"2024-07-29T10:31:19","date_gmt":"2024-07-29T10:31:19","guid":{"rendered":"https:\/\/trafficangel-qqzv.temp-dns.com\/?post_type=product&#038;p=2997"},"modified":"2025-10-20T14:20:44","modified_gmt":"2025-10-20T14:20:44","slug":"stromkabel-fur-zigarettenanzunderbuchse-fur-trafficangel-safe-system","status":"publish","type":"product","link":"https:\/\/www.trafficangel.co.uk\/de\/produkt-2\/stromkabel-fur-zigarettenanzunderbuchse-fur-trafficangel-safe-system\/","title":{"rendered":"Stromkabel f\u00fcr Zigarettenanz\u00fcnderbuchse f\u00fcr TrafficAngel Safe System"},"content":{"rendered":"<p>Der Zigarettenanz\u00fcnder-Adapter kann zur Kalibrierung der KI-Kameras von TrafficAngel verwendet werden <a href=\"https:\/\/www.trafficangel.co.uk\/de\/progressives-sicherheitssystem\/\" target=\"_blank\" rel=\"noopener\">Progressives sicheres System<\/a>. Mit diesem Adapter kann die Kamera w\u00e4hrend der Installation und Kalibrierung \u00fcber den 12-V-Ausgang des Fahrzeugs mit Strom versorgt werden.<\/p>","protected":false},"excerpt":{"rendered":"<p>Stromkabel f\u00fcr Zigarettenanz\u00fcnderbuchse f\u00fcr TrafficAngel Safe System<\/p>","protected":false},"featured_media":2999,"template":"","meta":{"_acf_changed":false},"product_cat":[85,53],"product_tag":[],"class_list":{"0":"post-2997","1":"product","2":"type-product","3":"status-publish","4":"has-post-thumbnail","6":"product_cat-components","7":"product_cat-progressive-safe-system","9":"first","10":"instock","11":"taxable","12":"shipping-taxable","13":"purchasable","14":"product-type-simple"},"acf":[],"_links":{"self":[{"href":"https:\/\/www.trafficangel.co.uk\/de\/wp-json\/wp\/v2\/product\/2997","targetHints":{"allow":["GET"]}}],"collection":[{"href":"https:\/\/www.trafficangel.co.uk\/de\/wp-json\/wp\/v2\/product"}],"about":[{"href":"https:\/\/www.trafficangel.co.uk\/de\/wp-json\/wp\/v2\/types\/product"}],"wp:featuredmedia":[{"embeddable":true,"href":"https:\/\/www.trafficangel.co.uk\/de\/wp-json\/wp\/v2\/media\/2999"}],"wp:attachment":[{"href":"https:\/\/www.trafficangel.co.uk\/de\/wp-json\/wp\/v2\/media?parent=2997"}],"wp:term":[{"taxonomy":"product_cat","embeddable":true,"href":"https:\/\/www.trafficangel.co.uk\/de\/wp-json\/wp\/v2\/product_cat?post=2997"},{"taxonomy":"product_tag","embeddable":true,"href":"https:\/\/www.trafficangel.co.uk\/de\/wp-json\/wp\/v2\/product_tag?post=2997"}],"curies":[{"name":"wp","href":"https:\/\/api.w.org\/{rel}","templated":true}]}}