{"id":2932,"date":"2024-07-18T19:03:19","date_gmt":"2024-07-18T19:03:19","guid":{"rendered":"https:\/\/trafficangel-qqzv.temp-dns.com\/?post_type=product&#038;p=2932"},"modified":"2025-12-05T10:38:53","modified_gmt":"2025-12-05T10:38:53","slug":"trafficangel-progressive-safe-system-mois-bsis-3-x-ai-kamerasystem-extern","status":"publish","type":"product","link":"https:\/\/www.trafficangel.co.uk\/de\/produkt-2\/trafficangel-progressive-safe-system-mois-bsis-3-x-ai-kamerasystem-extern\/","title":{"rendered":"TrafficAngel Progressive Safe System MOIS + BSIS 3 x KI-Kamerasystem"},"content":{"rendered":"<p style=\"font-weight: 400;\">Der <strong>TrafficAngel <a href=\"https:\/\/www.trafficangel.co.uk\/de\/progressives-sicherheitssystem-2024\/\" target=\"_blank\" rel=\"noopener\">Progressives sicheres System<\/a><\/strong> besteht aus 3 KI-Kameras (1 x nach vorne, 1 x an der Ecke und 1 x seitlich), 1 x Anzeige auf der rechten Seite, 1 x Anzeige auf der linken Seite, 1 x Steuereinheit, 1 x Gyroskop\/GPS-Modul, das nach der Installation alle von TfL in seiner neuesten Dokumentation zu PSS\/BSIS\/MOIS festgelegten Anforderungen erf\u00fcllt, einschlie\u00dflich der Unterscheidung zwischen Fu\u00dfg\u00e4ngern und Stra\u00dfenausstattung und dem Ausbleiben einer akustischen Warnung, wenn f\u00fcr den ungesch\u00fctzten Verkehrsteilnehmer (VRU) innerhalb der Erfassungsreichweite keine Gefahr wahrgenommen wird.<\/p>\n<p>Eine einfache Beschreibung der Funktionsweise des Systems finden Sie hier. Eine vollst\u00e4ndige Anleitung zu PSS finden Sie hier <a href=\"https:\/\/trafficangel.co.uk\/wp-content\/uploads\/2024\/04\/TAPPS-Summary.pdf\" target=\"_blank\" rel=\"noopener\">Hier<\/a>.<\/p>","protected":false},"excerpt":{"rendered":"<p>Der <strong>Progressives Sicherheitssystem von TrafficAngel<\/strong> besteht aus 3 x KI-Kameras (1 x nach vorne, 1 x an der Ecke und 1 x seitlich), 1 x Anzeige auf der rechten Seite, 1 x Anzeige auf der linken Seite, 1 x Steuereinheit, 1 x Gyroskop\/GPS-Modul, das nach der Installation alle von TfL in seiner neuesten Dokumentation zu PSS\/BSIS\/MOIS festgelegten Anforderungen erf\u00fcllt, einschlie\u00dflich der Unterscheidung zwischen Fu\u00dfg\u00e4ngern und Stra\u00dfenausstattung und dem Ausbleiben einer akustischen Warnung, wenn f\u00fcr den ungesch\u00fctzten Verkehrsteilnehmer (VRU) in Erfassungsbereich keine Gefahr erkennbar ist.<\/p>","protected":false},"featured_media":2933,"template":"","meta":{"_acf_changed":false},"product_cat":[53,84],"product_tag":[],"class_list":{"0":"post-2932","1":"product","2":"type-product","3":"status-publish","4":"has-post-thumbnail","6":"product_cat-progressive-safe-system","7":"product_cat-pss-solutions","9":"first","10":"instock","11":"taxable","12":"shipping-taxable","13":"purchasable","14":"product-type-simple"},"acf":[],"_links":{"self":[{"href":"https:\/\/www.trafficangel.co.uk\/de\/wp-json\/wp\/v2\/product\/2932","targetHints":{"allow":["GET"]}}],"collection":[{"href":"https:\/\/www.trafficangel.co.uk\/de\/wp-json\/wp\/v2\/product"}],"about":[{"href":"https:\/\/www.trafficangel.co.uk\/de\/wp-json\/wp\/v2\/types\/product"}],"wp:featuredmedia":[{"embeddable":true,"href":"https:\/\/www.trafficangel.co.uk\/de\/wp-json\/wp\/v2\/media\/2933"}],"wp:attachment":[{"href":"https:\/\/www.trafficangel.co.uk\/de\/wp-json\/wp\/v2\/media?parent=2932"}],"wp:term":[{"taxonomy":"product_cat","embeddable":true,"href":"https:\/\/www.trafficangel.co.uk\/de\/wp-json\/wp\/v2\/product_cat?post=2932"},{"taxonomy":"product_tag","embeddable":true,"href":"https:\/\/www.trafficangel.co.uk\/de\/wp-json\/wp\/v2\/product_tag?post=2932"}],"curies":[{"name":"wp","href":"https:\/\/api.w.org\/{rel}","templated":true}]}}