{"id":2798,"date":"2024-06-13T10:02:00","date_gmt":"2024-06-13T10:02:00","guid":{"rendered":"https:\/\/trafficangel-qqzv.temp-dns.com\/?post_type=product&#038;p=2798"},"modified":"2025-10-20T10:37:41","modified_gmt":"2025-10-20T10:37:41","slug":"dvr-kameraintegration-1-kanal-modul-fur-das-progressive-safe-system-von-trafficangel","status":"publish","type":"product","link":"https:\/\/www.trafficangel.co.uk\/de\/produkt-2\/dvr-kameraintegration-1-kanal-modul-fur-das-progressive-safe-system-von-trafficangel\/","title":{"rendered":"DVR-Kameraintegration 1-Kanal-Modul f\u00fcr TrafficAngel Progressive Safe System"},"content":{"rendered":"<p>Dieses DVR-Integrationsmodul erm\u00f6glicht die Seitenkamera des TrafficAngel <a href=\"https:\/\/www.trafficangel.co.uk\/de\/progressives-sicherheitssystem\/\" target=\"_blank\" rel=\"noopener\">Progressives sicheres System<\/a> zur Verwendung als Teil unseres TA2-Aufzeichnungssystems. Das Modul verf\u00fcgt \u00fcber 1x Eingang (f\u00fcr Seitenkamera) und Ausg\u00e4nge, die zur PSS-ECU und zum DVR f\u00fchren. Dadurch kann die Run-on-Record-Funktion unserer DVR-Systeme verwendet werden, ohne dass das PSS eingeschaltet werden muss.<\/p>","protected":false},"excerpt":{"rendered":"<p>Ein 1-Kanal-DVR-Kameraintegrationsmodul f\u00fcr das TrafficAngel Progressive Safe System<\/p>","protected":false},"featured_media":3003,"template":"","meta":{"_acf_changed":false},"product_cat":[85,53],"product_tag":[],"class_list":{"0":"post-2798","1":"product","2":"type-product","3":"status-publish","4":"has-post-thumbnail","6":"product_cat-components","7":"product_cat-progressive-safe-system","9":"first","10":"instock","11":"taxable","12":"shipping-taxable","13":"purchasable","14":"product-type-simple"},"acf":[],"_links":{"self":[{"href":"https:\/\/www.trafficangel.co.uk\/de\/wp-json\/wp\/v2\/product\/2798","targetHints":{"allow":["GET"]}}],"collection":[{"href":"https:\/\/www.trafficangel.co.uk\/de\/wp-json\/wp\/v2\/product"}],"about":[{"href":"https:\/\/www.trafficangel.co.uk\/de\/wp-json\/wp\/v2\/types\/product"}],"wp:featuredmedia":[{"embeddable":true,"href":"https:\/\/www.trafficangel.co.uk\/de\/wp-json\/wp\/v2\/media\/3003"}],"wp:attachment":[{"href":"https:\/\/www.trafficangel.co.uk\/de\/wp-json\/wp\/v2\/media?parent=2798"}],"wp:term":[{"taxonomy":"product_cat","embeddable":true,"href":"https:\/\/www.trafficangel.co.uk\/de\/wp-json\/wp\/v2\/product_cat?post=2798"},{"taxonomy":"product_tag","embeddable":true,"href":"https:\/\/www.trafficangel.co.uk\/de\/wp-json\/wp\/v2\/product_tag?post=2798"}],"curies":[{"name":"wp","href":"https:\/\/api.w.org\/{rel}","templated":true}]}}