{"id":1709,"date":"2024-01-19T12:50:48","date_gmt":"2024-01-19T12:50:48","guid":{"rendered":"https:\/\/trafficangel-qqzv.temp-dns.com\/product\/trafficangel-safe-system-adhesive-pad-for-front-camera\/"},"modified":"2025-10-20T10:53:29","modified_gmt":"2025-10-20T10:53:29","slug":"frontkamera-klebepad-fur-trafficangel-progressive-safe-system","status":"publish","type":"product","link":"https:\/\/www.trafficangel.co.uk\/de\/produkt-2\/frontkamera-klebepad-fur-trafficangel-progressive-safe-system\/","title":{"rendered":"Klebepad f\u00fcr Frontkamera f\u00fcr TrafficAngel Progressive Safe System"},"content":{"rendered":"<p>Ersatz-Klebepad von 3M f\u00fcr unsere Innenpolster <a href=\"https:\/\/www.trafficangel.co.uk\/de\/progressives-sicherheitssystem\/\" target=\"_blank\" rel=\"noopener\">Progressives sicheres System<\/a> PSS-Frontkamera (PSS-FC).<\/p>","protected":false},"excerpt":{"rendered":"<p>Ein Frontkamera-Klebepad f\u00fcr das TrafficAngel Progressive Safe System<\/p>","protected":false},"featured_media":2279,"template":"","meta":{"_acf_changed":false},"product_cat":[85,53],"product_tag":[],"class_list":{"0":"post-1709","1":"product","2":"type-product","3":"status-publish","4":"has-post-thumbnail","6":"product_cat-components","7":"product_cat-progressive-safe-system","9":"first","10":"instock","11":"taxable","12":"shipping-taxable","13":"purchasable","14":"product-type-simple"},"acf":[],"_links":{"self":[{"href":"https:\/\/www.trafficangel.co.uk\/de\/wp-json\/wp\/v2\/product\/1709","targetHints":{"allow":["GET"]}}],"collection":[{"href":"https:\/\/www.trafficangel.co.uk\/de\/wp-json\/wp\/v2\/product"}],"about":[{"href":"https:\/\/www.trafficangel.co.uk\/de\/wp-json\/wp\/v2\/types\/product"}],"wp:featuredmedia":[{"embeddable":true,"href":"https:\/\/www.trafficangel.co.uk\/de\/wp-json\/wp\/v2\/media\/2279"}],"wp:attachment":[{"href":"https:\/\/www.trafficangel.co.uk\/de\/wp-json\/wp\/v2\/media?parent=1709"}],"wp:term":[{"taxonomy":"product_cat","embeddable":true,"href":"https:\/\/www.trafficangel.co.uk\/de\/wp-json\/wp\/v2\/product_cat?post=1709"},{"taxonomy":"product_tag","embeddable":true,"href":"https:\/\/www.trafficangel.co.uk\/de\/wp-json\/wp\/v2\/product_tag?post=1709"}],"curies":[{"name":"wp","href":"https:\/\/api.w.org\/{rel}","templated":true}]}}