{"id":1703,"date":"2024-01-19T12:50:46","date_gmt":"2024-01-19T12:50:46","guid":{"rendered":"https:\/\/trafficangel-qqzv.temp-dns.com\/product\/trafficangel-safe-system-side-display\/"},"modified":"2025-10-20T10:33:47","modified_gmt":"2025-10-20T10:33:47","slug":"seitenanzeige-fur-trafficangel-progressive-safe-system","status":"publish","type":"product","link":"https:\/\/www.trafficangel.co.uk\/de\/produkt-2\/seitenanzeige-fur-trafficangel-progressive-safe-system\/","title":{"rendered":"Seitendisplay f\u00fcr TrafficAngel Progressive Safe System"},"content":{"rendered":"<p>Seitendisplay f\u00fcr den TrafficAngel <a href=\"https:\/\/www.trafficangel.co.uk\/de\/progressives-sicherheitssystem\/\">Progressives sicheres System<\/a>Dieses Display wird an der A-S\u00e4ule der Beifahrerseite montiert und bietet dem Fahrer visuelle Warnungen gem\u00e4\u00df den TfL-Spezifikationen. Das Display wird in unserer speziellen A-S\u00e4ulenhalterung montiert und bietet eine manipulationssichere L\u00f6sung (separat erh\u00e4ltlich).<\/p>","protected":false},"excerpt":{"rendered":"<p>Ein Seitendisplay f\u00fcr das TrafficAngel Progressive Safe System<\/p>","protected":false},"featured_media":1942,"template":"","meta":{"_acf_changed":false},"product_cat":[85,53],"product_tag":[],"class_list":{"0":"post-1703","1":"product","2":"type-product","3":"status-publish","4":"has-post-thumbnail","6":"product_cat-components","7":"product_cat-progressive-safe-system","9":"first","10":"instock","11":"taxable","12":"shipping-taxable","13":"purchasable","14":"product-type-simple"},"acf":[],"_links":{"self":[{"href":"https:\/\/www.trafficangel.co.uk\/de\/wp-json\/wp\/v2\/product\/1703","targetHints":{"allow":["GET"]}}],"collection":[{"href":"https:\/\/www.trafficangel.co.uk\/de\/wp-json\/wp\/v2\/product"}],"about":[{"href":"https:\/\/www.trafficangel.co.uk\/de\/wp-json\/wp\/v2\/types\/product"}],"wp:featuredmedia":[{"embeddable":true,"href":"https:\/\/www.trafficangel.co.uk\/de\/wp-json\/wp\/v2\/media\/1942"}],"wp:attachment":[{"href":"https:\/\/www.trafficangel.co.uk\/de\/wp-json\/wp\/v2\/media?parent=1703"}],"wp:term":[{"taxonomy":"product_cat","embeddable":true,"href":"https:\/\/www.trafficangel.co.uk\/de\/wp-json\/wp\/v2\/product_cat?post=1703"},{"taxonomy":"product_tag","embeddable":true,"href":"https:\/\/www.trafficangel.co.uk\/de\/wp-json\/wp\/v2\/product_tag?post=1703"}],"curies":[{"name":"wp","href":"https:\/\/api.w.org\/{rel}","templated":true}]}}