{"id":1557,"date":"2024-01-19T12:50:21","date_gmt":"2024-01-19T12:50:21","guid":{"rendered":"http:\/\/traffic-angel.local\/product\/4-channel-hard-drive-dvr-with-3g-4g-jh4-inc-lrb-cdt2-gps\/"},"modified":"2025-11-12T13:54:20","modified_gmt":"2025-11-12T13:54:20","slug":"4-kanal-festplatten-dvr-mit-gps-und-3g-4g","status":"publish","type":"product","link":"https:\/\/www.trafficangel.co.uk\/de\/produkt-2\/4-kanal-festplatten-dvr-mit-gps-und-3g-4g\/","title":{"rendered":"4-Kanal-Festplatten-DVR mit GPS und 3G\/4G"},"content":{"rendered":"<p>TrafficAngel <a href=\"https:\/\/www.trafficangel.co.uk\/de\/digital-video-recorders\/\">Digitale Videorekorder<\/a> (DVR) bieten eine zuverl\u00e4ssige und sichere M\u00f6glichkeit, mehrere Kameras rund um Ihre Fahrzeuge aufzuzeichnen. Mit einer breiten Palette von Funktionen bietet unser Sortiment Flexibilit\u00e4t, um Aufzeichnungsl\u00f6sungen an Ihre Anforderungen anzupassen. Unsere DVRs bringen gro\u00dfe Vorteile f\u00fcr alle Sektoren, von Flottenbetreibern bis hin zu einmaligen ma\u00dfgeschneiderten Projekten. Sicherheit rund um Fahrzeuge ist von gr\u00f6\u00dfter Bedeutung, und alle unsere DVRs, einschlie\u00dflich dieses 4-Kanal-Festplatten-DVRs mit GPS und 3G\/4G, tragen dazu bei, sicherere Fahrpraktiken mit mehr Verantwortlichkeit zu f\u00f6rdern. Aufzeichnungssysteme sparen auch Geld, indem sie klare Beweise im Falle von Vorf\u00e4llen erfassen, falsche Versicherungsanspr\u00fcche eliminieren und somit erhebliche Einsparungen bei den Versicherungspr\u00e4mien erzielen. Die Sicherheit, die ein Aufzeichnungssystem bietet, sch\u00fctzt auch Fahrer, Fahrzeuge und Verm\u00f6genswerte und wirkt als vorbeugende Ma\u00dfnahme zur Abschreckung krimineller Aktivit\u00e4ten.<\/p>","protected":false},"excerpt":{"rendered":"<p>Der 4-Kanal-Festplatten-DVR mit GPS und 3G\/4G bietet zuverl\u00e4ssige Aufzeichnung und Fernzugriff f\u00fcr Flottenkamerasysteme.<\/p>","protected":false},"featured_media":1038,"template":"","meta":{"_acf_changed":false},"product_cat":[19,48],"product_tag":[],"class_list":{"0":"post-1557","1":"product","2":"type-product","3":"status-publish","4":"has-post-thumbnail","6":"product_cat-video-recording-systems","7":"product_cat-dvrs","9":"first","10":"instock","11":"taxable","12":"shipping-taxable","13":"purchasable","14":"product-type-simple"},"acf":[],"_links":{"self":[{"href":"https:\/\/www.trafficangel.co.uk\/de\/wp-json\/wp\/v2\/product\/1557","targetHints":{"allow":["GET"]}}],"collection":[{"href":"https:\/\/www.trafficangel.co.uk\/de\/wp-json\/wp\/v2\/product"}],"about":[{"href":"https:\/\/www.trafficangel.co.uk\/de\/wp-json\/wp\/v2\/types\/product"}],"wp:featuredmedia":[{"embeddable":true,"href":"https:\/\/www.trafficangel.co.uk\/de\/wp-json\/wp\/v2\/media\/1038"}],"wp:attachment":[{"href":"https:\/\/www.trafficangel.co.uk\/de\/wp-json\/wp\/v2\/media?parent=1557"}],"wp:term":[{"taxonomy":"product_cat","embeddable":true,"href":"https:\/\/www.trafficangel.co.uk\/de\/wp-json\/wp\/v2\/product_cat?post=1557"},{"taxonomy":"product_tag","embeddable":true,"href":"https:\/\/www.trafficangel.co.uk\/de\/wp-json\/wp\/v2\/product_tag?post=1557"}],"curies":[{"name":"wp","href":"https:\/\/api.w.org\/{rel}","templated":true}]}}