{"id":1548,"date":"2024-01-19T12:50:18","date_gmt":"2024-01-19T12:50:18","guid":{"rendered":"http:\/\/traffic-angel.local\/product\/8-channel-hard-drive-dvr-with-3g-4g-jh8-inc-lrb-cdt2-gps\/"},"modified":"2025-11-12T13:55:00","modified_gmt":"2025-11-12T13:55:00","slug":"8-kanal-festplatten-dvr-mit-gps-und-3g-4g","status":"publish","type":"product","link":"https:\/\/www.trafficangel.co.uk\/de\/produkt-2\/8-kanal-festplatten-dvr-mit-gps-und-3g-4g\/","title":{"rendered":"8-Kanal-Festplatten-DVR mit GPS und 3G\/4G"},"content":{"rendered":"<p>TrafficAngel <a href=\"https:\/\/www.trafficangel.co.uk\/de\/digital-video-recorders\/\">Digitale Videorekorder<\/a> (DVR) bieten eine zuverl\u00e4ssige und sichere M\u00f6glichkeit, mehrere Kameras rund um Ihre Fahrzeuge aufzuzeichnen. Mit einer breiten Palette von Funktionen bietet unser Angebot Flexibilit\u00e4t, um Aufzeichnungsl\u00f6sungen auf Ihre Anforderungen zuzuschneiden. Unsere DVRs sind f\u00fcr alle Branchen von gro\u00dfem Nutzen, von Flottenbetreibern bis hin zu einmaligen, ma\u00dfgeschneiderten Projekten. Die Sicherheit in der Umgebung von Fahrzeugen ist von gr\u00f6\u00dfter Bedeutung, und alle unsere DVRs, einschlie\u00dflich dieses 8-Kanal-Festplatten-DVRs mit GPS und 3G\/4G, tragen dazu bei, sicherere Fahrpraktiken mit mehr Verantwortlichkeit zu f\u00f6rdern. Aufzeichnungssysteme sparen auch Geld, da sie im Falle von Vorf\u00e4llen eindeutige Beweise aufzeichnen, falsche Versicherungsanspr\u00fcche ausschlie\u00dfen und somit erhebliche Einsparungen bei den Versicherungspr\u00e4mien erm\u00f6glichen. Die Sicherheit, die ein Aufzeichnungssystem bietet, sch\u00fctzt auch Fahrer, Fahrzeuge und Verm\u00f6genswerte und wirkt als Pr\u00e4ventivma\u00dfnahme gegen kriminelle Aktivit\u00e4ten.<\/p>","protected":false},"excerpt":{"rendered":"<p>Ein 8-Kanal-Festplatten-DVR mit GPS und 3G\/4G<\/p>","protected":false},"featured_media":1038,"template":"","meta":{"_acf_changed":false},"product_cat":[19,48],"product_tag":[],"class_list":{"0":"post-1548","1":"product","2":"type-product","3":"status-publish","4":"has-post-thumbnail","6":"product_cat-video-recording-systems","7":"product_cat-dvrs","9":"first","10":"instock","11":"taxable","12":"shipping-taxable","13":"purchasable","14":"product-type-simple"},"acf":[],"_links":{"self":[{"href":"https:\/\/www.trafficangel.co.uk\/de\/wp-json\/wp\/v2\/product\/1548","targetHints":{"allow":["GET"]}}],"collection":[{"href":"https:\/\/www.trafficangel.co.uk\/de\/wp-json\/wp\/v2\/product"}],"about":[{"href":"https:\/\/www.trafficangel.co.uk\/de\/wp-json\/wp\/v2\/types\/product"}],"wp:featuredmedia":[{"embeddable":true,"href":"https:\/\/www.trafficangel.co.uk\/de\/wp-json\/wp\/v2\/media\/1038"}],"wp:attachment":[{"href":"https:\/\/www.trafficangel.co.uk\/de\/wp-json\/wp\/v2\/media?parent=1548"}],"wp:term":[{"taxonomy":"product_cat","embeddable":true,"href":"https:\/\/www.trafficangel.co.uk\/de\/wp-json\/wp\/v2\/product_cat?post=1548"},{"taxonomy":"product_tag","embeddable":true,"href":"https:\/\/www.trafficangel.co.uk\/de\/wp-json\/wp\/v2\/product_tag?post=1548"}],"curies":[{"name":"wp","href":"https:\/\/api.w.org\/{rel}","templated":true}]}}